{"id":664,"date":"2024-11-06T16:33:14","date_gmt":"2024-11-06T15:33:14","guid":{"rendered":"https:\/\/wp.mbm.at\/maquinas-para-la-fabricacion-de-ataudes\/"},"modified":"2024-11-26T15:30:51","modified_gmt":"2024-11-26T14:30:51","slug":"maquinas-para-la-fabricacion-de-ataudes","status":"publish","type":"page","link":"https:\/\/mbm.at\/es\/maquinas-para-la-fabricacion-de-ataudes\/","title":{"rendered":"M\u00e1quinas para la fabricaci\u00f3n de ata\u00fades"},"content":{"rendered":"<div class=\"wpb-content-wrapper\"><p>[vc_row][vc_column][vc_column_text css=\u00bb\u00bb]La precisi\u00f3n con la que trabajan las m\u00e1quinas de <span style=\"color: #40b5ad;\"><strong>mbm<\/strong><\/span> sigue siendo la misma desde el primer hasta el \u00faltimo d\u00eda. Obtendr\u00e1 superficies absolutamente libres de ara\u00f1azos y, gracias al \u00f3ptimo aprovechamiento de la m\u00e1quina, podr\u00e1 ampliar sus capacidades en cualquier momento. Con las m\u00e1quinas programables, el n\u00famero de programas posibles le ofrece una enorme flexibilidad para cambiar en cualquier momento. El cambio de modelo requiere muy poco tiempo de preparaci\u00f3n. Los ajustes de \u00e1ngulo y longitud se realizan autom\u00e1ticamente y los fallos se diagnostican de inmediato.    <\/p>\n<h4>\u00bb M\u00e1quinas para la fabricaci\u00f3n de ata\u00fades<\/h4>\n<ul>\n<li><a href=\"https:\/\/mbm.at\/es\/sierras-doble-de-inglete\/\">Tronzadora doble DAS-E<\/a><\/li>\n<li><a href=\"https:\/\/mbm.at\/es\/sierra-doble-de-inglete-universal-das-u\/\">Sierra doble de inglete \u2013 Universal DAS-U<\/a><\/li>\n<li><a href=\"https:\/\/mbm.at\/es\/lineas-de-produccion\/\">Sierra doble de inglete &#8211; L\u00ednea de fabricaci\u00f3n<\/a><\/li>\n<li><a href=\"https:\/\/mbm.at\/es\/prensas-para-el-montaje-de-ataudes\/\">Prensa para el montaje de ata\u00fades &#8211; forma c\u00f3nico<\/a><\/li>\n<li><a href=\"https:\/\/mbm.at\/es\/prensas-para-el-montaje-de-ataudes\/\">Prensa combinada para el montaje de ata\u00fades &#8211; forma c\u00f3nico<\/a><\/li>\n<li><a href=\"https:\/\/mbm.at\/es\/prensas-para-el-montaje-de-ataudes\/\">Prensa para el montaje de ata\u00fades &#8211; forma trapezoidal<\/a><\/li>\n<li><a href=\"https:\/\/mbm.at\/es\/maquinas-automaticas-para-el-montaje-de-molduras\/\">M\u00e1quina autom\u00e1tica para el montaje de molduras &#8211; Universal<\/a><\/li>\n<li><a href=\"https:\/\/mbm.at\/es\/maquinas-automaticas-para-el-montaje-de-molduras\/\">M\u00e1quina autom\u00e1tica para el montaje de molduras &#8211; para piezas cortas y piezas largas<\/a><\/li>\n<li><a href=\"https:\/\/mbm.at\/es\/maquinas-automaticas-para-el-montaje-de-molduras\/\">M\u00e1quina autom\u00e1tica para el montaje de molduras en T<\/a><\/li>\n<li><a href=\"https:\/\/mbm.at\/es\/maquinas-automaticas-para-el-montaje-de-molduras\/\">M\u00e1quina autom\u00e1tica para el montaje de molduras decorativas<\/a><\/li>\n<li><a href=\"https:\/\/mbm.at\/es\/maquina-para-la-fabricacion-de-zocalos-de-ataudes\/\">M\u00e1quina para la fabricaci\u00f3n de z\u00f3calos de ata\u00fades<\/a><\/li>\n<\/ul>\n<p>&nbsp;<\/p>\n<p>Para consultas puede contactarnos en cualquier momento en el n\u00famero de tel\u00e9fono <b>+43 5572 555800<\/b><br \/>o usar <a href=\"https:\/\/mbm.at\/es\/formulario-de-consulta\/\">el formulario de consultas.<\/a>[\/vc_column_text][\/vc_column][\/vc_row]<\/p>\n<\/div>","protected":false},"excerpt":{"rendered":"<p>[vc_row][vc_column][vc_column_text css=\u00bb\u00bb]La precisi\u00f3n con la que trabajan las m\u00e1quinas de mbm sigue siendo la misma desde el primer hasta el \u00faltimo d\u00eda. Obtendr\u00e1 superficies absolutamente libres de ara\u00f1azos y, gracias al \u00f3ptimo aprovechamiento de la m\u00e1quina, podr\u00e1 ampliar sus capacidades en cualquier momento. Con las m\u00e1quinas programables, el n\u00famero de programas posibles le ofrece una [&hellip;]<\/p>\n","protected":false},"author":2,"featured_media":0,"parent":0,"menu_order":0,"comment_status":"closed","ping_status":"closed","template":"","meta":{"footnotes":""},"class_list":["post-664","page","type-page","status-publish","hentry"],"_links":{"self":[{"href":"https:\/\/mbm.at\/es\/wp-json\/wp\/v2\/pages\/664","targetHints":{"allow":["GET"]}}],"collection":[{"href":"https:\/\/mbm.at\/es\/wp-json\/wp\/v2\/pages"}],"about":[{"href":"https:\/\/mbm.at\/es\/wp-json\/wp\/v2\/types\/page"}],"author":[{"embeddable":true,"href":"https:\/\/mbm.at\/es\/wp-json\/wp\/v2\/users\/2"}],"replies":[{"embeddable":true,"href":"https:\/\/mbm.at\/es\/wp-json\/wp\/v2\/comments?post=664"}],"version-history":[{"count":10,"href":"https:\/\/mbm.at\/es\/wp-json\/wp\/v2\/pages\/664\/revisions"}],"predecessor-version":[{"id":3023,"href":"https:\/\/mbm.at\/es\/wp-json\/wp\/v2\/pages\/664\/revisions\/3023"}],"wp:attachment":[{"href":"https:\/\/mbm.at\/es\/wp-json\/wp\/v2\/media?parent=664"}],"curies":[{"name":"wp","href":"https:\/\/api.w.org\/{rel}","templated":true}]}}