{"id":584,"date":"2024-11-06T16:33:01","date_gmt":"2024-11-06T15:33:01","guid":{"rendered":"https:\/\/wp.mbm.at\/maquinas-automaticas-para-el-montaje-de-molduras\/"},"modified":"2024-12-18T11:23:43","modified_gmt":"2024-12-18T10:23:43","slug":"maquinas-automaticas-para-el-montaje-de-molduras","status":"publish","type":"page","link":"https:\/\/mbm.at\/es\/maquinas-automaticas-para-el-montaje-de-molduras\/","title":{"rendered":"M\u00e1quinas autom\u00e1ticas para el montaje de molduras"},"content":{"rendered":"<div class=\"wpb-content-wrapper\"><p>[vc_row][vc_column][vc_column_text css=\u00bb\u00bb]<\/p>\n<h4>\u00bb M\u00e1quina autom\u00e1tica para el montaje de molduras &#8211; Universal<\/h4>\n<p>Para molduras de rodapi\u00e9 en la caja inferior, cerrado por debajo<br \/> Para molduras en forma de corona y de cord\u00f3n, cerrado por debajo[\/vc_column_text][\/vc_column][\/vc_row][vc_row][vc_column width=\u00bb1\/3&#8243;][vc_single_image image=\u00bb585&#8243; img_size=\u00bb500*500&#8243; alignment=\u00bbcenter\u00bb onclick=\u00bbcustom_link\u00bb css=\u00bb\u00bb link=\u00bbhttps:\/\/mbm.at\/wp-content\/uploads\/2024\/11\/Leistenmontageautomat-1.jpg\u00bb][\/vc_column][vc_column width=\u00bb1\/3&#8243;][vc_single_image image=\u00bb586&#8243; img_size=\u00bb500*500&#8243; alignment=\u00bbcenter\u00bb onclick=\u00bbcustom_link\u00bb css=\u00bb\u00bb link=\u00bbhttps:\/\/mbm.at\/wp-content\/uploads\/2024\/11\/Leistenmontageautomat-2.jpg\u00bb][\/vc_column][vc_column width=\u00bb1\/3&#8243;][vc_single_image image=\u00bb587&#8243; img_size=\u00bb500*500&#8243; alignment=\u00bbcenter\u00bb onclick=\u00bbcustom_link\u00bb css=\u00bb\u00bb link=\u00bbhttps:\/\/mbm.at\/wp-content\/uploads\/2024\/11\/Leistenmontageautomat-3.jpg\u00bb][\/vc_column][\/vc_row][vc_row][vc_column][vc_tta_accordion][vc_tta_section title=\u00bbSus ventajas\u00bb tab_id=\u00bb1730886771547-3dd1db03-4973&#8243;][vc_column_text css=\u00bb\u00bb]- Econom\u00eda directa de costes a trav\u00e9s de optimizaci\u00f3n del tiempo<br \/>&#8211; De aplicaci\u00f3n universal para diferentes tipos de listones<br \/>&#8211; Adaptaci\u00f3n y tensi\u00f3n autom\u00e1tica de la parte del ata\u00fad y de moldura<br \/>&#8211; Tiempo de preparaci\u00f3n m\u00ednimo<br \/>&#8211; Optimizaci\u00f3n del proceso de producci\u00f3n<br \/>&#8211; M\u00e9todo de trabajo racional[\/vc_column_text][\/vc_tta_section][vc_tta_section title=\u00bbRealizaci\u00f3n\u00bb tab_id=\u00bb1730886771547-98b496dc-3673&#8243;][vc_column_text css=\u00bb\u00bb]Como puesto de trabajo individual con alimentaci\u00f3n manual<br \/>Como puesto de trabajo en una l\u00ednea de producci\u00f3n con recorrido autom\u00e1tico[\/vc_column_text][\/vc_tta_section][vc_tta_section title=\u00bbOpciones\u00bb tab_id=\u00bb1730886775199-e2ad915b-25ec\u00bb][vc_column_text css=\u00bb\u00bb]Realizaci\u00f3nes seg\u00fan las especificaciones del cliente[\/vc_column_text][\/vc_tta_section][vc_tta_section title=\u00bbDatos t\u00e9cnicos\u00bb tab_id=\u00bb1730886776792-36c6393e-9a20&#8243;][vc_column_text css=\u00bb\u00bb]<b>Moldura<\/b><br \/>Longitud 480 mm \u2013 2.100 mm<br \/> Anchura 25 mm \u2013 150 mm<br \/> Altura 10 mm \u2013 30 mm<\/p>\n<p><b>Partes del ata\u00fad<\/b><br \/>Longitud 480 mm \u2013 2.100 mm<br \/>Anchura 250 mm \u2013 400 mm<\/p>\n<p><b>Tiempo de cadencia<\/b><br \/>16 \u2013 20 seg. (11 unidades clavador de aire comprimido)[\/vc_column_text][\/vc_tta_section][\/vc_tta_accordion][\/vc_column][\/vc_row][vc_row][vc_column][vc_column_text css=\u00bb\u00bb]<\/p>\n<h3>\u00bb M\u00e1quina autom\u00e1tica para el montaje de molduras<\/h3>\n<p>Para piezas cortas y largas[\/vc_column_text][\/vc_column][\/vc_row][vc_row][vc_column width=\u00bb1\/3&#8243;][vc_single_image image=\u00bb588&#8243; img_size=\u00bb500*500&#8243; alignment=\u00bbcenter\u00bb onclick=\u00bbcustom_link\u00bb css=\u00bb\u00bb link=\u00bbhttps:\/\/mbm.at\/wp-content\/uploads\/2024\/11\/Leistenmontageautomat-4.jpg\u00bb][\/vc_column][vc_column width=\u00bb1\/3&#8243;][vc_single_image image=\u00bb589&#8243; img_size=\u00bb500*500&#8243; alignment=\u00bbcenter\u00bb onclick=\u00bbcustom_link\u00bb css=\u00bb\u00bb link=\u00bbhttps:\/\/mbm.at\/wp-content\/uploads\/2024\/11\/Leistenmontageautomat-5.jpg\u00bb][\/vc_column][vc_column width=\u00bb1\/3&#8243;][vc_single_image image=\u00bb590&#8243; img_size=\u00bb500*500&#8243; alignment=\u00bbcenter\u00bb onclick=\u00bbcustom_link\u00bb css=\u00bb\u00bb link=\u00bbhttps:\/\/mbm.at\/wp-content\/uploads\/2024\/11\/Leistenmontageautomat-6.jpg\u00bb][\/vc_column][\/vc_row][vc_row][vc_column][vc_tta_accordion][vc_tta_section title=\u00bbSus ventajas\u00bb tab_id=\u00bb1730886993752-feb83f8c-a840&#8243;][vc_column_text css=\u00bb\u00bb]- Econom\u00eda directa de costes a trav\u00e9s de optimizaci\u00f3n del tiempo<br \/>&#8211; De aplicaci\u00f3n universal para diferentes tipos de listones<br \/>&#8211; Adaptaci\u00f3n y tensi\u00f3n autom\u00e1tica de la parte del ata\u00fad y de moldura<br \/>&#8211; Tiempo de preparaci\u00f3n m\u00ednimo<br \/>&#8211; Optimizaci\u00f3n del proceso de producci\u00f3n<br \/>&#8211; M\u00e9todo de trabajo racional[\/vc_column_text][\/vc_tta_section][vc_tta_section title=\u00bbRealizaci\u00f3n\u00bb tab_id=\u00bb1730886993752-d7bd1737-0389&#8243;][vc_column_text css=\u00bb\u00bb]Como puesto de trabajo individual con alimentaci\u00f3n manual<br \/>Como puesto de trabajo en una l\u00ednea de producci\u00f3n con recorrido autom\u00e1tico[\/vc_column_text][\/vc_tta_section][vc_tta_section title=\u00bbOpciones\u00bb tab_id=\u00bb1730886995853-354b10e8-f983&#8243;][vc_column_text css=\u00bb\u00bb]Realizaci\u00f3nes seg\u00fan las especificaciones del cliente[\/vc_column_text][\/vc_tta_section][vc_tta_section title=\u00bbDatos t\u00e9cnicos\u00bb tab_id=\u00bb1730886997588-a7cfc0ad-506f\u00bb][vc_column_text css=\u00bb\u00bb]Longitud &#8211; para piezas cortas: 450 &#8211; 650 mm<br \/>Longitud &#8211; para piezas largas: 1.600 &#8211; 2.020 mm<br \/>Anchura: 250 &#8211; 380 mm[\/vc_column_text][\/vc_tta_section][\/vc_tta_accordion][\/vc_column][\/vc_row][vc_row][vc_column][vc_column_text css=\u00bb\u00bb]<\/p>\n<h3>\u00bb M\u00e1quina autom\u00e1tica para el montaje de molduras en T<\/h3>\n<p>Para molduras en forma de T[\/vc_column_text][\/vc_column][\/vc_row][vc_row][vc_column width=\u00bb1\/3&#8243;][vc_single_image image=\u00bb591&#8243; img_size=\u00bb500*500&#8243; alignment=\u00bbcenter\u00bb onclick=\u00bbcustom_link\u00bb css=\u00bb\u00bb link=\u00bbhttps:\/\/mbm.at\/wp-content\/uploads\/2024\/11\/Leistenmontageautomat-7.jpg\u00bb][\/vc_column][vc_column width=\u00bb1\/3&#8243;][vc_single_image image=\u00bb592&#8243; img_size=\u00bb500*500&#8243; alignment=\u00bbcenter\u00bb onclick=\u00bbcustom_link\u00bb css=\u00bb\u00bb link=\u00bbhttps:\/\/mbm.at\/wp-content\/uploads\/2024\/11\/Leistenmontageautomat-8.jpg\u00bb][\/vc_column][vc_column width=\u00bb1\/3&#8243;][vc_single_image image=\u00bb593&#8243; img_size=\u00bb500*500&#8243; alignment=\u00bbcenter\u00bb onclick=\u00bbcustom_link\u00bb css=\u00bb\u00bb link=\u00bbhttps:\/\/mbm.at\/wp-content\/uploads\/2024\/11\/Leistenmontageautomat-9.jpg\u00bb][\/vc_column][\/vc_row][vc_row][vc_column][vc_tta_accordion][vc_tta_section title=\u00bbSus ventajas\u00bb tab_id=\u00bb1730887180886-e1833072-e753&#8243;][vc_column_text css=\u00bb\u00bb]- Econom\u00eda directa de costes a trav\u00e9s de optimizaci\u00f3n del tiempo<br \/>&#8211; Adaptaci\u00f3n y tensi\u00f3n autom\u00e1tica de la parte del ata\u00fad y de moldura<br \/>&#8211; Tiempo de preparaci\u00f3n m\u00ednimo<br \/>&#8211; Optimizaci\u00f3n del proceso de producci\u00f3n<br \/>&#8211; M\u00e9todo de trabajo racional[\/vc_column_text][\/vc_tta_section][vc_tta_section title=\u00bbRealizaci\u00f3n\u00bb tab_id=\u00bb1730887180886-18f677e9-59ec\u00bb][vc_column_text css=\u00bb\u00bb]Como puesto de trabajo individual con alimentaci\u00f3n manual<br \/>Como puesto de trabajo en una l\u00ednea de producci\u00f3n con recorrido autom\u00e1tico[\/vc_column_text][\/vc_tta_section][vc_tta_section title=\u00bbOpciones\u00bb tab_id=\u00bb1730887183276-956595bc-9755&#8243;][vc_column_text css=\u00bb\u00bb]Realizaci\u00f3nes seg\u00fan las especificaciones del cliente[\/vc_column_text][\/vc_tta_section][vc_tta_section title=\u00bbDatos t\u00e9cnicos\u00bb tab_id=\u00bb1730887184804-d3f335fa-bcc3&#8243;][vc_column_text css=\u00bb\u00bb]Longitud &#8211; para piezas cortas: 400 &#8211; 800 mm<br \/>Longitud &#8211; para piezas largas: 1.500 &#8211; 2.100 mm[\/vc_column_text][\/vc_tta_section][\/vc_tta_accordion][\/vc_column][\/vc_row][vc_row][vc_column][vc_column_text css=\u00bb\u00bb]<\/p>\n<h3>\u00bb M\u00e1quina autom\u00e1tica para el montaje de molduras decorativas<\/h3>\n<p>Para molduras decorativas en la caja inferior, aplicadas desde arriba[\/vc_column_text][\/vc_column][\/vc_row][vc_row][vc_column width=\u00bb1\/3&#8243;][vc_single_image image=\u00bb594&#8243; img_size=\u00bb500*500&#8243; alignment=\u00bbcenter\u00bb onclick=\u00bbcustom_link\u00bb css=\u00bb\u00bb link=\u00bbhttps:\/\/mbm.at\/wp-content\/uploads\/2024\/11\/Leistenmontageautomat-10.jpg\u00bb][\/vc_column][vc_column width=\u00bb1\/3&#8243;][vc_single_image image=\u00bb595&#8243; img_size=\u00bb500*500&#8243; alignment=\u00bbcenter\u00bb onclick=\u00bbcustom_link\u00bb css=\u00bb\u00bb link=\u00bbhttps:\/\/mbm.at\/wp-content\/uploads\/2024\/11\/Leistenmontageautomat-11.jpg\u00bb][\/vc_column][vc_column width=\u00bb1\/3&#8243;][vc_single_image image=\u00bb596&#8243; img_size=\u00bb500*500&#8243; alignment=\u00bbcenter\u00bb onclick=\u00bbcustom_link\u00bb css=\u00bb\u00bb link=\u00bbhttps:\/\/mbm.at\/wp-content\/uploads\/2024\/11\/Leistenmontageautomat-12.jpg\u00bb][\/vc_column][\/vc_row][vc_row][vc_column][vc_tta_accordion][vc_tta_section title=\u00bbSus ventajas\u00bb tab_id=\u00bb1730887393716-e34e53fe-d401&#8243;][vc_column_text css=\u00bb\u00bb]- Econom\u00eda directa de costes a trav\u00e9s de optimizaci\u00f3n del tiempo<br \/>&#8211; Adaptaci\u00f3n y tensi\u00f3n autom\u00e1tica de la parte del ata\u00fad y de moldura<br \/>&#8211; Tiempo de preparaci\u00f3n m\u00ednimo<br \/>&#8211; Optimizaci\u00f3n del proceso de producci\u00f3n<br \/>&#8211; M\u00e9todo de trabajo racional[\/vc_column_text][\/vc_tta_section][vc_tta_section title=\u00bbRealizaci\u00f3n\u00bb tab_id=\u00bb1730887393716-6598a33e-32f2&#8243;][vc_column_text css=\u00bb\u00bb]Como puesto de trabajo individual con alimentaci\u00f3n manual<br \/>Como puesto de trabajo en una l\u00ednea de producci\u00f3n con recorrido autom\u00e1tico[\/vc_column_text][\/vc_tta_section][vc_tta_section title=\u00bbOpciones\u00bb tab_id=\u00bb1730887397146-32aa6271-780a\u00bb][vc_column_text css=\u00bb\u00bb]Realizaci\u00f3nes seg\u00fan las especificaciones del cliente[\/vc_column_text][\/vc_tta_section][vc_tta_section title=\u00bbDatos t\u00e9cnicos\u00bb tab_id=\u00bb1730887399321-696c55f5-51f8&#8243;][vc_column_text css=\u00bb\u00bb]Longitud &#8211; piezas laterales: 1.550 &#8211; 2.200 mm<br \/>Longitud &#8211; piezas cabezal o fondo: 250 &#8211; 700 mm<br \/>Anchura de la pieza con 90\u00b0: 50 &#8211; 650 mm<br \/>Altura de la pieza: \u2264 40 mm[\/vc_column_text][\/vc_tta_section][\/vc_tta_accordion][\/vc_column][\/vc_row]<\/p>\n<\/div>","protected":false},"excerpt":{"rendered":"<p>[vc_row][vc_column][vc_column_text css=\u00bb\u00bb] \u00bb M\u00e1quina autom\u00e1tica para el montaje de molduras &#8211; Universal Para molduras de rodapi\u00e9 en la caja inferior, cerrado por debajo Para molduras en forma de corona y de cord\u00f3n, cerrado por debajo[\/vc_column_text][\/vc_column][\/vc_row][vc_row][vc_column width=\u00bb1\/3&#8243;][vc_single_image image=\u00bb585&#8243; img_size=\u00bb500*500&#8243; alignment=\u00bbcenter\u00bb onclick=\u00bbcustom_link\u00bb css=\u00bb\u00bb link=\u00bbhttps:\/\/mbm.at\/wp-content\/uploads\/2024\/11\/Leistenmontageautomat-1.jpg\u00bb][\/vc_column][vc_column width=\u00bb1\/3&#8243;][vc_single_image image=\u00bb586&#8243; img_size=\u00bb500*500&#8243; alignment=\u00bbcenter\u00bb onclick=\u00bbcustom_link\u00bb css=\u00bb\u00bb link=\u00bbhttps:\/\/mbm.at\/wp-content\/uploads\/2024\/11\/Leistenmontageautomat-2.jpg\u00bb][\/vc_column][vc_column width=\u00bb1\/3&#8243;][vc_single_image image=\u00bb587&#8243; img_size=\u00bb500*500&#8243; alignment=\u00bbcenter\u00bb onclick=\u00bbcustom_link\u00bb css=\u00bb\u00bb [&hellip;]<\/p>\n","protected":false},"author":2,"featured_media":0,"parent":0,"menu_order":0,"comment_status":"closed","ping_status":"closed","template":"","meta":{"footnotes":""},"class_list":["post-584","page","type-page","status-publish","hentry"],"_links":{"self":[{"href":"https:\/\/mbm.at\/es\/wp-json\/wp\/v2\/pages\/584","targetHints":{"allow":["GET"]}}],"collection":[{"href":"https:\/\/mbm.at\/es\/wp-json\/wp\/v2\/pages"}],"about":[{"href":"https:\/\/mbm.at\/es\/wp-json\/wp\/v2\/types\/page"}],"author":[{"embeddable":true,"href":"https:\/\/mbm.at\/es\/wp-json\/wp\/v2\/users\/2"}],"replies":[{"embeddable":true,"href":"https:\/\/mbm.at\/es\/wp-json\/wp\/v2\/comments?post=584"}],"version-history":[{"count":16,"href":"https:\/\/mbm.at\/es\/wp-json\/wp\/v2\/pages\/584\/revisions"}],"predecessor-version":[{"id":4309,"href":"https:\/\/mbm.at\/es\/wp-json\/wp\/v2\/pages\/584\/revisions\/4309"}],"wp:attachment":[{"href":"https:\/\/mbm.at\/es\/wp-json\/wp\/v2\/media?parent=584"}],"curies":[{"name":"wp","href":"https:\/\/api.w.org\/{rel}","templated":true}]}}