{"id":569,"date":"2024-11-06T16:32:31","date_gmt":"2024-11-06T15:32:31","guid":{"rendered":"https:\/\/wp.mbm.at\/tecnicas-para-trabajar-la-madera\/"},"modified":"2024-11-19T13:47:45","modified_gmt":"2024-11-19T12:47:45","slug":"tecnicas-para-trabajar-la-madera","status":"publish","type":"page","link":"https:\/\/mbm.at\/es\/tecnicas-para-trabajar-la-madera\/","title":{"rendered":"T\u00e9cnicas para trabajar la madera"},"content":{"rendered":"<div class=\"wpb-content-wrapper\"><p>[vc_row][vc_column][vc_column_text css=\u00bb\u00bb]<b>mbm<\/b> hat sich seit 1978 mit einem qualifizierten Team auf die spezifischen Anforderungen der Wirtschaft spezialisiert.<br \/>\nRasch \u00e4ndernde M\u00e4rkte und Technologien verlangen nach innovativen Verfahrensmodellen f\u00fcr wirtschaftliches Arbeiten.<br \/>\nDie Automatisierung der Produktionsabl\u00e4ufe und einfaches Handling der eingesetzten Sondermaschinen schaffen die Verbindung der heutigen Produktionsanforderungen und der Wettbewerbsf\u00e4higkeit f\u00fcr morgen.<br \/>\nmbm Sondermaschinen entstehen aus kundenspezifischen W\u00fcnschen und Ideen, der Beratung und Konzeption unserer Konstrukteure und durch die professionelle Umsetzung unseres Montageteams.<\/p>\n<h3>\u00bb M\u00e1quinas para la fabricaci\u00f3n de ata\u00fades<\/h3>\n<ul>\n<li><a href=\"https:\/\/mbm.at\/es\/sierras-doble-de-inglete\/\">Sierra doble de inglete &#8211; Universal<\/a><\/li>\n<li><a href=\"https:\/\/mbm.at\/es\/sierras-doble-de-inglete\/\">Sierra doble de inglete &#8211; L\u00ednea de fabricaci\u00f3n<\/a><\/li>\n<li><a href=\"https:\/\/mbm.at\/es\/prensas-para-el-montaje-de-ataudes\/\">Prensa para el montaje de ata\u00fades &#8211; forma c\u00f3nico<\/a><\/li>\n<li><a href=\"https:\/\/mbm.at\/es\/prensas-para-el-montaje-de-ataudes\/\">Prensa combinada para el montaje de ata\u00fades &#8211; forma c\u00f3nico<\/a><\/li>\n<li><a href=\"https:\/\/mbm.at\/es\/prensas-para-el-montaje-de-ataudes\/\">Prensa para el montaje de ata\u00fades &#8211; forma trapezoidal<\/a><\/li>\n<li><a href=\"https:\/\/mbm.at\/es\/maquinas-automaticas-para-el-montaje-de-molduras\/\">M\u00e1quina autom\u00e1tica para el montaje de molduras &#8211; Universal<\/a><\/li>\n<li><a href=\"https:\/\/mbm.at\/es\/maquinas-automaticas-para-el-montaje-de-molduras\/\">M\u00e1quina autom\u00e1tica para el montaje de molduras &#8211; para piezas cortas y piezas largas<\/a><\/li>\n<li><a href=\"https:\/\/mbm.at\/es\/maquinas-automaticas-para-el-montaje-de-molduras\/\">M\u00e1quina autom\u00e1tica para el montaje de molduras en T<\/a><\/li>\n<li><a href=\"https:\/\/mbm.at\/es\/maquinas-automaticas-para-el-montaje-de-molduras\/\">M\u00e1quina autom\u00e1tica para el montaje de molduras decorativas<\/a><\/li>\n<li><a href=\"https:\/\/mbm.at\/es\/maquina-para-la-fabricacion-de-zocalos-de-ataudes\/\">M\u00e1quina para la fabricaci\u00f3n de z\u00f3calos de ata\u00fades<\/a><\/li>\n<\/ul>\n<h3>\u00bb M\u00e1quinas especiales<\/h3>\n<ul>\n<li><a href=\"https:\/\/mbm.at\/es\/sierra-de-corte-de-planchas\/\">Sierra de corte de planchas<\/a><\/li>\n<li><a href=\"https:\/\/mbm.at\/es\/fresa-para-colas-de-milano\/\">Fresa para colas de milano<\/a><\/li>\n<li><a href=\"https:\/\/mbm.at\/es\/maquinas-especiales-2\/\">Sistema de aserrado-fresado-taladrado<\/a><\/li>\n<li><a href=\"https:\/\/mbm.at\/es\/maquinas-especiales-2\/\">M\u00e1quina autom\u00e1tica para maderas escuadradas<\/a><\/li>\n<li><a href=\"https:\/\/mbm.at\/es\/maquinas-especiales-2\/\">Estaci\u00f3n de taladrado<\/a><\/li>\n<li><a href=\"https:\/\/mbm.at\/es\/maquinas-especiales-2\/\">Sierra de alta velocidad<\/a><a href=\"https:\/\/mbm.at\/de-at\/holzbearbeitungstechnik\/sondermaschinen\/mehr\/index.htm#schnelll%C3%A4ufers%C3%A4ge\"><br \/>\n<\/a><\/li>\n<\/ul>\n<p>&nbsp;<\/p>\n<p>Para consultas puede contactarnos en cualquier momento en el n\u00famero de tel\u00e9fono <b>+43 5572 555800<\/b><br \/>\no usar <a href=\"https:\/\/mbm.at\/es\/formulario-de-consulta\/\">el formulario de consultas.<\/a>[\/vc_column_text][\/vc_column][\/vc_row]<\/p>\n<\/div>","protected":false},"excerpt":{"rendered":"<p>[vc_row][vc_column][vc_column_text css=\u00bb\u00bb]mbm hat sich seit 1978 mit einem qualifizierten Team auf die spezifischen Anforderungen der Wirtschaft spezialisiert. Rasch \u00e4ndernde M\u00e4rkte und Technologien verlangen nach innovativen Verfahrensmodellen f\u00fcr wirtschaftliches Arbeiten. Die Automatisierung der Produktionsabl\u00e4ufe und einfaches Handling der eingesetzten Sondermaschinen schaffen die Verbindung der heutigen Produktionsanforderungen und der Wettbewerbsf\u00e4higkeit f\u00fcr morgen. mbm Sondermaschinen entstehen aus kundenspezifischen [&hellip;]<\/p>\n","protected":false},"author":2,"featured_media":0,"parent":0,"menu_order":0,"comment_status":"closed","ping_status":"closed","template":"","meta":{"footnotes":""},"class_list":["post-569","page","type-page","status-publish","hentry"],"_links":{"self":[{"href":"https:\/\/mbm.at\/es\/wp-json\/wp\/v2\/pages\/569","targetHints":{"allow":["GET"]}}],"collection":[{"href":"https:\/\/mbm.at\/es\/wp-json\/wp\/v2\/pages"}],"about":[{"href":"https:\/\/mbm.at\/es\/wp-json\/wp\/v2\/types\/page"}],"author":[{"embeddable":true,"href":"https:\/\/mbm.at\/es\/wp-json\/wp\/v2\/users\/2"}],"replies":[{"embeddable":true,"href":"https:\/\/mbm.at\/es\/wp-json\/wp\/v2\/comments?post=569"}],"version-history":[{"count":8,"href":"https:\/\/mbm.at\/es\/wp-json\/wp\/v2\/pages\/569\/revisions"}],"predecessor-version":[{"id":2148,"href":"https:\/\/mbm.at\/es\/wp-json\/wp\/v2\/pages\/569\/revisions\/2148"}],"wp:attachment":[{"href":"https:\/\/mbm.at\/es\/wp-json\/wp\/v2\/media?parent=569"}],"curies":[{"name":"wp","href":"https:\/\/api.w.org\/{rel}","templated":true}]}}