{"id":5559,"date":"2025-02-13T10:15:11","date_gmt":"2025-02-13T09:15:11","guid":{"rendered":"https:\/\/mbm.at\/maquina-para-madera-escuadrada-kha\/"},"modified":"2025-02-21T09:56:42","modified_gmt":"2025-02-21T08:56:42","slug":"maquina-para-madera-escuadrada-kha","status":"publish","type":"page","link":"https:\/\/mbm.at\/es\/maquina-para-madera-escuadrada-kha\/","title":{"rendered":"M\u00e1quina para madera escuadrada KHA"},"content":{"rendered":"<div class=\"wpb-content-wrapper\"><p>[vc_row equal_height=\u00bbyes\u00bb content_placement=\u00bbmiddle\u00bb][vc_column][vc_column_text css=\u00bb\u00bb]La m\u00e1quina para madera escuadrada KHA se ha desarrollado especialmente para la producci\u00f3n de madera escuadrada y tableros escuadrados. Procesa listones, por ejemplo de tablas residuales o tablas con defectos superficiales, que se producen durante la producci\u00f3n de tableros OSB, OSL, LVL, aglomerados o MDF. Estos listones se unen de forma totalmente autom\u00e1tica en la KHA para formar madera escuadrada.[\/vc_column_text][vc_images_carousel images=\u00bb5569,5577,5585&#8243; img_size=\u00bbfull\u00bb css=\u00bb\u00bb][\/vc_column][\/vc_row][vc_row][vc_column][vc_tta_accordion][vc_tta_section title=\u00bbSus ventajas\u00bb tab_id=\u00bb1740125723747-020591a2-50ec\u00bb][vc_single_image image=\u00bb5811&#8243; img_size=\u00bb200*200&#8243; alignment=\u00bbcenter\u00bb onclick=\u00bbcustom_link\u00bb css=\u00bb\u00bb link=\u00bbhttps:\/\/mbm.at\/wp-content\/uploads\/2025\/02\/KHA4gross-scaled.jpg\u00bb][vc_column_text css=\u00bb\u00bb]<\/p>\n<ul>\n<li>Aproveche al m\u00e1ximo sus residuos de madera y produzca madera escuadrada de alta calidad o madera de almacenamiento estable para sus necesidades de transporte y almacenamiento.<\/li>\n<li>Produzca madera escuadrada y maderas escuadradas de forma flexible seg\u00fan sus necesidades en varios tama\u00f1os y longitudes de acuerdo con sus requisitos de producci\u00f3n.<\/li>\n<li>El KHA ofrece una soluci\u00f3n sostenible para la transformaci\u00f3n de la madera, conserva los recursos y aumenta la eficiencia<\/li>\n<li>Procese diversos materiales como tableros OSB, OSL, LVL, aglomerados o MDF con el KHA de <strong><span style=\"color: #40b5ad;\">mbm<\/span><\/strong> <\/li>\n<li>El procesamiento autom\u00e1tico garantiza una madera escuadrada de gran precisi\u00f3n y calidad constante<\/li>\n<li>El KHA automatiza todo el proceso de fabricaci\u00f3n, aumenta la velocidad de producci\u00f3n y reduce la cantidad de trabajo manual necesario<\/li>\n<\/ul>\n<p>[\/vc_column_text][\/vc_tta_section][vc_tta_section title=\u00bb\u00c1mbitos de aplicaci\u00f3n\u00bb tab_id=\u00bb1740125732654-211e2e44-e2dc\u00bb][vc_single_image image=\u00bb5803&#8243; img_size=\u00bb200*200&#8243; alignment=\u00bbcenter\u00bb onclick=\u00bbcustom_link\u00bb css=\u00bb\u00bb link=\u00bbhttps:\/\/mbm.at\/wp-content\/uploads\/2025\/02\/KHA5gross-scaled.jpg\u00bb][vc_column_text css=\u00bb\u00bb]<\/p>\n<ul>\n<li><strong>Producci\u00f3n de muebles:<\/strong> Al transformar los restos de madera en materiales de alta calidad, los fabricantes de muebles pueden trabajar de forma rentable y sostenible<\/li>\n<li><strong>Industria del embalaje:<\/strong> las vigas de madera y las vigas separadoras son ideales para embalar y transportar mercanc\u00edas de forma segura<\/li>\n<li><strong>Empresas de almacenamiento y log\u00edstica:<\/strong> Las maderas de almacenamiento y las maderas distanciadoras son esenciales para el almacenamiento y el transporte de mercanc\u00edas<\/li>\n<li><strong>Reciclaje y gesti\u00f3n de residuos:<\/strong> El KHA ayuda a reducir los residuos de madera utilizando eficazmente los recortes. Esto es especialmente \u00fatil para las empresas que producen grandes cantidades de residuos de madera y quieren utilizarlos de forma sostenible. <\/li>\n<\/ul>\n<p>[\/vc_column_text][\/vc_tta_section][vc_tta_section title=\u00bbRealizaci\u00f3n\u00bb tab_id=\u00bb1740125735526-d89b8afa-85ce\u00bb][vc_single_image image=\u00bb5795&#8243; img_size=\u00bb200*200&#8243; alignment=\u00bbcenter\u00bb onclick=\u00bbcustom_link\u00bb css=\u00bb\u00bb link=\u00bbhttps:\/\/mbm.at\/wp-content\/uploads\/2025\/02\/KHA8gross_Option-2-Schwenkarm-fur-Kantholzzufuhrung-direkt-in-den-Zufuhrschacht-einer-Umrreifungsmaschine-14.101.png\u00bb][vc_column_text css=\u00bb\u00bb]<\/p>\n<ul>\n<li><strong>M\u00e1quina b\u00e1sica KHA:<\/strong> Equipada con sierra de corte con estaci\u00f3n de encolado, estaci\u00f3n de prensado y salida.<\/li>\n<li><strong>KHA con unidad de ranurado:<\/strong> Para ranuras adecuadas en madera escuadrada o de entramado para su posterior flejado con fleje de acero o pl\u00e1stico.<\/li>\n<li><strong>KHA en dise\u00f1o personalizado:<\/strong> se pueden ofrecer estaciones de carga y dep\u00f3sito adecuadas y adaptarlas a los procesos de producci\u00f3n existentes<\/li>\n<li><strong>KHA con conexi\u00f3n para flejado autom\u00e1tico:<\/strong> Para los sistemas de envasado autom\u00e1tico, el KHA puede combinarse con el flejado autom\u00e1tico mediante pinzas y tecnolog\u00eda de transporte<\/li>\n<\/ul>\n<p>[\/vc_column_text][\/vc_tta_section][vc_tta_section title=\u00bbOpciones\u00bb tab_id=\u00bb1740125739581-67958df0-3c0f\u00bb][vc_single_image image=\u00bb5787&#8243; img_size=\u00bb200*200&#8243; alignment=\u00bbcenter\u00bb onclick=\u00bbcustom_link\u00bb css=\u00bb\u00bb link=\u00bbhttps:\/\/mbm.at\/wp-content\/uploads\/2025\/02\/KHA9gross_18.105.10.00.0_Schwenkarm.jpg\u00bb][vc_column_text css=\u00bb\u00bb]<\/p>\n<ul>\n<li><strong>Alimentaci\u00f3n de tolvas de almacenamiento:<\/strong> Con manipulaci\u00f3n de entrada y medici\u00f3n de moldeado<\/li>\n<li><strong>Alimentaci\u00f3n con transportador de cadena:<\/strong> Incluye dispositivo de empuje lateral<\/li>\n<li>Alimentaci\u00f3n por capas: con transportador de rodillos directamente desde la sierra<\/li>\n<li><strong>Alimentaci\u00f3n con transportador de rodillos:<\/strong> hasta 6 m de longitud, para tiras individuales<\/li>\n<li><strong>Rodillo planchador:<\/strong> Para la separaci\u00f3n de paquetes de tiras<\/li>\n<li><strong>Salida con brazo giratorio<\/strong><\/li>\n<li><strong>Estaci\u00f3n de recuperaci\u00f3n de madera escuadrada de salida:<\/strong> con p\u00f3rtico o robot<\/li>\n<li><strong>Plataforma de control IoT:<\/strong> Para la supervisi\u00f3n y adquisici\u00f3n de datos de producci\u00f3n y la conexi\u00f3n en red con sistemas anteriores o posteriores. M\u00e1s informaci\u00f3n en: <a href=\"https:\/\/www.digifai.com\/de\/control\/\" target=\"_blank\" rel=\"noopener\">control- digifai.<\/a> <\/li>\n<\/ul>\n<p>[\/vc_column_text][\/vc_tta_section][vc_tta_section title=\u00bbDatos t\u00e9cnicos\u00bb tab_id=\u00bb1740125742829-0c49203b-c726&#8243;][vc_single_image image=\u00bb5875&#8243; img_size=\u00bb200*200&#8243; alignment=\u00bbcenter\u00bb onclick=\u00bbcustom_link\u00bb css=\u00bb\u00bb link=\u00bbhttps:\/\/mbm.at\/wp-content\/uploads\/2025\/02\/Kantholzautomat-KHA3.png\u00bb][vc_column_text css=\u00bb\u00bb]<\/p>\n<ul>\n<li>Longitud de lama materia prima 2000mm-5900mm<\/li>\n<li>Alturas de moldura 8mm &#8211; 50mm<\/li>\n<li>Ancho de lama 70 mm &#8211; 100 mm<\/li>\n<li>Piezas prefabricadas madera escuadrada longitud 200mm &#8211; 2200mm<\/li>\n<li>Piezas prefabricadas madera escuadrada altura 8mm &#8211; 120mm<\/li>\n<li>Precisi\u00f3n de corte +\/- 1,0 mm<\/li>\n<li>Tiempo de ciclo: 18 s para 5 tiras de 1250 mm de longitud<\/li>\n<li>Material de moldura: OSB, OSL, LVL, aglomerado o MDF<\/li>\n<li>Pila de molduras\n<ul>\n<li>Pila m\u00e1xima LxAxA 5900mmx1000mmx800mm<\/li>\n<li>Pila m\u00ednima = una sola barra<\/li>\n<\/ul>\n<\/li>\n<li>Mesa de transferencia para apilar madera escuadrada preparada para la retirada manual<\/li>\n<li>Ejemplo de salida con portal\n<ul>\n<li>P\u00f3rtico de dos ejes<\/li>\n<li>Recogida de la capa de madera escuadrada con una pinza de vac\u00edo<\/li>\n<li>Eje X mediante carro de transferencia transversal<\/li>\n<li>Eje Z mediante m\u00e1stil de elevaci\u00f3n<\/li>\n<li>Posibilidad de hasta cuatro espacios para pal\u00e9s<\/li>\n<li>Altura de apilado 1200 mm<\/li>\n<li>Anchura de apilado 800 mm<\/li>\n<\/ul>\n<\/li>\n<\/ul>\n<p>[\/vc_column_text][\/vc_tta_section][vc_tta_section title=\u00bbSistema de control\u00bb tab_id=\u00bb1740125758373-69fce1ea-e35a\u00bb][vc_single_image image=\u00bb5743&#8243; img_size=\u00bb200*200&#8243; alignment=\u00bbcenter\u00bb onclick=\u00bbcustom_link\u00bb css=\u00bb\u00bb link=\u00bbhttps:\/\/mbm.at\/wp-content\/uploads\/2025\/02\/KHA6gross-scaled.jpg\u00bb][vc_column_text css=\u00bb\u00bb]<\/p>\n<ul>\n<li>Armario de control principal montado directamente en el sistema<\/li>\n<li>Siemens como marca l\u00edder en componentes el\u00e9ctricos y electr\u00f3nicos con un sistema de control centralizado TIA-PLC (versi\u00f3n segura) para el control de sistemas, secuencias y seguridad<\/li>\n<li>Refrigeraci\u00f3n del recinto mediante unidad de aire acondicionado o intercambiador de calor agua\/aire<\/li>\n<li>Centro de control HMI con pantalla t\u00e1ctil de 12 pulgadas integrada directamente en el armario el\u00e9ctrico<\/li>\n<li>Estaciones de mando para la gesti\u00f3n de art\u00edculos, la gesti\u00f3n de par\u00e1metros, el funcionamiento manual, la gesti\u00f3n de alarmas y el funcionamiento<\/li>\n<li>Opcional: transferencia autom\u00e1tica de datos desde sistemas superiores<\/li>\n<\/ul>\n<p>[\/vc_column_text][\/vc_tta_section][vc_tta_section title=\u00bbDatos de la m\u00e1quina\u00bb tab_id=\u00bb1740125761933-b2b607a0-2992&#8243;][vc_single_image image=\u00bb5752&#8243; img_size=\u00bb200*200&#8243; alignment=\u00bbcenter\u00bb onclick=\u00bbcustom_link\u00bb css=\u00bb\u00bb link=\u00bbhttps:\/\/mbm.at\/wp-content\/uploads\/2025\/02\/Kantholzautomat-KHA2.png\u00bb][vc_column_text css=\u00bb\u00bb]<\/p>\n<ul>\n<li><strong>Unidad de serrado<\/strong>\n<ul>\n<li>Elevable neum\u00e1ticamente<\/li>\n<li>Motor as\u00edncrono trif\u00e1sico Potencia 2,2 kW, 4500 rpm a 100 Hz<\/li>\n<li>Di\u00e1metro de la hoja de sierra 300 mm<\/li>\n<li>Conexi\u00f3n para aspiraci\u00f3n D80mm<\/li>\n<li>Cilindro de sujeci\u00f3n delante de la unidad de serrado<\/li>\n<\/ul>\n<\/li>\n<li><strong>Opci\u00f3n unidad de ranurado<\/strong>\n<ul>\n<li>con balanc\u00edn giratorio, elevable neum\u00e1ticamente<\/li>\n<li>Ancho de ranura 20 mm, profundidad de ranura 3 mm,<\/li>\n<li>Potencia 2,2 kW, 2800 rpm.<\/li>\n<li>con rodillos de presi\u00f3n superiores, se puede subir y bajar neum\u00e1ticamente <\/li>\n<li>Conexi\u00f3n para aspiraci\u00f3n D80mm<\/li>\n<\/ul>\n<\/li>\n<li><strong>Estaci\u00f3n de encolado<\/strong>\n<ul>\n<li>Adhesivo termofusible<\/li>\n<li>Sistema de contrato, potencia 4 kW<\/li>\n<li>con cabezal de aplicaci\u00f3n, controlado electroneum\u00e1ticamente<\/li>\n<\/ul>\n<\/li>\n<\/ul>\n<p>[\/vc_column_text][\/vc_tta_section][\/vc_tta_accordion][\/vc_column][\/vc_row]<\/p>\n<\/div>","protected":false},"excerpt":{"rendered":"<p>[vc_row equal_height=\u00bbyes\u00bb content_placement=\u00bbmiddle\u00bb][vc_column][vc_column_text css=\u00bb\u00bb]La m\u00e1quina para madera escuadrada KHA se ha desarrollado especialmente para la producci\u00f3n de madera escuadrada y tableros escuadrados. Procesa listones, por ejemplo de tablas residuales o tablas con defectos superficiales, que se producen durante la producci\u00f3n de tableros OSB, OSL, LVL, aglomerados o MDF. Estos listones se unen de forma totalmente [&hellip;]<\/p>\n","protected":false},"author":2,"featured_media":0,"parent":0,"menu_order":0,"comment_status":"closed","ping_status":"closed","template":"","meta":{"footnotes":""},"class_list":["post-5559","page","type-page","status-publish","hentry"],"_links":{"self":[{"href":"https:\/\/mbm.at\/es\/wp-json\/wp\/v2\/pages\/5559","targetHints":{"allow":["GET"]}}],"collection":[{"href":"https:\/\/mbm.at\/es\/wp-json\/wp\/v2\/pages"}],"about":[{"href":"https:\/\/mbm.at\/es\/wp-json\/wp\/v2\/types\/page"}],"author":[{"embeddable":true,"href":"https:\/\/mbm.at\/es\/wp-json\/wp\/v2\/users\/2"}],"replies":[{"embeddable":true,"href":"https:\/\/mbm.at\/es\/wp-json\/wp\/v2\/comments?post=5559"}],"version-history":[{"count":12,"href":"https:\/\/mbm.at\/es\/wp-json\/wp\/v2\/pages\/5559\/revisions"}],"predecessor-version":[{"id":5906,"href":"https:\/\/mbm.at\/es\/wp-json\/wp\/v2\/pages\/5559\/revisions\/5906"}],"wp:attachment":[{"href":"https:\/\/mbm.at\/es\/wp-json\/wp\/v2\/media?parent=5559"}],"curies":[{"name":"wp","href":"https:\/\/api.w.org\/{rel}","templated":true}]}}