{"id":5458,"date":"2025-02-13T10:13:20","date_gmt":"2025-02-13T09:13:20","guid":{"rendered":"https:\/\/mbm.at\/estacion-de-perforacion-para-das-fl\/"},"modified":"2025-02-21T07:57:27","modified_gmt":"2025-02-21T06:57:27","slug":"estacion-de-perforacion-para-das-fl","status":"publish","type":"page","link":"https:\/\/mbm.at\/es\/estacion-de-perforacion-para-das-fl\/","title":{"rendered":"Estaci\u00f3n de perforaci\u00f3n para DAS-FL"},"content":{"rendered":"<div class=\"wpb-content-wrapper\"><p>[vc_row][vc_column][vc_images_carousel images=\u00bb5663,5655,5647,5639&#8243; img_size=\u00bbfull\u00bb css=\u00bb\u00bb][\/vc_column][\/vc_row][vc_row][vc_column][vc_tta_accordion][vc_tta_section title=\u00bbSus ventajas\u00bb tab_id=\u00bb1739431384756-268a3dc5-a8f9&#8243;][vc_single_image image=\u00bb5361&#8243; img_size=\u00bb200*200&#8243; alignment=\u00bbcenter\u00bb onclick=\u00bbcustom_link\u00bb css=\u00bb\u00bb link=\u00bbhttps:\/\/mbm.at\/wp-content\/uploads\/2025\/02\/bohrstation-wendel.jpg\u00bb][vc_column_text css=\u00bb\u00bb]<\/p>\n<ul>\n<li><strong>Conectable al DAS-FL: <\/strong>A\u00f1ada una estaci\u00f3n de perforaci\u00f3n autom\u00e1tica al DAS-FL<\/li>\n<li><strong>Mayor productividad: <\/strong>las estaciones de perforaci\u00f3n autom\u00e1ticas pueden trabajar de forma continua, sin pausas, lo que aumenta significativamente la tasa de producci\u00f3n.<\/li>\n<li><strong>Precisi\u00f3n y repetibilidad: <\/strong>Estas m\u00e1quinas ofrecen una gran precisi\u00f3n y consistencia en cada operaci\u00f3n de taladrado, lo que mejora la calidad de los productos finales.<\/li>\n<li><strong>Rentabilidad: <\/strong>la automatizaci\u00f3n reduce los costes de mano de obra y aumenta la eficacia, ya que se requiere menos intervenci\u00f3n manual<\/li>\n<li><strong>Flexibilidad:<\/strong> las estaciones de taladrado autom\u00e1tico pueden adaptarse f\u00e1cilmente a diferentes requisitos de taladrado, incluido el procesamiento de diferentes materiales y geometr\u00edas<\/li>\n<li><strong>Seguridad:<\/strong> las estaciones de perforaci\u00f3n automatizadas reducen el riesgo de accidentes laborales al requerir menos intervenci\u00f3n humana<\/li>\n<\/ul>\n<p>[\/vc_column_text][\/vc_tta_section][vc_tta_section title=\u00bb\u00c1mbitos de aplicaci\u00f3n\u00bb tab_id=\u00bb1739431384757-33359260-8ac3&#8243;][vc_single_image image=\u00bb5734&#8243; img_size=\u00bb200*200&#8243; alignment=\u00bbcenter\u00bb onclick=\u00bbcustom_link\u00bb css=\u00bb\u00bb link=\u00bbhttps:\/\/mbm.at\/wp-content\/uploads\/2025\/02\/20250121_103920-scaled.jpg\u00bb][vc_column_text css=\u00bb\u00bb]<\/p>\n<ul>\n<li><strong>Producci\u00f3n de ata\u00fades:<\/strong>\n<ul>\n<li>Creaci\u00f3n de orificios para asas<\/li>\n<li>Creaci\u00f3n de orificios de sellado<\/li>\n<li>Creaci\u00f3n de perforaciones de nudos<\/li>\n<\/ul>\n<\/li>\n<\/ul>\n<p>[\/vc_column_text][\/vc_tta_section][vc_tta_section title=\u00bbRealizaci\u00f3n\u00bb tab_id=\u00bb1740038908552-3559feea-dc0b\u00bb][vc_single_image image=\u00bb5377&#8243; img_size=\u00bb200*200&#8243; alignment=\u00bbcenter\u00bb onclick=\u00bbcustom_link\u00bb css=\u00bb\u00bb link=\u00bbhttps:\/\/mbm.at\/wp-content\/uploads\/2025\/02\/IMG_2052.jpg\u00bb][vc_column_text css=\u00bb\u00bb]<\/p>\n<ul>\n<li>Estaci\u00f3n de perforaci\u00f3n en la l\u00ednea de producci\u00f3n DAS-FL<\/li>\n<li>Estaci\u00f3n de taladrado como m\u00e1quina aut\u00f3noma<\/li>\n<li>Estaci\u00f3n de perforaci\u00f3n para taladrar agujeros de nudo<\/li>\n<\/ul>\n<p>[\/vc_column_text][\/vc_tta_section][vc_tta_section title=\u00bbOpciones\u00bb tab_id=\u00bb1740038911672-afecc4b4-a542&#8243;][vc_single_image image=\u00bb5255&#8243; img_size=\u00bb200*200&#8243; alignment=\u00bbcenter\u00bb onclick=\u00bbcustom_link\u00bb css=\u00bb\u00bb link=\u00bbhttps:\/\/mbm.at\/wp-content\/uploads\/2025\/02\/bohr1.png\u00bb][vc_column_text css=\u00bb\u00bb]<\/p>\n<ul>\n<li>Perforaci\u00f3n con varias unidades simult\u00e1neamente<\/li>\n<li>Taladrado con varios ejes<\/li>\n<li>Perforaci\u00f3n con distancia de perforaci\u00f3n flexible<\/li>\n<\/ul>\n<p>[\/vc_column_text][\/vc_tta_section][vc_tta_section title=\u00bbDatos t\u00e9cnicos\u00bb tab_id=\u00bb1740038913920-7650123a-a710&#8243;][vc_column_text css=\u00bb\u00bb]<\/p>\n<ul>\n<li>Taladros individuales de ajuste el\u00e9ctrico para los orificios de fijaci\u00f3n<\/li>\n<li>Ejes de desplazamiento lineal para direcci\u00f3n X, Y, Z<\/li>\n<li>Fijaci\u00f3n de las piezas con cilindros de sujeci\u00f3n<\/li>\n<li>Tiempo de ciclo dise\u00f1ado para el ciclo DAS-FL y la perforaci\u00f3n simult\u00e1nea de hasta 6 orificios<\/li>\n<li>Carrera de la broca = 80 mm, con portabrocas reductor para di\u00e1metro de v\u00e1stago de broca de 10 mm.<\/li>\n<\/ul>\n<p>[\/vc_column_text][\/vc_tta_section][vc_tta_section title=\u00bbSistema de control\u00bb tab_id=\u00bb1740038915216-6be24bbf-05a8&#8243;][vc_single_image image=\u00bb5743&#8243; img_size=\u00bb200*200&#8243; alignment=\u00bbcenter\u00bb onclick=\u00bbcustom_link\u00bb css=\u00bb\u00bb link=\u00bbhttps:\/\/mbm.at\/wp-content\/uploads\/2025\/02\/KHA6gross-scaled.jpg\u00bb][vc_column_text css=\u00bb\u00bb]<\/p>\n<ul>\n<li>Siemens como marca l\u00edder en componentes el\u00e9ctricos y electr\u00f3nicos con un sistema de control centralizado TIA-PLC (versi\u00f3n segura) para el control de sistemas, secuencias y seguridad<\/li>\n<li>Gesti\u00f3n de par\u00e1metros, modo manual, gesti\u00f3n de alarmas, registro de datos<\/li>\n<li>Panel de control HMI con pantalla t\u00e1ctil<\/li>\n<li>Creaci\u00f3n sencilla de programas con el configurador de ata\u00fades<\/li>\n<li>Diagn\u00f3stico de aver\u00edas<\/li>\n<li>Correcci\u00f3n de la longitud y la altura de la ranura para diferentes grosores de madera<\/li>\n<li>Cortar diferentes programas de una pieza de madera<\/li>\n<li>Opciones de control\n<ul>\n<li>Interfaz para la transferencia autom\u00e1tica de datos de producci\u00f3n<\/li>\n<li>Soluciones de telediagn\u00f3stico y telemantenimiento<\/li>\n<li>Control de plataforma IoT: para la supervisi\u00f3n y adquisici\u00f3n de datos de producci\u00f3n y la conexi\u00f3n en red con sistemas aguas arriba o aguas abajo. M\u00e1s informaci\u00f3n en: <a href=\"https:\/\/www.digifai.com\/de\/control\/\" target=\"_blank\" rel=\"noopener\">control &#8211; digifai<\/a> <\/li>\n<\/ul>\n<\/li>\n<\/ul>\n<p>[\/vc_column_text][\/vc_tta_section][vc_tta_section title=\u00bbDatos de la m\u00e1quina\u00bb tab_id=\u00bb1740038916567-704225a7-f58c\u00bb][vc_single_image image=\u00bb5752&#8243; img_size=\u00bb200*200&#8243; alignment=\u00bbcenter\u00bb onclick=\u00bbcustom_link\u00bb css=\u00bb\u00bb link=\u00bbhttps:\/\/mbm.at\/wp-content\/uploads\/2025\/02\/Kantholzautomat-KHA2.png\u00bb][vc_column_text css=\u00bb\u00bb]<\/p>\n<ul>\n<li>Robusto dise\u00f1o soldado<\/li>\n<li>Equipo de perforaci\u00f3n: 0,75 kW, 2.675 rpm<\/li>\n<li>Hasta 12 equipos de perforaci\u00f3n<\/li>\n<li>Espacio necesario\n<ul>\n<li>Longitud de instalaci\u00f3n aprox. 3.500 mm, anchura 2.000 mm<\/li>\n<\/ul>\n<\/li>\n<\/ul>\n<p>[\/vc_column_text][\/vc_tta_section][\/vc_tta_accordion][\/vc_column][\/vc_row]<\/p>\n<\/div>","protected":false},"excerpt":{"rendered":"<p>[vc_row][vc_column][vc_images_carousel images=\u00bb5663,5655,5647,5639&#8243; img_size=\u00bbfull\u00bb css=\u00bb\u00bb][\/vc_column][\/vc_row][vc_row][vc_column][vc_tta_accordion][vc_tta_section title=\u00bbSus ventajas\u00bb tab_id=\u00bb1739431384756-268a3dc5-a8f9&#8243;][vc_single_image image=\u00bb5361&#8243; img_size=\u00bb200*200&#8243; alignment=\u00bbcenter\u00bb onclick=\u00bbcustom_link\u00bb css=\u00bb\u00bb link=\u00bbhttps:\/\/mbm.at\/wp-content\/uploads\/2025\/02\/bohrstation-wendel.jpg\u00bb][vc_column_text css=\u00bb\u00bb] Conectable al DAS-FL: A\u00f1ada una estaci\u00f3n de perforaci\u00f3n autom\u00e1tica al DAS-FL Mayor productividad: las estaciones de perforaci\u00f3n autom\u00e1ticas pueden trabajar de forma continua, sin pausas, lo que aumenta significativamente la tasa de producci\u00f3n. Precisi\u00f3n y repetibilidad: Estas m\u00e1quinas ofrecen una gran [&hellip;]<\/p>\n","protected":false},"author":2,"featured_media":0,"parent":0,"menu_order":0,"comment_status":"closed","ping_status":"closed","template":"","meta":{"footnotes":""},"class_list":["post-5458","page","type-page","status-publish","hentry"],"_links":{"self":[{"href":"https:\/\/mbm.at\/es\/wp-json\/wp\/v2\/pages\/5458","targetHints":{"allow":["GET"]}}],"collection":[{"href":"https:\/\/mbm.at\/es\/wp-json\/wp\/v2\/pages"}],"about":[{"href":"https:\/\/mbm.at\/es\/wp-json\/wp\/v2\/types\/page"}],"author":[{"embeddable":true,"href":"https:\/\/mbm.at\/es\/wp-json\/wp\/v2\/users\/2"}],"replies":[{"embeddable":true,"href":"https:\/\/mbm.at\/es\/wp-json\/wp\/v2\/comments?post=5458"}],"version-history":[{"count":8,"href":"https:\/\/mbm.at\/es\/wp-json\/wp\/v2\/pages\/5458\/revisions"}],"predecessor-version":[{"id":5842,"href":"https:\/\/mbm.at\/es\/wp-json\/wp\/v2\/pages\/5458\/revisions\/5842"}],"wp:attachment":[{"href":"https:\/\/mbm.at\/es\/wp-json\/wp\/v2\/media?parent=5458"}],"curies":[{"name":"wp","href":"https:\/\/api.w.org\/{rel}","templated":true}]}}