{"id":434,"date":"2024-11-05T15:12:15","date_gmt":"2024-11-05T14:12:15","guid":{"rendered":"https:\/\/wp.mbm.at\/bienvenido-a-nuestro-sitio-web\/"},"modified":"2024-12-19T14:29:33","modified_gmt":"2024-12-19T13:29:33","slug":"bienvenido-a-nuestro-sitio-web","status":"publish","type":"page","link":"https:\/\/mbm.at\/es\/","title":{"rendered":"Automatizaci\u00f3n y construcci\u00f3n de m\u00e1quinas especiales"},"content":{"rendered":"<div class=\"wpb-content-wrapper\"><p>[vc_row][vc_column][vc_column_text css=\u00bb\u00bb]<\/p>\n<h4 style=\"text-align: center;\"><span data-teams=\"true\">Juntas de inglete con precisi\u00f3n y fiabilidad!<\/span><\/h4>\n<p>[\/vc_column_text][\/vc_column][\/vc_row][vc_row][vc_column][vc_single_image image=\u00bb2501&#8243; img_size=\u00bblarge\u00bb alignment=\u00bbcenter\u00bb onclick=\u00bbcustom_link\u00bb css=\u00bb\u00bb link=\u00bbhttps:\/\/mbm.at\/wp-content\/uploads\/2024\/11\/Doppelgehrungssaege-B2.jpg\u00bb][\/vc_column][\/vc_row][vc_row][vc_column][vc_column_text css=\u00bb\u00bb]<span style=\"\"><strong>mbm<\/strong><\/span> es especialista en cortes de inglete automatizados y construye ingletadoras e ingletadoras dobles para este fin. Fiabilidad y precisi\u00f3n con pasi\u00f3n por el corte perfecto caracterizan especialmente a las <strong><span style=\"\">m\u00e1quinas mbm<\/span><\/strong>. Con el tiempo, la cartera se ha ampliado con otras soluciones de m\u00e1quinas y automatizaci\u00f3n. Como resultado, <span style=\"\"><strong>mbm<\/strong><\/span> se ha establecido como proveedor de soluciones completas para la producci\u00f3n industrial de ata\u00fades.   <\/p>\n<p>Con la adquisici\u00f3n por parte de Eberle Automatische Systeme GmbH &amp; Co KG de Dornbirn en 2023, la gama se ampli\u00f3 para incluir soluciones digitales de Industria 4.0. Esto combina ahora una ingenier\u00eda mec\u00e1nica probada y fiable con modernas soluciones de software para una producci\u00f3n segura, eficiente y con optimizaci\u00f3n de recursos.[\/vc_column_text][\/vc_column][\/vc_row][vc_row][vc_column width=\u00bb1\/6&#8243;][vc_single_image image=\u00bb2535&#8243; img_size=\u00bb250*250&#8243; alignment=\u00bbcenter\u00bb onclick=\u00bbcustom_link\u00bb css=\u00bb\u00bb link=\u00bbhttps:\/\/mbm.at\/wp-content\/uploads\/2024\/12\/3.jpg\u00bb][\/vc_column][vc_column width=\u00bb5\/6&#8243;][vc_column_text css=\u00bb\u00bb]<strong>m\u00e1quinas de producci\u00f3n de ata\u00fades <span style=\"color: #40b5ad;\">mbm<\/span> &#8211; para una producci\u00f3n de ata\u00fades moderna, eficiente e individualizada<\/strong><\/p>\n<p>La fabricaci\u00f3n moderna de ata\u00fades combina la artesan\u00eda tradicional con la tecnolog\u00eda avanzada para producir ata\u00fades sostenibles de alta calidad en grandes cantidades.<\/p>\n<p>&gt;&gt; continuar con la <a href=\"https:\/\/mbm.at\/es\/maquinas-para-la-fabricacion-de-ataudes\/\">producci\u00f3n de ata\u00fades<\/a>[\/vc_column_text][\/vc_column][\/vc_row][vc_row][vc_column width=\u00bb1\/6&#8243;][vc_single_image image=\u00bb2521&#8243; img_size=\u00bb250*250&#8243; alignment=\u00bbcenter\u00bb onclick=\u00bbcustom_link\u00bb css=\u00bb\u00bb link=\u00bbhttps:\/\/mbm.at\/wp-content\/uploads\/2024\/12\/1.jpg\u00bb][\/vc_column][vc_column width=\u00bb5\/6&#8243;][vc_column_text css=\u00bb\u00bb]<strong>ingletadoras <span style=\"color: #40b5ad;\">mbm<\/span>: cortes que se ajustan perfectamente al \u00e1ngulo<\/strong><\/p>\n<p>Los cortes exactos y las ranuras precisas en diferentes \u00e1ngulos ahorran repasos y rectificados.<\/p>\n<p>&gt;&gt; Continuar con las tronzadoras <a href=\"https:\/\/mbm.at\/es\/sierras-doble-de-inglete\/\">DAS-E<\/a> y <a href=\"https:\/\/mbm.at\/es\/sierra-doble-de-inglete-universal-das-u\/\">DAS-U<\/a>[\/vc_column_text][\/vc_column][\/vc_row][vc_row][vc_column width=\u00bb1\/6&#8243;][vc_single_image image=\u00bb2528&#8243; img_size=\u00bb250*250&#8243; alignment=\u00bbcenter\u00bb onclick=\u00bbcustom_link\u00bb css=\u00bb\u00bb link=\u00bbhttps:\/\/mbm.at\/wp-content\/uploads\/2024\/12\/2.jpg\u00bb][\/vc_column][vc_column width=\u00bb5\/6&#8243;][vc_column_text css=\u00bb\u00bb]<strong>l\u00edneas de producci\u00f3n <span style=\"color: #40b5ad;\">mbm<\/span> &#8211; producci\u00f3n automatizada precisa y r\u00e1pida para grandes cantidades<\/strong><\/p>\n<p>Las l\u00edneas de producci\u00f3n combinan diferentes puestos de trabajo en una sola m\u00e1quina, alivian la carga de los empleados, aumentan la productividad y mejoran la rentabilidad manteniendo el mismo nivel de calidad.<\/p>\n<p>&gt;&gt; Continuar con las <a href=\"https:\/\/mbm.at\/es\/lineas-de-produccion\/\">l\u00edneas de producci\u00f3n<\/a>[\/vc_column_text][\/vc_column][\/vc_row][vc_row][vc_column width=\u00bb1\/6&#8243;][vc_single_image image=\u00bb3242&#8243; img_size=\u00bb250*250&#8243; alignment=\u00bbcenter\u00bb onclick=\u00bbcustom_link\u00bb css=\u00bb\u00bb link=\u00bbhttps:\/\/mbm.at\/wp-content\/uploads\/2024\/12\/mbm-automation-neu.png\u00bb][\/vc_column][vc_column width=\u00bb5\/6&#8243;][vc_column_text css=\u00bb\u00bb]<strong><span style=\"color: #40b5ad;\">mbm<\/span> automatizaci\u00f3n e interconexi\u00f3n de los procesos de fabricaci\u00f3n para un rendimiento m\u00e1ximo constante<\/strong><\/p>\n<p>Los procesos de producci\u00f3n se optimizan y aceleran mediante la automatizaci\u00f3n, la rob\u00f3tica y la interconexi\u00f3n de procesos. As\u00ed se aumenta la productividad y se reducen los tiempos de producci\u00f3n. <\/p>\n<p>&gt;&gt; continuar con <a href=\"https:\/\/mbm.at\/es\/automatizacion-de-la-produccion-de-ataudes\/\">Automatizaci\u00f3n<\/a>[\/vc_column_text][\/vc_column][\/vc_row][vc_row][vc_column width=\u00bb1\/6&#8243;][vc_single_image image=\u00bb3222&#8243; img_size=\u00bb250*250&#8243; onclick=\u00bbcustom_link\u00bb css=\u00bb\u00bb link=\u00bbhttps:\/\/mbm.at\/wp-content\/uploads\/2024\/12\/mbm-page.png\u00bb][\/vc_column][vc_column width=\u00bb5\/6&#8243;][vc_column_text css=\u00bb\u00bb]<strong><span style=\"color: #40b5ad;\">mbm <\/span>Soluciones de digitalizaci\u00f3n: acelere la planificaci\u00f3n, el dise\u00f1o y la producci\u00f3n<\/strong><\/p>\n<p>El uso de m\u00e1quinas inteligentes y sistemas conectados en red automatiza y optimiza los procesos de producci\u00f3n, lo que aumenta la productividad y simplifica considerablemente la supervisi\u00f3n de los procesos.<\/p>\n<p>&gt;&gt; Continuar con <a href=\"https:\/\/mbm.at\/es\/soluciones-de-digitalizacion-para-la-produccion-de-ataudes\/\">la digitalizaci\u00f3n<\/a>[\/vc_column_text][\/vc_column][\/vc_row]<\/p>\n<\/div>","protected":false},"excerpt":{"rendered":"<p>[vc_row][vc_column][vc_column_text css=\u00bb\u00bb] Juntas de inglete con precisi\u00f3n y fiabilidad! [\/vc_column_text][\/vc_column][\/vc_row][vc_row][vc_column][vc_single_image image=\u00bb2501&#8243; img_size=\u00bblarge\u00bb alignment=\u00bbcenter\u00bb onclick=\u00bbcustom_link\u00bb css=\u00bb\u00bb link=\u00bbhttps:\/\/mbm.at\/wp-content\/uploads\/2024\/11\/Doppelgehrungssaege-B2.jpg\u00bb][\/vc_column][\/vc_row][vc_row][vc_column][vc_column_text css=\u00bb\u00bb]mbm es especialista en cortes de inglete automatizados y construye ingletadoras e ingletadoras dobles para este fin. Fiabilidad y precisi\u00f3n con pasi\u00f3n por el corte perfecto caracterizan especialmente a las m\u00e1quinas mbm. Con el tiempo, la cartera se ha [&hellip;]<\/p>\n","protected":false},"author":2,"featured_media":0,"parent":0,"menu_order":0,"comment_status":"closed","ping_status":"closed","template":"","meta":{"footnotes":""},"class_list":["post-434","page","type-page","status-publish","hentry"],"_links":{"self":[{"href":"https:\/\/mbm.at\/es\/wp-json\/wp\/v2\/pages\/434","targetHints":{"allow":["GET"]}}],"collection":[{"href":"https:\/\/mbm.at\/es\/wp-json\/wp\/v2\/pages"}],"about":[{"href":"https:\/\/mbm.at\/es\/wp-json\/wp\/v2\/types\/page"}],"author":[{"embeddable":true,"href":"https:\/\/mbm.at\/es\/wp-json\/wp\/v2\/users\/2"}],"replies":[{"embeddable":true,"href":"https:\/\/mbm.at\/es\/wp-json\/wp\/v2\/comments?post=434"}],"version-history":[{"count":75,"href":"https:\/\/mbm.at\/es\/wp-json\/wp\/v2\/pages\/434\/revisions"}],"predecessor-version":[{"id":4409,"href":"https:\/\/mbm.at\/es\/wp-json\/wp\/v2\/pages\/434\/revisions\/4409"}],"wp:attachment":[{"href":"https:\/\/mbm.at\/es\/wp-json\/wp\/v2\/media?parent=434"}],"curies":[{"name":"wp","href":"https:\/\/api.w.org\/{rel}","templated":true}]}}