{"id":3385,"date":"2024-12-03T08:04:57","date_gmt":"2024-12-03T07:04:57","guid":{"rendered":"https:\/\/mbm.at\/descargue-nuestros-folletos-mbm\/"},"modified":"2024-12-11T10:37:06","modified_gmt":"2024-12-11T09:37:06","slug":"descargue-nuestros-folletos-mbm","status":"publish","type":"page","link":"https:\/\/mbm.at\/es\/descargue-nuestros-folletos-mbm\/","title":{"rendered":"Descargue nuestros folletos mbm"},"content":{"rendered":"<div class=\"wpb-content-wrapper\"><p>[vc_row][vc_column][vc_column_text css=\u00bb\u00bb]Puede descargar aqu\u00ed nuestros folletos para obtener m\u00e1s informaci\u00f3n sobre nosotros y nuestro trabajo.<\/p>\n<p><a href=\"https:\/\/mbm.at\/wp-content\/uploads\/2024\/12\/20241209_Sargmaschinen_Doppelgehrungssage_DE_EN.pdf\" target=\"_blank\" rel=\"noopener\">M\u00e1quinas para ata\u00fades_doble inglete_ES<\/a><\/p>\n<p><a href=\"https:\/\/mbm.at\/wp-content\/uploads\/2024\/12\/20241209_Sargmaschinen_Doppelgehrungssage_DE_FR.pdf\" target=\"_blank\" rel=\"noopener\">M\u00e1quinas para ata\u00fades_doble inglete_ES_FR<\/a>[\/vc_column_text][\/vc_column][\/vc_row]<\/p>\n<\/div>","protected":false},"excerpt":{"rendered":"<p>[vc_row][vc_column][vc_column_text css=\u00bb\u00bb]Puede descargar aqu\u00ed nuestros folletos para obtener m\u00e1s informaci\u00f3n sobre nosotros y nuestro trabajo. M\u00e1quinas para ata\u00fades_doble inglete_ES M\u00e1quinas para ata\u00fades_doble inglete_ES_FR[\/vc_column_text][\/vc_column][\/vc_row]<\/p>\n","protected":false},"author":2,"featured_media":0,"parent":0,"menu_order":0,"comment_status":"closed","ping_status":"closed","template":"","meta":{"footnotes":""},"class_list":["post-3385","page","type-page","status-publish","hentry"],"_links":{"self":[{"href":"https:\/\/mbm.at\/es\/wp-json\/wp\/v2\/pages\/3385","targetHints":{"allow":["GET"]}}],"collection":[{"href":"https:\/\/mbm.at\/es\/wp-json\/wp\/v2\/pages"}],"about":[{"href":"https:\/\/mbm.at\/es\/wp-json\/wp\/v2\/types\/page"}],"author":[{"embeddable":true,"href":"https:\/\/mbm.at\/es\/wp-json\/wp\/v2\/users\/2"}],"replies":[{"embeddable":true,"href":"https:\/\/mbm.at\/es\/wp-json\/wp\/v2\/comments?post=3385"}],"version-history":[{"count":2,"href":"https:\/\/mbm.at\/es\/wp-json\/wp\/v2\/pages\/3385\/revisions"}],"predecessor-version":[{"id":3480,"href":"https:\/\/mbm.at\/es\/wp-json\/wp\/v2\/pages\/3385\/revisions\/3480"}],"wp:attachment":[{"href":"https:\/\/mbm.at\/es\/wp-json\/wp\/v2\/media?parent=3385"}],"curies":[{"name":"wp","href":"https:\/\/api.w.org\/{rel}","templated":true}]}}