{"id":2952,"date":"2024-11-19T15:13:11","date_gmt":"2024-11-19T14:13:11","guid":{"rendered":"https:\/\/wp.mbm.at\/soluciones-de-digitalizacion-para-la-produccion-de-ataudes\/"},"modified":"2025-02-03T08:48:24","modified_gmt":"2025-02-03T07:48:24","slug":"soluciones-de-digitalizacion-para-la-produccion-de-ataudes","status":"publish","type":"page","link":"https:\/\/mbm.at\/es\/soluciones-de-digitalizacion-para-la-produccion-de-ataudes\/","title":{"rendered":"Soluciones de digitalizaci\u00f3n para la producci\u00f3n de ata\u00fades"},"content":{"rendered":"<div class=\"wpb-content-wrapper\"><p>[vc_row][vc_column][vc_column_text css=\u00bb\u00bb]<strong>Configurador de ata\u00fades<\/strong><\/p>\n<p>El configurador de ata\u00fades ofrece numerosas ventajas, especialmente a la hora de adaptar e individualizar productos.<\/p>\n<p>Las ventajas de utilizar configuradores de ata\u00fades en la fabricaci\u00f3n de ata\u00fades son:<\/p>\n<p><strong>Ajuste r\u00e1pido de los programas de edici\u00f3n.<\/strong><\/p>\n<p>Los ajustes preestablecidos para los cortes se pueden crear f\u00e1cilmente a trav\u00e9s de una interfaz WEB directamente en la m\u00e1quina o mediante acceso remoto en la oficina. Los programas de edici\u00f3n se pueden guardar, modificar y reutilizar. <\/p>\n<p><strong> <\/strong><strong>Personalizaci\u00f3n eficiente del producto<\/strong><\/p>\n<p>El configurador de ata\u00fades le permite personalizar productos seg\u00fan las necesidades y preferencias individuales de sus clientes. Esto conduce a una mayor satisfacci\u00f3n del cliente y puede fortalecer su lealtad. <\/p>\n<p><strong> <\/strong><strong>Evitaci\u00f3n de errores:<br \/><\/strong>El configurador de ata\u00fades garantiza que solo se puedan seleccionar opciones compatibles, lo que reduce la probabilidad de errores, producci\u00f3n incorrecta y cortes de prueba prolongados.<\/p>\n<p><strong> <\/strong><\/p>\n<p><a href=\"mailto:office@mbm.at\">&gt;&gt; M\u00e1s informaci\u00f3n o iniciar una consulta<\/a><\/p>\n<p><a href=\"mailto:office@mbm.at\">&gt;&gt; Conozca el configurador de ata\u00fades online<\/a>[\/vc_column_text][\/vc_column][\/vc_row][vc_row][vc_column width=\u00bb1\/4&#8243;][vc_single_image image=\u00bb3630&#8243; img_size=\u00bb250*250&#8243; alignment=\u00bbcenter\u00bb onclick=\u00bbcustom_link\u00bb css=\u00bb\u00bb link=\u00bbhttps:\/\/mbm.at\/wp-content\/uploads\/2024\/12\/Sargkonfigurator-1.png\u00bb][\/vc_column][vc_column width=\u00bb1\/4&#8243;][vc_single_image image=\u00bb3623&#8243; img_size=\u00bb250*250&#8243; alignment=\u00bbcenter\u00bb onclick=\u00bbcustom_link\u00bb css=\u00bb\u00bb link=\u00bbhttps:\/\/mbm.at\/wp-content\/uploads\/2024\/12\/Sargkonfigurator-2.png\u00bb][\/vc_column][vc_column width=\u00bb1\/4&#8243;][vc_single_image image=\u00bb3616&#8243; img_size=\u00bb250*250&#8243; alignment=\u00bbcenter\u00bb onclick=\u00bbcustom_link\u00bb css=\u00bb\u00bb link=\u00bbhttps:\/\/mbm.at\/wp-content\/uploads\/2024\/12\/Sargkonfigurator_3.jpg\u00bb][\/vc_column][vc_column width=\u00bb1\/4&#8243;][vc_single_image image=\u00bb3609&#8243; img_size=\u00bb250*250&#8243; alignment=\u00bbcenter\u00bb onclick=\u00bbcustom_link\u00bb css=\u00bb\u00bb link=\u00bbhttps:\/\/mbm.at\/wp-content\/uploads\/2024\/12\/Sargkonfigurator_2.jpg\u00bb][\/vc_column][\/vc_row][vc_row][vc_column][vc_column_text css=\u00bb\u00bb]<strong>Control de plataformas industriales de IoT<\/strong><\/p>\n<p><strong> <\/strong>Con <a href=\"https:\/\/www.digifai.com\/de\/control\/\" target=\"_blank\" rel=\"noopener\">control<\/a> usted tiene control absoluto sobre los datos de su proceso. Las plataformas IoT como las de <a href=\"https:\/\/www.digifai.com\/de\/control\/\" target=\"_blank\" rel=\"noopener\">control<\/a> ofrecen a las empresas numerosas ventajas que pueden aumentar su eficiencia y competitividad. <\/p>\n<p>Las ventajas de utilizar el <a href=\"https:\/\/www.digifai.com\/de\/control\/\" target=\"_blank\" rel=\"noopener\">control<\/a> en la producci\u00f3n de:<\/p>\n<p><strong> <\/strong><strong>Supervisi\u00f3n eficaz de los datos de funcionamiento y de la m\u00e1quina<\/strong><\/p>\n<p>La administraci\u00f3n clara y f\u00e1cil de usar a trav\u00e9s de paneles y la funci\u00f3n de favoritos garantizan una r\u00e1pida recopilaci\u00f3n de informaci\u00f3n para tomar decisiones. La notificaci\u00f3n automatizada de valores l\u00edmite, eventos o alarmas garantiza una respuesta r\u00e1pida en caso de aver\u00edas. <\/p>\n<p><strong> <\/strong><strong>Datos operativos, an\u00e1lisis e informes.<\/strong><\/p>\n<p>El control registra datos de la m\u00e1quina, como operaci\u00f3n y tiempo de inactividad, y permite al usuario registrar digitalmente informaci\u00f3n relacionada con la producci\u00f3n, como calidad o datos de pedidos, ingres\u00e1ndola en terminales PDE.<\/p>\n<p><strong> <\/strong><strong>Toma de decisiones mejorada<\/strong><\/p>\n<p>Al recopilar y analizar datos en tiempo real, las empresas pueden tomar decisiones informadas y responder a los cambios m\u00e1s r\u00e1pidamente.<\/p>\n<p><strong> <\/strong><strong>Transparencia y trazabilidad<\/strong><\/p>\n<p><a href=\"https:\/\/www.digifai.com\/de\/control\/\" target=\"_blank\" rel=\"noopener\">control<\/a> proporciona una mejor visibilidad y trazabilidad de los procesos de producci\u00f3n, mejorando el aseguramiento de la calidad y el cumplimiento.<\/p>\n<p><strong> <\/strong><strong>Mayor seguridad<\/strong><\/p>\n<p>Las plataformas de IoT se pueden utilizar para monitorear y proteger activos y procesos, reduciendo el riesgo de accidentes, incidentes de seguridad y tiempos de inactividad de la producci\u00f3n.<\/p>\n<p>&nbsp;<\/p>\n<p><a href=\"mailto:office@mbm.at\">&gt;&gt; M\u00e1s informaci\u00f3n o iniciar una consulta<\/a><\/p>\n<p><a href=\"https:\/\/www.digifai.com\/de\/\">&gt;&gt;  Acceso a la demostraci\u00f3n en l\u00ednea<\/a>[\/vc_column_text][\/vc_column][\/vc_row][vc_row][vc_column width=\u00bb1\/4&#8243;][vc_single_image image=\u00bb3726&#8243; img_size=\u00bb250*250&#8243; alignment=\u00bbcenter\u00bb onclick=\u00bbcustom_link\u00bb css=\u00bb\u00bb link=\u00bbhttps:\/\/mbm.at\/wp-content\/uploads\/2024\/12\/control_tablet_9.png\u00bb][\/vc_column][vc_column width=\u00bb1\/4&#8243;][vc_single_image image=\u00bb3712&#8243; img_size=\u00bb250*250&#8243; alignment=\u00bbcenter\u00bb onclick=\u00bbcustom_link\u00bb css=\u00bb\u00bb link=\u00bbhttps:\/\/mbm.at\/wp-content\/uploads\/2024\/12\/Sarg_control_5.jpg\u00bb][\/vc_column][vc_column width=\u00bb1\/4&#8243;][vc_single_image image=\u00bb3705&#8243; img_size=\u00bb250*250&#8243; alignment=\u00bbcenter\u00bb onclick=\u00bbcustom_link\u00bb css=\u00bb\u00bb link=\u00bbhttps:\/\/mbm.at\/wp-content\/uploads\/2024\/12\/Sarg_control_3.jpg\u00bb][\/vc_column][vc_column width=\u00bb1\/4&#8243;][vc_single_image image=\u00bb3698&#8243; img_size=\u00bb250*250&#8243; alignment=\u00bbcenter\u00bb onclick=\u00bbcustom_link\u00bb css=\u00bb\u00bb link=\u00bbhttps:\/\/mbm.at\/wp-content\/uploads\/2025\/01\/Sarg_control_4.jpg\u00bb][\/vc_column][\/vc_row][vc_row][vc_column][vc_column_text css=\u00bb\u00bb]<strong>Gemelo digital twin<\/strong><\/p>\n<p><strong> <\/strong>El software <a href=\"https:\/\/www.digifai.com\/de\/twin\" target=\"_blank\" rel=\"noopener\">twin<\/a> crea un gemelo digital. Esto le permite probar el control de su sistema antes de que la m\u00e1quina se detenga. Y cuando su m\u00e1quina est\u00e1 funcionando, el gemelo sigue funcionando como una interfaz de usuario 3D.  <\/p>\n<p>Las ventajas de utilizar el tratamiento industrial de im\u00e1genes en la producci\u00f3n de ata\u00fades son:<\/p>\n<p><strong> <\/strong><strong>Desarrollo y prueba de software de control en el gemelo digital<\/strong><\/p>\n<p>Con el software de simulaci\u00f3n<a href=\"https:\/\/www.digifai.com\/de\/twin\" target=\"_blank\" rel=\"noopener\"> twin<\/a>, puede probar todos los componentes de sus controles sin necesidad de la m\u00e1quina real. Componentes mec\u00e1nicos, actuadores y sensores, todos digitales y en 3D. <\/p>\n<p><strong> <\/strong><strong>Optimice procesos y minimice riesgos gracias a una simulaci\u00f3n f\u00edsica realista<\/strong><\/p>\n<p>Con <a href=\"https:\/\/www.digifai.com\/de\/twin\" target=\"_blank\" rel=\"noopener\">twin<\/a>, el comportamiento de m\u00e1quinas y sistemas se simula completamente en 3D, incluido el flujo de materiales, los tiempos de ciclo y las colisiones, gracias a la simulaci\u00f3n f\u00edsica m\u00e1s reciente. Las optimizaciones se pueden probar sin riesgos en el gemelo digital y sin tiempos de inactividad en la m\u00e1quina real o durante la puesta en marcha de m\u00e1quinas nuevas. <\/p>\n<p><strong>De la idea a la puesta en marcha virtual y m\u00e1s all\u00e1<\/strong><\/p>\n<p>Seg\u00fan la oferta Y luego la m\u00e1quina virtual sigue viva como una HMI 3D inteligente en la m\u00e1quina real. Una imagen completa de la m\u00e1quina real en la interfaz del operador reduce el funcionamiento incorrecto y facilita mucho el an\u00e1lisis de errores en caso de mal funcionamiento. <\/p>\n<p>&nbsp;<\/p>\n<p><a href=\"mailto:office@mbm.at\">&gt;&gt; M\u00e1s informaci\u00f3n o iniciar una consulta<\/a>[\/vc_column_text][\/vc_column][\/vc_row][vc_row][vc_column width=\u00bb1\/3&#8243;][vc_single_image image=\u00bb3748&#8243; img_size=\u00bb250*250&#8243; alignment=\u00bbcenter\u00bb onclick=\u00bbcustom_link\u00bb css=\u00bb\u00bb link=\u00bbhttps:\/\/mbm.at\/wp-content\/uploads\/2024\/12\/twin_1.png\u00bb][\/vc_column][vc_column width=\u00bb1\/3&#8243;][vc_single_image image=\u00bb3755&#8243; img_size=\u00bb250*250&#8243; alignment=\u00bbcenter\u00bb onclick=\u00bbcustom_link\u00bb css=\u00bb\u00bb link=\u00bbhttps:\/\/mbm.at\/wp-content\/uploads\/2024\/12\/1024_1024_3d_hmi_interface-1-900&#215;675-1.jpg\u00bb][\/vc_column][vc_column width=\u00bb1\/3&#8243;][vc_single_image image=\u00bb3762&#8243; img_size=\u00bb250*250&#8243; alignment=\u00bbcenter\u00bb onclick=\u00bbcustom_link\u00bb css=\u00bb\u00bb link=\u00bbhttps:\/\/mbm.at\/wp-content\/uploads\/2024\/12\/Techniker-mit-V3S-768&#215;576-2.jpg\u00bb][\/vc_column][\/vc_row]<\/p>\n<\/div>","protected":false},"excerpt":{"rendered":"<p>[vc_row][vc_column][vc_column_text css=\u00bb\u00bb]Configurador de ata\u00fades El configurador de ata\u00fades ofrece numerosas ventajas, especialmente a la hora de adaptar e individualizar productos. Las ventajas de utilizar configuradores de ata\u00fades en la fabricaci\u00f3n de ata\u00fades son: Ajuste r\u00e1pido de los programas de edici\u00f3n. Los ajustes preestablecidos para los cortes se pueden crear f\u00e1cilmente a trav\u00e9s de una interfaz [&hellip;]<\/p>\n","protected":false},"author":2,"featured_media":0,"parent":0,"menu_order":0,"comment_status":"closed","ping_status":"closed","template":"","meta":{"footnotes":""},"class_list":["post-2952","page","type-page","status-publish","hentry"],"_links":{"self":[{"href":"https:\/\/mbm.at\/es\/wp-json\/wp\/v2\/pages\/2952","targetHints":{"allow":["GET"]}}],"collection":[{"href":"https:\/\/mbm.at\/es\/wp-json\/wp\/v2\/pages"}],"about":[{"href":"https:\/\/mbm.at\/es\/wp-json\/wp\/v2\/types\/page"}],"author":[{"embeddable":true,"href":"https:\/\/mbm.at\/es\/wp-json\/wp\/v2\/users\/2"}],"replies":[{"embeddable":true,"href":"https:\/\/mbm.at\/es\/wp-json\/wp\/v2\/comments?post=2952"}],"version-history":[{"count":31,"href":"https:\/\/mbm.at\/es\/wp-json\/wp\/v2\/pages\/2952\/revisions"}],"predecessor-version":[{"id":4969,"href":"https:\/\/mbm.at\/es\/wp-json\/wp\/v2\/pages\/2952\/revisions\/4969"}],"wp:attachment":[{"href":"https:\/\/mbm.at\/es\/wp-json\/wp\/v2\/media?parent=2952"}],"curies":[{"name":"wp","href":"https:\/\/api.w.org\/{rel}","templated":true}]}}