{"id":2937,"date":"2024-11-19T15:12:35","date_gmt":"2024-11-19T14:12:35","guid":{"rendered":"https:\/\/wp.mbm.at\/automatizacion-de-la-produccion-de-ataudes\/"},"modified":"2024-12-18T10:40:56","modified_gmt":"2024-12-18T09:40:56","slug":"automatizacion-de-la-produccion-de-ataudes","status":"publish","type":"page","link":"https:\/\/mbm.at\/es\/automatizacion-de-la-produccion-de-ataudes\/","title":{"rendered":"Automatizaci\u00f3n de la producci\u00f3n de ata\u00fades"},"content":{"rendered":"<div class=\"wpb-content-wrapper\"><p>[vc_row][vc_column][vc_column_text css=\u00bb\u00bb]<strong>Automatizaci\u00f3n de robots<\/strong><\/p>\n<p>Los robots se utilizan cada vez m\u00e1s en diversos \u00e1mbitos de la fabricaci\u00f3n, incluida la producci\u00f3n de ata\u00fades. Estos robots pueden utilizarse para cargar m\u00e1quinas o realizar tareas como esmerilar o fresar ata\u00fades, lo que aumenta la eficacia y la precisi\u00f3n. <\/p>\n<p>Las ventajas de utilizar robots en la producci\u00f3n de ata\u00fades son:<\/p>\n<p><strong>Precisi\u00f3n:<\/strong><\/p>\n<p>Los robots pueden trabajar con gran precisi\u00f3n, lo que mejora la calidad de los productos finales.<\/p>\n<p><strong> <\/strong><strong>Eficiencia:<\/strong><\/p>\n<p>Los procesos automatizados pueden llevarse a cabo m\u00e1s r\u00e1pidamente y con menos errores.<\/p>\n<p><strong> <\/strong><strong>Seguridad:<\/strong><\/p>\n<p>Los robots pueden realizar tareas peligrosas o f\u00edsicamente exigentes, lo que aumenta la seguridad de los trabajadores.<\/p>\n<ul>\n<li><strong>Robot para carga de m\u00e1quinas<\/strong><\/li>\n<li><strong>Robots para paletizaci\u00f3n y apilamiento<\/strong><\/li>\n<li><strong>Rectificado robotizado<\/strong><\/li>\n<li><strong>Los robots introducen la mano en la caja y separan los productos a granel <\/strong><\/li>\n<li><strong>Robots y humanos trabajan en equipo<\/strong><\/li>\n<li><strong>Robots aut\u00f3nomos de transporte sin conductor<\/strong><\/li>\n<li><strong>Robot CNC<\/strong><\/li>\n<li><strong>Robot Pick &amp; Place<\/strong><\/li>\n<\/ul>\n<p><strong> <\/strong><\/p>\n<p><a href=\"mailto:office@mbm.at\">&gt;&gt; M\u00e1s informaci\u00f3n o iniciar una consulta<\/a>[\/vc_column_text][\/vc_column][\/vc_row][vc_row][vc_column width=\u00bb1\/4&#8243;][vc_single_image image=\u00bb3690&#8243; img_size=\u00bb250*250&#8243; alignment=\u00bbcenter\u00bb onclick=\u00bbcustom_link\u00bb css=\u00bb\u00bb link=\u00bbhttps:\/\/mbm.at\/wp-content\/uploads\/2024\/12\/20170614_160312_001-scaled.jpg\u00bb][\/vc_column][vc_column width=\u00bb1\/4&#8243;][vc_single_image image=\u00bb3669&#8243; img_size=\u00bb250*250&#8243; alignment=\u00bbcenter\u00bb onclick=\u00bbcustom_link\u00bb css=\u00bb\u00bb link=\u00bbhttps:\/\/mbm.at\/wp-content\/uploads\/2024\/12\/Griff_in_die_Kiste_20240229.png\u00bb][\/vc_column][vc_column width=\u00bb1\/4&#8243;][vc_single_image image=\u00bb3683&#8243; img_size=\u00bb250*250&#8243; alignment=\u00bbcenter\u00bb onclick=\u00bbcustom_link\u00bb css=\u00bb\u00bb link=\u00bbhttps:\/\/mbm.at\/wp-content\/uploads\/2024\/12\/20240626_kollaborative_Leichtbauroboter.png\u00bb][\/vc_column][vc_column width=\u00bb1\/4&#8243;][vc_single_image image=\u00bb3676&#8243; img_size=\u00bb250*250&#8243; alignment=\u00bbcenter\u00bb onclick=\u00bbcustom_link\u00bb css=\u00bb\u00bb link=\u00bbhttps:\/\/mbm.at\/wp-content\/uploads\/2024\/12\/20190716_114538.jpg\u00bb][\/vc_column][\/vc_row][vc_row][vc_column][vc_column_text css=\u00bb\u00bb]<strong>Tratamiento industrial de im\u00e1genes<\/strong><\/p>\n<p><strong> <\/strong>La visi\u00f3n artificial es una tecnolog\u00eda clave en la producci\u00f3n moderna. Utiliza c\u00e1maras y algoritmos avanzados para capturar y analizar datos visuales y tambi\u00e9n desempe\u00f1a un papel importante en la producci\u00f3n de ata\u00fades. <\/p>\n<p>Las ventajas de utilizar el tratamiento industrial de im\u00e1genes en la producci\u00f3n de ata\u00fades son:<\/p>\n<p><strong> <\/strong><strong>Mejora de la calidad del producto:<\/strong><\/p>\n<p>Los sistemas de tratamiento de im\u00e1genes pueden comprobar la superficie de los ata\u00fades para detectar defectos como ara\u00f1azos, grietas o desviaciones de color. Esto garantiza que s\u00f3lo se entreguen a los clientes productos impecables. Al inspeccionar y reconocer autom\u00e1ticamente los defectos, los productos pueden controlarse con gran precisi\u00f3n, lo que aumenta la calidad y reduce los residuos.  <\/p>\n<p><strong>Precisi\u00f3n dimensional:<\/strong><\/p>\n<p>El uso de c\u00e1maras y sensores permite medir con precisi\u00f3n las dimensiones de los ata\u00fades y comprobar que cumplen las especificaciones.<\/p>\n<p><strong>Automatizaci\u00f3n:<\/strong><\/p>\n<p>La visi\u00f3n artificial permite automatizar muchos procesos de inspecci\u00f3n manual, lo que aumenta la eficacia y reduce los errores humanos.<\/p>\n<p>Estas tecnolog\u00edas contribuyen a mejorar la calidad de la producci\u00f3n y a aumentar la eficacia en la fabricaci\u00f3n de ata\u00fades.<\/p>\n<ul>\n<li><strong>Inspecci\u00f3n de superficies<\/strong><\/li>\n<li><strong>Detecci\u00f3n de nudos<\/strong><\/li>\n<li><strong>Medici\u00f3n de objetos<\/strong><\/li>\n<\/ul>\n<p><a href=\"mailto:office@mbm.at\"> &gt;&gt; M\u00e1s informaci\u00f3n o iniciar una consulta<\/a>[\/vc_column_text][\/vc_column][\/vc_row][vc_row][vc_column width=\u00bb1\/4&#8243;][vc_single_image image=\u00bb3659&#8243; img_size=\u00bb250*250&#8243; alignment=\u00bbcenter\u00bb onclick=\u00bbcustom_link\u00bb css=\u00bb\u00bb link=\u00bbhttps:\/\/mbm.at\/wp-content\/uploads\/2024\/12\/BP_Griff_in_die_Kiste.png\u00bb][\/vc_column][vc_column width=\u00bb1\/4&#8243;][vc_single_image image=\u00bb3652&#8243; img_size=\u00bb250*250&#8243; alignment=\u00bbcenter\u00bb onclick=\u00bbcustom_link\u00bb css=\u00bb\u00bb link=\u00bbhttps:\/\/mbm.at\/wp-content\/uploads\/2024\/12\/20190417_112348_mit_Strahlen-scaled.jpg\u00bb][\/vc_column][vc_column width=\u00bb1\/4&#8243;][vc_single_image image=\u00bb3645&#8243; img_size=\u00bb250*250&#8243; alignment=\u00bbcenter\u00bb onclick=\u00bbcustom_link\u00bb css=\u00bb\u00bb link=\u00bbhttps:\/\/mbm.at\/wp-content\/uploads\/2024\/12\/IMG_0170-scaled.jpg\u00bb][\/vc_column][vc_column width=\u00bb1\/4&#8243;][vc_single_image image=\u00bb3638&#8243; img_size=\u00bb250*250&#8243; alignment=\u00bbcenter\u00bb onclick=\u00bbcustom_link\u00bb css=\u00bb\u00bb link=\u00bbhttps:\/\/mbm.at\/wp-content\/uploads\/2024\/12\/2.png\u00bb][\/vc_column][\/vc_row]<\/p>\n<\/div>","protected":false},"excerpt":{"rendered":"<p>[vc_row][vc_column][vc_column_text css=\u00bb\u00bb]Automatizaci\u00f3n de robots Los robots se utilizan cada vez m\u00e1s en diversos \u00e1mbitos de la fabricaci\u00f3n, incluida la producci\u00f3n de ata\u00fades. Estos robots pueden utilizarse para cargar m\u00e1quinas o realizar tareas como esmerilar o fresar ata\u00fades, lo que aumenta la eficacia y la precisi\u00f3n. Las ventajas de utilizar robots en la producci\u00f3n de ata\u00fades [&hellip;]<\/p>\n","protected":false},"author":2,"featured_media":0,"parent":0,"menu_order":0,"comment_status":"closed","ping_status":"closed","template":"","meta":{"footnotes":""},"class_list":["post-2937","page","type-page","status-publish","hentry"],"_links":{"self":[{"href":"https:\/\/mbm.at\/es\/wp-json\/wp\/v2\/pages\/2937","targetHints":{"allow":["GET"]}}],"collection":[{"href":"https:\/\/mbm.at\/es\/wp-json\/wp\/v2\/pages"}],"about":[{"href":"https:\/\/mbm.at\/es\/wp-json\/wp\/v2\/types\/page"}],"author":[{"embeddable":true,"href":"https:\/\/mbm.at\/es\/wp-json\/wp\/v2\/users\/2"}],"replies":[{"embeddable":true,"href":"https:\/\/mbm.at\/es\/wp-json\/wp\/v2\/comments?post=2937"}],"version-history":[{"count":16,"href":"https:\/\/mbm.at\/es\/wp-json\/wp\/v2\/pages\/2937\/revisions"}],"predecessor-version":[{"id":4028,"href":"https:\/\/mbm.at\/es\/wp-json\/wp\/v2\/pages\/2937\/revisions\/4028"}],"wp:attachment":[{"href":"https:\/\/mbm.at\/es\/wp-json\/wp\/v2\/media?parent=2937"}],"curies":[{"name":"wp","href":"https:\/\/api.w.org\/{rel}","templated":true}]}}