{"id":2696,"date":"2024-11-19T15:01:31","date_gmt":"2024-11-19T14:01:31","guid":{"rendered":"https:\/\/wp.mbm.at\/sierra-doble-de-inglete-universal-das-u\/"},"modified":"2024-12-18T10:39:19","modified_gmt":"2024-12-18T09:39:19","slug":"sierra-doble-de-inglete-universal-das-u","status":"publish","type":"page","link":"https:\/\/mbm.at\/es\/sierra-doble-de-inglete-universal-das-u\/","title":{"rendered":"\u00bb Sierra doble de inglete \u2013 Universal DAS-U"},"content":{"rendered":"<div class=\"wpb-content-wrapper\"><p>[vc_row][vc_column width=\u00bb1\/3&#8243;][vc_single_image image=\u00bb1253&#8243; img_size=\u00bb500*500&#8243; alignment=\u00bbcenter\u00bb onclick=\u00bbcustom_link\u00bb css=\u00bb\u00bb link=\u00bbhttps:\/\/mbm.at\/wp-content\/uploads\/2024\/11\/Doppelgehrungssaege-B1.jpg\u00bb][\/vc_column][vc_column width=\u00bb1\/3&#8243;][vc_single_image image=\u00bb1254&#8243; img_size=\u00bb500*500&#8243; alignment=\u00bbcenter\u00bb onclick=\u00bbcustom_link\u00bb css=\u00bb\u00bb link=\u00bbhttps:\/\/mbm.at\/wp-content\/uploads\/2024\/11\/Doppelgehrungssaege-B2.jpg\u00bb][\/vc_column][vc_column width=\u00bb1\/3&#8243;][vc_single_image image=\u00bb1255&#8243; img_size=\u00bb500*500&#8243; alignment=\u00bbcenter\u00bb onclick=\u00bbcustom_link\u00bb css=\u00bb\u00bb link=\u00bbhttps:\/\/mbm.at\/wp-content\/uploads\/2024\/11\/Doppelgehrungssaege-B3.jpg\u00bb][\/vc_column][\/vc_row][vc_row][vc_column][vc_tta_accordion][vc_tta_section title=\u00bbSus ventajas\u00bb tab_id=\u00bb1732024209088-261f6b40-0b24&#8243;][vc_column_text css=\u00bb\u00bb]- Cortes con precisi\u00f3n dimensional y angular<br \/>&#8211; Calidad de corte perfecta<br \/>&#8211; Tiempo de preparaci\u00f3n m\u00ednimo<br \/>&#8211; Superficie sin marcas ni ara\u00f1azos<br \/>&#8211; M\u00e9todo de trabajo eficaz<br \/>&#8211; Precisi\u00f3n para toda la vida<br \/>&#8211; L\u00e1ser de l\u00ednea<br \/>&#8211; Pantalla de medici\u00f3n de 5 ejes[\/vc_column_text][\/vc_tta_section][vc_tta_section title=\u00bbOpciones\u00bb tab_id=\u00bb1732024209088-b6ac61a8-90ab\u00bb][vc_column_text css=\u00bb\u00bb]- Unidades de ranurado<br \/>&#8211; Unidades de taladrado<br \/>&#8211; Mesa de desacoplamiento<br \/>&#8211; Control de 6 ejes[\/vc_column_text][\/vc_tta_section][vc_tta_section title=\u00bbDatos t\u00e9cnicos\u00bb tab_id=\u00bb1732024223378-e979721d-6ca5&#8243;][vc_column_text css=\u00bb\u00bb]- Ejemplo de valores m\u00e1ximos. Los datos pueden variar seg\u00fan la configuraci\u00f3n y las caracter\u00edsticas espec\u00edficas del producto. <\/p>\n<p><b>Tama\u00f1os de pieza<\/b><br \/>Longitud de la pieza 250 mm &#8211; 2.200 mm<br \/>Anchura de la pieza 50 mm &#8211; 660 mm<br \/>Altura m\u00e1x. de la pieza 85 mm <\/p>\n<p><b>\u00c1ngulo de inglete<\/b><br \/>Inglete grande 93\u00b0 \u2013 45\u00b0<br \/>Inglete peque\u00f1o 90\u00b0 \u2013 43\u00b0<\/p>\n<p><b>Exactitud de medida<\/b><br \/>Inglete grande +\/- 0,02\u00b0<br \/>Inglete peque\u00f1o +\/- 0,05\u00b0<br \/>Longitud de la pieza +\/- 0,2 mm<\/p>\n<p><b>Hoja de sierra<\/b><br \/>Di\u00e1metro 350 mm\/400 mm<br \/>Di\u00e1metro de la perforaci\u00f3n 30 mm<\/p>\n<p><b>Agregado para ranurar<\/b><br \/>Di\u00e1metro 180 mm<br \/>Di\u00e1metro de la perforaci\u00f3n 30 mm[\/vc_column_text][\/vc_tta_section][vc_tta_section title=\u00bbMando (de programaci\u00f3n libre)\u00bb tab_id=\u00bb1732024229250-73ac04b9-ca87&#8243;][vc_column_text css=\u00bb\u00bb]- Einfache Programmerstellung<br \/>&#8211; <span data-teams=\"true\">Gran capacidad de almacenamiento para programas de edici\u00f3n personalizados<\/span><br \/>&#8211; Automatische Winkel- und L\u00e4ngenverstellung<br \/>&#8211; Fehlerdiagnose bei St\u00f6rungen<\/p>\n<p><b>Optionen<\/b><br \/>&#8211; Schnittstelle zum \u00dcbertragen der Fertigungsdaten<br \/>&#8211; Ferndiagnose[\/vc_column_text][\/vc_tta_section][vc_tta_section title=\u00bbDatos de la m\u00e1quina\u00bb tab_id=\u00bb1732024226089-2704f2ab-cb84&#8243;][vc_column_text css=\u00bb\u00bb]<b>Velocidad de avance de la sierra<\/b><br \/>adelante\/marcha atr\u00e1s hasta 30 m\/min.<br \/>Capacidad del motor de la sierra 5,5 kW por unidad<br \/>Revoluciones 4.200 r\/min.<br \/>Capacidad del agregado para ranurar 1kW por unidad<br \/>Revoluciones 6.000 r\/min.[\/vc_column_text][\/vc_tta_section][\/vc_tta_accordion][\/vc_column][\/vc_row]<\/p>\n<\/div>","protected":false},"excerpt":{"rendered":"<p>[vc_row][vc_column width=\u00bb1\/3&#8243;][vc_single_image image=\u00bb1253&#8243; img_size=\u00bb500*500&#8243; alignment=\u00bbcenter\u00bb onclick=\u00bbcustom_link\u00bb css=\u00bb\u00bb link=\u00bbhttps:\/\/mbm.at\/wp-content\/uploads\/2024\/11\/Doppelgehrungssaege-B1.jpg\u00bb][\/vc_column][vc_column width=\u00bb1\/3&#8243;][vc_single_image image=\u00bb1254&#8243; img_size=\u00bb500*500&#8243; alignment=\u00bbcenter\u00bb onclick=\u00bbcustom_link\u00bb css=\u00bb\u00bb link=\u00bbhttps:\/\/mbm.at\/wp-content\/uploads\/2024\/11\/Doppelgehrungssaege-B2.jpg\u00bb][\/vc_column][vc_column width=\u00bb1\/3&#8243;][vc_single_image image=\u00bb1255&#8243; img_size=\u00bb500*500&#8243; alignment=\u00bbcenter\u00bb onclick=\u00bbcustom_link\u00bb css=\u00bb\u00bb link=\u00bbhttps:\/\/mbm.at\/wp-content\/uploads\/2024\/11\/Doppelgehrungssaege-B3.jpg\u00bb][\/vc_column][\/vc_row][vc_row][vc_column][vc_tta_accordion][vc_tta_section title=\u00bbSus ventajas\u00bb tab_id=\u00bb1732024209088-261f6b40-0b24&#8243;][vc_column_text css=\u00bb\u00bb]- Cortes con precisi\u00f3n dimensional y angular&#8211; Calidad de corte perfecta&#8211; Tiempo de preparaci\u00f3n m\u00ednimo&#8211; Superficie sin marcas ni ara\u00f1azos&#8211; M\u00e9todo de trabajo eficaz&#8211; Precisi\u00f3n para toda la vida&#8211; L\u00e1ser [&hellip;]<\/p>\n","protected":false},"author":2,"featured_media":0,"parent":0,"menu_order":0,"comment_status":"closed","ping_status":"closed","template":"","meta":{"footnotes":""},"class_list":["post-2696","page","type-page","status-publish","hentry"],"_links":{"self":[{"href":"https:\/\/mbm.at\/es\/wp-json\/wp\/v2\/pages\/2696","targetHints":{"allow":["GET"]}}],"collection":[{"href":"https:\/\/mbm.at\/es\/wp-json\/wp\/v2\/pages"}],"about":[{"href":"https:\/\/mbm.at\/es\/wp-json\/wp\/v2\/types\/page"}],"author":[{"embeddable":true,"href":"https:\/\/mbm.at\/es\/wp-json\/wp\/v2\/users\/2"}],"replies":[{"embeddable":true,"href":"https:\/\/mbm.at\/es\/wp-json\/wp\/v2\/comments?post=2696"}],"version-history":[{"count":13,"href":"https:\/\/mbm.at\/es\/wp-json\/wp\/v2\/pages\/2696\/revisions"}],"predecessor-version":[{"id":3998,"href":"https:\/\/mbm.at\/es\/wp-json\/wp\/v2\/pages\/2696\/revisions\/3998"}],"wp:attachment":[{"href":"https:\/\/mbm.at\/es\/wp-json\/wp\/v2\/media?parent=2696"}],"curies":[{"name":"wp","href":"https:\/\/api.w.org\/{rel}","templated":true}]}}