{"id":2370,"date":"2024-11-19T15:01:14","date_gmt":"2024-11-19T14:01:14","guid":{"rendered":"https:\/\/wp.mbm.at\/lineas-de-produccion\/"},"modified":"2025-02-24T07:51:56","modified_gmt":"2025-02-24T06:51:56","slug":"lineas-de-produccion","status":"publish","type":"page","link":"https:\/\/mbm.at\/es\/lineas-de-produccion\/","title":{"rendered":"L\u00edneas de producci\u00f3n"},"content":{"rendered":"<div class=\"wpb-content-wrapper\"><p>[vc_row][vc_column][vc_column_text css=\u00bb\u00bb]<\/p>\n<h4>\u00bb Sierra doble de inglete \u2013 L\u00ednea de fabricaci\u00f3n DAS-FL<\/h4>\n<p>&nbsp;<\/p>\n<p>La l\u00ednea de producci\u00f3n DAS-FL es una soluci\u00f3n automatizada especialmente dise\u00f1ada para la producci\u00f3n industrial de piezas de ata\u00fad. Garantiza la producci\u00f3n sin huecos de piezas de ata\u00fad con \u00e1ngulos de inglete ajustados con precisi\u00f3n sin necesidad de repasarlas.[\/vc_column_text][\/vc_column][\/vc_row][vc_row][vc_column][vc_images_carousel images=\u00bb5704,5696,5688,5680,5672&#8243; img_size=\u00bbfull\u00bb css=\u00bb\u00bb][\/vc_column][\/vc_row][vc_row][vc_column][vc_tta_accordion][vc_tta_section title=\u00bbSus ventajas\u00bb tab_id=\u00bb1740042920269-5dabd637-c474&#8243;][vc_single_image image=\u00bb5762&#8243; img_size=\u00bb200*200&#8243; alignment=\u00bbcenter\u00bb onclick=\u00bbcustom_link\u00bb css=\u00bb\u00bb link=\u00bbhttps:\/\/mbm.at\/wp-content\/uploads\/2024\/11\/Doppelgehrungssaege-B2.jpg\u00bb][vc_column_text css=\u00bb\u00bb]<\/p>\n<ul>\n<li><strong>Funcionamiento eficiente y autom\u00e1tico:<\/strong> La automatizaci\u00f3n completa conduce a procesos de trabajo m\u00e1s eficientes en la producci\u00f3n de ata\u00fades<\/li>\n<li><strong>Cortes con precisi\u00f3n dimensional y angular:<\/strong> Cortes precisos en cuanto a dimensiones y \u00e1ngulos<\/li>\n<li><strong>Calidad de corte perfecta:<\/strong> cortes de alta calidad sin defectos<\/li>\n<li><strong>Superficie sin ara\u00f1azos ni huellas:<\/strong> las superficies permanecen intactas<\/li>\n<li><strong>Precisi\u00f3n para toda la vida:<\/strong> precisi\u00f3n y fiabilidad a largo plazo<\/li>\n<li><strong>Tiempos de inactividad de la m\u00e1quina m\u00e1s cortos:<\/strong> Menos tiempo perdido por trabajos auxiliares como el rectificado<\/li>\n<li><strong>Flexibilidad:<\/strong> los productos pueden cambiarse inmediatamente, lo que aumenta la adaptabilidad<\/li>\n<\/ul>\n<p>[\/vc_column_text][\/vc_tta_section][vc_tta_section title=\u00bbAplicaciones de producci\u00f3n de ata\u00fades\u00bb tab_id=\u00bb1740042948070-da177d6f-ddf9&#8243;][vc_single_image image=\u00bb5734&#8243; img_size=\u00bb200*200&#8243; alignment=\u00bbcenter\u00bb onclick=\u00bbcustom_link\u00bb css=\u00bb\u00bb link=\u00bbhttps:\/\/mbm.at\/wp-content\/uploads\/2025\/02\/20250121_103920-scaled.jpg\u00bb][vc_column_text css=\u00bb\u00bb]<\/p>\n<ul>\n<li>El DAS-FL es adecuado para formas de ata\u00fad trapezoidales y normales, por ejemplo:\n<ul>\n<li>Molde de techo de casa, molde de cuerpo de ata\u00fad, moldes de ata\u00fad alemanes, suizos, italianos, franceses y escandinavos, as\u00ed como el ata\u00fad de arc\u00f3n americano y para arquetas de hueso<\/li>\n<\/ul>\n<\/li>\n<li>Dos unidades de serrado producen cortes a inglete precisos para piezas de ata\u00fad como paneles laterales, secci\u00f3n de cabeza, secci\u00f3n de pie, tapa y base en una sola pasada<\/li>\n<li>La DAS-FL proporciona una alta calidad de corte al fijar firmemente las piezas presion\u00e1ndolas sobre la superficie de apoyo durante el corte<\/li>\n<li>Cortes a inglete precisos con junta recta y con ranura fresada<\/li>\n<li>Una unidad de ranurado integrada crea una ranura para clavos de uni\u00f3n que coincide con el grosor del tablero<\/li>\n<li>Adecuado para todo tipo de madera, ya sea en bruto, revestida o chapada. Por ejemplo: Picea, abeto, pino, roble, alerce, MDF, multicapa o aglomerado <\/li>\n<\/ul>\n<p>[\/vc_column_text][\/vc_tta_section][vc_tta_section title=\u00bbRealizaci\u00f3n\u00bb tab_id=\u00bb1740042952725-2448c65b-19c4&#8243;][vc_single_image image=\u00bb5770&#8243; img_size=\u00bb200*200&#8243; alignment=\u00bbcenter\u00bb onclick=\u00bbcustom_link\u00bb css=\u00bb\u00bb link=\u00bbhttps:\/\/mbm.at\/wp-content\/uploads\/2025\/02\/20241211_143329-scaled.jpg\u00bb][vc_column_text css=\u00bb\u00bb]<\/p>\n<ul>\n<li>M\u00e1quina b\u00e1sica DAS-FL\n<ul>\n<li>como l\u00ednea de producci\u00f3n con dos ingletadoras dobles<\/li>\n<\/ul>\n<\/li>\n<li>DAS-FLT para serrar con tiras en T ya aplicadas\n<ul>\n<li>T\u00e9cnica de agarre adaptada con la correspondiente escotadura para barra en T<\/li>\n<li>Tecnolog\u00eda de sujeci\u00f3n personalizada preparada para barra en T<\/li>\n<li>Unidad de serrado a medida preparada para barra en T<\/li>\n<li>Unidad de ranurado a medida para barra en T<\/li>\n<\/ul>\n<\/li>\n<li>DAS-FL con unidad de ranurado para ranura recta\n<ul>\n<li>La versi\u00f3n con unidad de ranurado para uniones de cola de milano (anime) est\u00e1 disponible como opci\u00f3n<\/li>\n<\/ul>\n<\/li>\n<li>DAS-FL con seguimiento de los datos del producto\n<ul>\n<li>Para un seguimiento continuo de los datos del producto, los datos del pedido o los par\u00e1metros relacionados con el mismo, como la calidad, el material y las longitudes, pueden transferirse del producto al sistema<\/li>\n<\/ul>\n<\/li>\n<li>El sistema puede funcionar como soluci\u00f3n aut\u00f3noma o en l\u00ednea, lo que permite integrarlo en las l\u00edneas de producci\u00f3n existentes<\/li>\n<\/ul>\n<p>[\/vc_column_text][\/vc_tta_section][vc_tta_section title=\u00bbOpciones\u00bb tab_id=\u00bb1740042956421-602b839f-1f9c\u00bb][vc_single_image image=\u00bb5385&#8243; img_size=\u00bb200*200&#8243; alignment=\u00bbcenter\u00bb onclick=\u00bbcustom_link\u00bb css=\u00bb\u00bb link=\u00bbhttps:\/\/mbm.at\/wp-content\/uploads\/2025\/02\/IMG_0546-scaled.jpg\u00bb][vc_column_text css=\u00bb\u00bb]<\/p>\n<ul>\n<li>La l\u00ednea de producci\u00f3n DAS-FL puede combinarse con otras m\u00e1quinas.\n<ul>\n<li>M\u00e1quina autom\u00e1tica de montaje de moldes<\/li>\n<li>Estaciones de taladrado para taladrar con precisi\u00f3n asas o cerraduras<\/li>\n<li>Tecnolog\u00eda de transporte, como transportadores de rodillos de retorno, transportadores transversales o transportadores de eliminaci\u00f3n de residuos<\/li>\n<li>Almac\u00e9n de cartones, para guardar cartones troquelados<\/li>\n<\/ul>\n<\/li>\n<\/ul>\n<p>[\/vc_column_text][\/vc_tta_section][vc_tta_section title=\u00bbDatos t\u00e9cnicos\u00bb tab_id=\u00bb1740042959709-d9a1a16e-e586&#8243;][vc_single_image image=\u00bb5778&#8243; img_size=\u00bb200*200&#8243; alignment=\u00bbcenter\u00bb onclick=\u00bbcustom_link\u00bb css=\u00bb\u00bb link=\u00bbhttps:\/\/mbm.at\/wp-content\/uploads\/2025\/02\/20250117_075751-scaled.jpg\u00bb][vc_column_text css=\u00bb\u00bb]<\/p>\n<ul>\n<li>Tipos de paneles (en blanco)\n<ul>\n<li>Todo tipo de madera, ya sea en bruto, revestida o chapada. Por ejemplo: Picea, abeto, pino, roble, alerce, MDF, multicapa o aglomerado <\/li>\n<li>Longitud del panel ciego: 1.500 mm &#8211; 2.200 mm<\/li>\n<li>Anchura del panel ciego: 200 mm &#8211; 660 mm<\/li>\n<\/ul>\n<\/li>\n<li>Tama\u00f1o de las piezas (piezas cortadas)\n<ul>\n<li>Longitud de la pieza cortada: 300 mm &#8211; 2.180 mm<\/li>\n<li>Longitud de la pieza con dos cortes simult\u00e1neos: m\u00e1ximo 2.170 mm<\/li>\n<li>Anchura de la pieza a 90\u00b0: 200 mm &#8211; 660 mm<\/li>\n<li>Anchura de la pieza a 45\u00b0: 200 mm &#8211; 460 mm<\/li>\n<\/ul>\n<\/li>\n<li>Altura de corte\n<ul>\n<li>Hoja de sierra \u00d8 350 mm: a 90\u00b0: m\u00e1x. 60 mm a 45\u00b0: m\u00e1x. 40 mm  <\/li>\n<li>Hoja de sierra \u00d8 400 mm a 90\u00b0: m\u00e1x. 85 mm a 45\u00b0: m\u00e1x. 55 mm  <\/li>\n<\/ul>\n<\/li>\n<li>\u00c1ngulo de inglete\n<ul>\n<li>Carro del grupo sierra (inglete grande): 90\u00b0 &#8211; 45\u00b0<\/li>\n<li>Hoja de sierra (inglete peque\u00f1o): 90\u00b0 &#8211; 45<\/li>\n<\/ul>\n<\/li>\n<li>Unidad de ranurado\n<ul>\n<li>Di\u00e1metro \u00d8 180 mm<\/li>\n<li>Di\u00e1metro interior \u00d8 30 mm<\/li>\n<li>\n<\/li>\n<\/ul>\n<\/li>\n<li>Velocidad de avance\n<ul>\n<li>Unidad de serrado antes: 1 &#8211; 30 m\/min<\/li>\n<li>Unidad de serrado posterior: 1 &#8211; 30 m\/min<\/li>\n<li>Nota: Los datos pueden variar seg\u00fan el tipo de madera y las dimensiones<\/li>\n<\/ul>\n<\/li>\n<li>Duraci\u00f3n del ciclo\n<ul>\n<li>De m\u00edn. 14 a m\u00e1x. 20 seg. por pieza en funci\u00f3n de la variante de acabado (ranurado, taladrado, etc.)   <\/li>\n<li>Nota: Los datos pueden variar seg\u00fan el tipo de madera y las dimensiones<\/li>\n<\/ul>\n<\/li>\n<\/ul>\n<p>[\/vc_column_text][\/vc_tta_section][vc_tta_section title=\u00bbSistema de control\u00bb tab_id=\u00bb1740042963869-d4abaab2-9677&#8243;][vc_single_image image=\u00bb5743&#8243; img_size=\u00bb200*200&#8243; alignment=\u00bbcenter\u00bb onclick=\u00bbcustom_link\u00bb css=\u00bb\u00bb link=\u00bbhttps:\/\/mbm.at\/wp-content\/uploads\/2025\/02\/KHA6gross-scaled.jpg\u00bb][vc_column_text css=\u00bb\u00bb]<\/p>\n<ul>\n<li>Siemens como marca l\u00edder en componentes el\u00e9ctricos y electr\u00f3nicos con un sistema de control centralizado TIA-PLC (versi\u00f3n segura) para el control de sistemas, secuencias y seguridad<\/li>\n<li>Ordenador central para la gesti\u00f3n de art\u00edculos y productos, seguimiento de productos, gesti\u00f3n de par\u00e1metros, funcionamiento manual, gesti\u00f3n de alarmas, registro de datos<\/li>\n<li>Panel de control HMI con pantalla t\u00e1ctil<\/li>\n<li>Creaci\u00f3n sencilla de programas con el configurador de ata\u00fades<\/li>\n<li>Gran capacidad de almacenamiento para programas de edici\u00f3n personalizados<\/li>\n<li>Ajuste autom\u00e1tico del \u00e1ngulo y la longitud<\/li>\n<li>Diagn\u00f3stico de aver\u00edas<\/li>\n<li>Correcci\u00f3n de la longitud y la altura de la ranura para diferentes grosores de madera<\/li>\n<li>Cortar diferentes programas de una pieza de madera<\/li>\n<li>Opciones de control\n<ul>\n<li>Interfaz para la transferencia autom\u00e1tica de datos de producci\u00f3n<\/li>\n<li>Soluciones de telediagn\u00f3stico y telemantenimiento<\/li>\n<\/ul>\n<\/li>\n<\/ul>\n<p>Control de plataforma IoT: para la supervisi\u00f3n y adquisici\u00f3n de datos de producci\u00f3n y la conexi\u00f3n en red con sistemas aguas arriba o aguas abajo. M\u00e1s informaci\u00f3n en: <a href=\"https:\/\/www.digifai.com\/de\/control\/\" target=\"_blank\" rel=\"noopener\">control- digifai.<\/a>[\/vc_column_text][\/vc_tta_section][vc_tta_section title=\u00bbDatos de la m\u00e1quina\u00bb tab_id=\u00bb1740042968597-179ef6c6-9635&#8243;][vc_single_image image=\u00bb5752&#8243; img_size=\u00bb200*200&#8243; alignment=\u00bbcenter\u00bb onclick=\u00bbcustom_link\u00bb css=\u00bb\u00bb link=\u00bbhttps:\/\/mbm.at\/wp-content\/uploads\/2025\/02\/Kantholzautomat-KHA2.png\u00bb][vc_column_text css=\u00bb\u00bb]<\/p>\n<ul>\n<li>Robusto dise\u00f1o soldado<\/li>\n<li>Longitud: aprox. 9.760 mm con m\u00f3dulos adicionales de hasta 14.000 mm (m\u00e1quina b\u00e1sica sin valla de seguridad)<\/li>\n<li>Anchura: aprox. 2.106 mm con m\u00f3dulos adicionales de hasta 4.600 mm (m\u00e1quina b\u00e1sica sin valla de seguridad)<\/li>\n<li>Altura: aprox. 2.284 mm<\/li>\n<li>Peso DAS-FL<\/li>\n<li>8.200 kg (m\u00e1quina b\u00e1sica)<\/li>\n<li>Carga conectada: aprox. 39 kW<\/li>\n<li>Tensi\u00f3n de red 400 V \/ 50 Hz<\/li>\n<li>Consumo de aire comprimido: aprox. 3.000 l\/min. en la unidad de mantenimiento <\/li>\n<li>Presi\u00f3n de funcionamiento: sobrepresi\u00f3n m\u00ednima de 6 bares <\/li>\n<li>Volumen de extracci\u00f3n: aprox. 5.600 m\u00b3\/h a una velocidad del aire de 32 m\/s<\/li>\n<li>Temperatura ambiente de la m\u00e1quina: entre + 10\u00b0C y + 40\u00b0C<\/li>\n<\/ul>\n<p>[\/vc_column_text][\/vc_tta_section][\/vc_tta_accordion][\/vc_column][\/vc_row]<\/p>\n<\/div>","protected":false},"excerpt":{"rendered":"<p>[vc_row][vc_column][vc_column_text css=\u00bb\u00bb] \u00bb Sierra doble de inglete \u2013 L\u00ednea de fabricaci\u00f3n DAS-FL &nbsp; La l\u00ednea de producci\u00f3n DAS-FL es una soluci\u00f3n automatizada especialmente dise\u00f1ada para la producci\u00f3n industrial de piezas de ata\u00fad. Garantiza la producci\u00f3n sin huecos de piezas de ata\u00fad con \u00e1ngulos de inglete ajustados con precisi\u00f3n sin necesidad de repasarlas.[\/vc_column_text][\/vc_column][\/vc_row][vc_row][vc_column][vc_images_carousel images=\u00bb5704,5696,5688,5680,5672&#8243; img_size=\u00bbfull\u00bb css=\u00bb\u00bb][\/vc_column][\/vc_row][vc_row][vc_column][vc_tta_accordion][vc_tta_section [&hellip;]<\/p>\n","protected":false},"author":2,"featured_media":0,"parent":0,"menu_order":0,"comment_status":"closed","ping_status":"closed","template":"","meta":{"footnotes":""},"class_list":["post-2370","page","type-page","status-publish","hentry"],"_links":{"self":[{"href":"https:\/\/mbm.at\/es\/wp-json\/wp\/v2\/pages\/2370","targetHints":{"allow":["GET"]}}],"collection":[{"href":"https:\/\/mbm.at\/es\/wp-json\/wp\/v2\/pages"}],"about":[{"href":"https:\/\/mbm.at\/es\/wp-json\/wp\/v2\/types\/page"}],"author":[{"embeddable":true,"href":"https:\/\/mbm.at\/es\/wp-json\/wp\/v2\/users\/2"}],"replies":[{"embeddable":true,"href":"https:\/\/mbm.at\/es\/wp-json\/wp\/v2\/comments?post=2370"}],"version-history":[{"count":25,"href":"https:\/\/mbm.at\/es\/wp-json\/wp\/v2\/pages\/2370\/revisions"}],"predecessor-version":[{"id":5927,"href":"https:\/\/mbm.at\/es\/wp-json\/wp\/v2\/pages\/2370\/revisions\/5927"}],"wp:attachment":[{"href":"https:\/\/mbm.at\/es\/wp-json\/wp\/v2\/media?parent=2370"}],"curies":[{"name":"wp","href":"https:\/\/api.w.org\/{rel}","templated":true}]}}