{"id":1993,"date":"2024-11-11T08:40:17","date_gmt":"2024-11-11T07:40:17","guid":{"rendered":"https:\/\/wp.mbm.at\/informacion-legal\/"},"modified":"2025-04-29T09:15:25","modified_gmt":"2025-04-29T07:15:25","slug":"informacion-legal","status":"publish","type":"page","link":"https:\/\/mbm.at\/es\/informacion-legal\/","title":{"rendered":"Informaci\u00f3n legal"},"content":{"rendered":"<div class=\"wpb-content-wrapper\"><p>[vc_row][vc_column][vc_column_text css=\u00bb\u00bb]<\/p>\n<div class=\"l_column l_lg-4 l_md-6\">\n<div class=\"vc_column-inner\">\n<div class=\"wpb_wrapper\">\n<div class=\"wpb_text_column wpb_content_element\">\n<div class=\"wpb_wrapper\">\n<h4>Informaci\u00f3n legal<\/h4>\n<ul>\n<li><span class=\"locality\">Nombre de la empresa: <\/span>Eberle Automatische Systeme GmbH &amp; Co KG<\/li>\n<li><span class=\"locality\">Direcci\u00f3n: Dr.-Walter-Zumtobel-Stra\u00dfe 8<\/span><span class=\"locality\"><span class=\"street-address\">, <\/span><\/span><span class=\"locality\"><span class=\"postal-code\">6850<\/span> Dornbirn, <\/span><span class=\"locality\">Austria<\/span><\/li>\n<li><span class=\"value\">Tel\u00e9fono: <a href=\"tel:+43 5572 55580\">+43 5572 55580<\/a><\/span><\/li>\n<li>e-Mail: <a href=\"mailto:info@eberle.at\">info@eberle.at<\/a><\/li>\n<li>Internet: <a class=\"url\" href=\"http:\/\/www.eberle.at\/de\/\" target=\"_blank\" rel=\"noopener noreferrer\">www.eberle.at<\/a><\/li>\n<\/ul>\n<\/div>\n<\/div>\n<\/div>\n<\/div>\n<\/div>\n<div class=\"l_column l_lg-4 l_md-6\">\n<div class=\"vc_column-inner\">\n<div class=\"wpb_wrapper\">\n<div class=\"wpb_text_column wpb_content_element\">\n<div class=\"wpb_wrapper\">\n<ul>\n<li>Director General: Viktor Eberle, Martin Moosmann<\/li>\n<li><span id=\"ctl00_ContentPlaceHolder1_datenFelder_genericFieldsRepeater_ctl11_genericLabel_DescriptionLabel\"><span id=\"ctl00_ContentPlaceHolder1_datenFelder_genericFieldsRepeater_ctl11_genericLabel_helpLinkLabel1\" class=\"transparent_label_info\">Tribunal de empresa: <\/span><\/span>Tribunal regional Feldkirch<\/li>\n<li><span class=\"transparent_label_info\">Autoridad seg\u00fan ECG: Administraci\u00f3n del distrito de Dornbirn <\/span><\/li>\n<li><span class=\"transparent_label_info\">Forma jur\u00eddica: GmbH &amp; Co KG <\/span><\/li>\n<li>Mitglied der Wirtschaftskammer Vorarlberg:<br \/>\nFachgruppe <a href=\"https:\/\/www.wko.at\/service\/dienststelle.html?orgid=15492\" target=\"_blank\" rel=\"noopener noreferrer\">Mechatroniker<\/a><\/li>\n<li><span id=\"ctl00_ContentPlaceHolder1_agbsBoxes_genericCategoriesRepeater_ctl00_genericFields_genericFieldsRepeater_ctl01_genericLabel_DescriptionLabel\"><span id=\"ctl00_ContentPlaceHolder1_agbsBoxes_genericCategoriesRepeater_ctl00_genericFields_genericFieldsRepeater_ctl01_genericLabel_helpLinkLabel1\" class=\"transparent_label_info\">Autorizaci\u00f3n: T\u00e9cnico en electrotecnia combinado con t\u00e9cnico en electr\u00f3nica, t\u00e9cnico en comunicaciones de oficina, t\u00e9cnico en electr\u00f3nica de radio y v\u00eddeo seg\u00fan \u00a7 94 Z 17 GewO 1994<\/span><\/span><\/li>\n<\/ul>\n<\/div>\n<\/div>\n<\/div>\n<\/div>\n<\/div>\n<div class=\"l_column l_lg-4 l_md-6\">\n<div class=\"vc_column-inner\">\n<div class=\"wpb_wrapper\">\n<div class=\"wpb_text_column wpb_content_element\">\n<div class=\"wpb_wrapper\">\n<ul>\n<li>N\u00famero de registro mercantil: 343886s<\/li>\n<li>GLN (de la administraci\u00f3n p\u00fablica): 9110017600405<\/li>\n<li><span class=\"transparent_label_info\">N\u00famero de IVA: ATU65739267<\/span><\/li>\n<li><span class=\"transparent_label_info\"><span id=\"ctl00_ContentPlaceHolder1_datenFelder_genericFieldsRepeater_ctl19_genericLabel_DescriptionLabel\"><span id=\"ctl00_ContentPlaceHolder1_datenFelder_genericFieldsRepeater_ctl19_genericLabel_helpLinkLabel1\" class=\"transparent_label_info\">N\u00famero EORI: ATEOS1000019900<\/span><\/span><\/span><\/li>\n<li><span class=\"transparent_label_info\">Facturas electr\u00f3nicas: <a href=\"mailto:info@eberle.at\">info@eberle.at<\/a><\/span><\/li>\n<\/ul>\n<h4>Condiciones generales de contrataci\u00f3n (AGB)<strong><br \/>\n<\/strong><\/h4>\n<p>Se aplican las condiciones generales de suministro de la industria el\u00e9ctrica y electr\u00f3nica austriaca (<a href=\"https:\/\/www.eberle.at\/wp-content\/uploads\/2018\/06\/feei_allgemeine_lieferbedingungen_2017_deutsch.pdf\" target=\"_blank\" rel=\"noopener noreferrer\">PDF<\/a>), las condiciones del software de la industria el\u00e9ctrica y electr\u00f3nica austriaca (<a href=\"https:\/\/www.eberle.at\/wp-content\/uploads\/2018\/06\/feei-softwarebedingungen_04-2018.pdf\" target=\"_blank\" rel=\"noopener noreferrer\">PDF<\/a>) y las condiciones de mantenimiento del software de la industria el\u00e9ctrica y electr\u00f3nica austriaca (<a href=\"https:\/\/www.eberle.at\/wp-content\/uploads\/2018\/06\/feei-softwarewartungsbedingungen_04-2018_0.pdf\" target=\"_blank\" rel=\"noopener noreferrer\">PDF<\/a>). El lugar de cumplimiento es Dornbirn. Nuestras condiciones de entrega se basan en los Incoterms 2010.  <\/p>\n<div class=\"s_richtext\">\n<h4>Pol\u00edtica de protecci\u00f3n de datos<\/h4>\n<\/div>\n<div class=\"s_richtext\">\n<p>Encontrar\u00e1 nuestra pol\u00edtica de privacidad <a href=\"https:\/\/mbm.at\/es\/politica-de-proteccion-de-datos\/\" target=\"_blank\" rel=\"noopener\">hier<\/a>.<\/p>\n<h4>Miembro de la C\u00e1mara de Comercio de Vorarlberg<\/h4>\n<p>Toda la informaci\u00f3n seg\u00fan ECG, UGB, GewO puede encontrarse en el directorio de la WKO. [ <a href=\"https:\/\/firmen.wko.at\/eberle-automatische-systeme-gmbh---co-kg-eberle-automatische-systeme\/vorarlberg\/?firmaid=ad89a2e3-65ae-406b-86a4-b95c431fcc3e&amp;standortid=0&amp;suchbegriff=eberle+automatische+systeme&amp;page=1\" target=\"_blank\" rel=\"noopener\">&#8230; <\/a>] <\/p>\n<div class=\"s_richtext\">\n<h4>Propietario del medio<\/h4>\n<\/div>\n<p>Eberle Automatische Systeme GmbH &amp; Co KG<br \/>\n<span class=\"locality\"><span class=\"street-address\">Dr.-Walter-Zumtobel-Stra\u00dfe 8<br \/>\n<\/span><span class=\"postal-code\">6850<\/span> Dornbirn<br \/>\n\u00d6sterreich<\/span><\/p>\n<\/div>\n<\/div>\n<\/div>\n<\/div>\n<\/div>\n<\/div>\n<p>[\/vc_column_text][\/vc_column][\/vc_row]<\/p>\n<\/div>","protected":false},"excerpt":{"rendered":"<p>[vc_row][vc_column][vc_column_text css=\u00bb\u00bb] Informaci\u00f3n legal Nombre de la empresa: Eberle Automatische Systeme GmbH &amp; Co KG Direcci\u00f3n: Dr.-Walter-Zumtobel-Stra\u00dfe 8, 6850 Dornbirn, Austria Tel\u00e9fono: +43 5572 55580 e-Mail: info@eberle.at Internet: www.eberle.at Director General: Viktor Eberle, Martin Moosmann Tribunal de empresa: Tribunal regional Feldkirch Autoridad seg\u00fan ECG: Administraci\u00f3n del distrito de Dornbirn Forma jur\u00eddica: GmbH &amp; Co KG [&hellip;]<\/p>\n","protected":false},"author":2,"featured_media":0,"parent":0,"menu_order":0,"comment_status":"closed","ping_status":"closed","template":"","meta":{"footnotes":""},"class_list":["post-1993","page","type-page","status-publish","hentry"],"_links":{"self":[{"href":"https:\/\/mbm.at\/es\/wp-json\/wp\/v2\/pages\/1993","targetHints":{"allow":["GET"]}}],"collection":[{"href":"https:\/\/mbm.at\/es\/wp-json\/wp\/v2\/pages"}],"about":[{"href":"https:\/\/mbm.at\/es\/wp-json\/wp\/v2\/types\/page"}],"author":[{"embeddable":true,"href":"https:\/\/mbm.at\/es\/wp-json\/wp\/v2\/users\/2"}],"replies":[{"embeddable":true,"href":"https:\/\/mbm.at\/es\/wp-json\/wp\/v2\/comments?post=1993"}],"version-history":[{"count":8,"href":"https:\/\/mbm.at\/es\/wp-json\/wp\/v2\/pages\/1993\/revisions"}],"predecessor-version":[{"id":6081,"href":"https:\/\/mbm.at\/es\/wp-json\/wp\/v2\/pages\/1993\/revisions\/6081"}],"wp:attachment":[{"href":"https:\/\/mbm.at\/es\/wp-json\/wp\/v2\/media?parent=1993"}],"curies":[{"name":"wp","href":"https:\/\/api.w.org\/{rel}","templated":true}]}}