{"id":1834,"date":"2024-11-11T09:00:25","date_gmt":"2024-11-11T08:00:25","guid":{"rendered":"https:\/\/wp.mbm.at\/referencias\/"},"modified":"2024-11-12T15:04:05","modified_gmt":"2024-11-12T14:04:05","slug":"referencias","status":"publish","type":"page","link":"https:\/\/mbm.at\/es\/referencias\/","title":{"rendered":"Referencias"},"content":{"rendered":"<div class=\"wpb-content-wrapper\"><p>[vc_row][vc_column][vc_single_image image=\u00bb1461&#8243; img_size=\u00bblarge\u00bb css=\u00bb\u00bb][\/vc_column][\/vc_row][vc_row][vc_column][vc_column_text css=\u00bb\u00bb]<b>Europa<\/p>\n<p><\/b><b><\/b><\/p>\n<div class=\"env-scrollable\">\n<table>\n<tbody>\n<tr>\n<td>B\u00e9lgica<\/td>\n<td>Dinamarca<\/td>\n<td>Alemania<\/td>\n<td>Francia<\/td>\n<td>Italia<\/td>\n<td>Croacia<\/td>\n<td>Liechtenstein<\/td>\n<td>Luxemburgo<\/td>\n<td>Pa\u00edses Bajos<\/td>\n<td>Austria<\/td>\n<\/tr>\n<tr>\n<td>Polonia<\/td>\n<td>Portugal<\/td>\n<td>Rumania<\/td>\n<td>San Marino<\/td>\n<td>Suecia<\/td>\n<td>Suiza<\/td>\n<td>Eslovenia<\/td>\n<td>Espa\u00f1a<\/td>\n<td>Rep\u00fablica Checa<\/td>\n<td>Reino Unido<\/td>\n<\/tr>\n<\/tbody>\n<\/table>\n<\/div>\n<p><br class=\"clearer\"><b>Mundial<\/p>\n<p><\/b><\/p>\n<div class=\"env-scrollable\">\n<table>\n<tbody>\n<tr>\n<td>Australia<\/td>\n<td>La China<\/td>\n<td>Jap\u00f3n<\/td>\n<td>Taiw\u00e1n<\/td>\n<td>T\u00fanez<\/td>\n<td>EE.UU<\/td>\n<\/tr>\n<\/tbody>\n<\/table>\n<\/div>\n<p>[\/vc_column_text][\/vc_column][\/vc_row]<\/p>\n<\/div>","protected":false},"excerpt":{"rendered":"<p>[vc_row][vc_column][vc_single_image image=\u00bb1461&#8243; img_size=\u00bblarge\u00bb css=\u00bb\u00bb][\/vc_column][\/vc_row][vc_row][vc_column][vc_column_text css=\u00bb\u00bb]Europa B\u00e9lgica Dinamarca Alemania Francia Italia Croacia Liechtenstein Luxemburgo Pa\u00edses Bajos Austria Polonia Portugal Rumania San Marino Suecia Suiza Eslovenia Espa\u00f1a Rep\u00fablica Checa Reino Unido Mundial Australia La China Jap\u00f3n Taiw\u00e1n T\u00fanez EE.UU [\/vc_column_text][\/vc_column][\/vc_row]<\/p>\n","protected":false},"author":2,"featured_media":0,"parent":0,"menu_order":0,"comment_status":"closed","ping_status":"closed","template":"","meta":{"footnotes":""},"class_list":["post-1834","page","type-page","status-publish","hentry"],"_links":{"self":[{"href":"https:\/\/mbm.at\/es\/wp-json\/wp\/v2\/pages\/1834","targetHints":{"allow":["GET"]}}],"collection":[{"href":"https:\/\/mbm.at\/es\/wp-json\/wp\/v2\/pages"}],"about":[{"href":"https:\/\/mbm.at\/es\/wp-json\/wp\/v2\/types\/page"}],"author":[{"embeddable":true,"href":"https:\/\/mbm.at\/es\/wp-json\/wp\/v2\/users\/2"}],"replies":[{"embeddable":true,"href":"https:\/\/mbm.at\/es\/wp-json\/wp\/v2\/comments?post=1834"}],"version-history":[{"count":2,"href":"https:\/\/mbm.at\/es\/wp-json\/wp\/v2\/pages\/1834\/revisions"}],"predecessor-version":[{"id":1836,"href":"https:\/\/mbm.at\/es\/wp-json\/wp\/v2\/pages\/1834\/revisions\/1836"}],"wp:attachment":[{"href":"https:\/\/mbm.at\/es\/wp-json\/wp\/v2\/media?parent=1834"}],"curies":[{"name":"wp","href":"https:\/\/api.w.org\/{rel}","templated":true}]}}