{"id":1729,"date":"2024-11-11T08:38:59","date_gmt":"2024-11-11T07:38:59","guid":{"rendered":"https:\/\/wp.mbm.at\/contacto\/"},"modified":"2024-12-18T11:21:45","modified_gmt":"2024-12-18T10:21:45","slug":"contacto","status":"publish","type":"page","link":"https:\/\/mbm.at\/es\/contacto\/","title":{"rendered":"Contacto"},"content":{"rendered":"<div class=\"wpb-content-wrapper\"><p>[vc_row][vc_column][vc_column_text css=\u00bb\u00bb]<\/p>\n<div class=\"l_column l_lg-4 l_md-6\">\n<div class=\"vc_column-inner\">\n<div class=\"wpb_wrapper\">\n<div class=\"wpb_text_column wpb_content_element\">\n<div class=\"wpb_wrapper\">\n<h3><strong>Eberle Automatische Systeme <\/strong><strong>GmbH &amp; Co KG<\/strong><\/h3>\n<p class=\"bodytext\">Dr.-Walter-Zumtobel-Stra\u00dfe 8<br \/>6850 Dornbirn<br \/>Austria<\/p>\n<\/div>\n<\/div>\n<div class=\"wpb_text_column wpb_content_element\">\n<div class=\"wpb_wrapper\">\n<h4><strong>Consulta<\/strong><\/h4>\n<p>Sus preocupaciones son importantes para nosotros. Env\u00edenos sus consultas en cualquier momento. <\/p>\n<ul>\n<li>Consulta<\/li>\n<li>Ayuda<\/li>\n<li>Aplicaci\u00f3n<\/li>\n<li>Documentaci\u00f3n del producto<\/li>\n<\/ul>\n<p><a href=\"mailto:info@eberle.at\">info@eberle.at<\/a><\/p>\n<p><a href=\"mailto:office@mbm.at\">office@mbm.at<\/a><\/p>\n<\/div>\n<\/div>\n<\/div>\n<\/div>\n<\/div>\n<div class=\"l_column l_lg-4 l_md-6\">\n<div class=\"vc_column-inner\">\n<div class=\"wpb_wrapper\">\n<div class=\"wpb_text_column wpb_content_element\">\n<div class=\"wpb_wrapper\">\n<h4><strong>Horarios de apertura<\/strong><\/h4>\n<table class=\"opening-hours\">\n<tbody>\n<tr>\n<th>MO \u2013 DO<\/th>\n<td>07:00 \u2013 12.00 Uhr<\/td>\n<td>13:00 \u2013 17.00 Uhr<\/td>\n<\/tr>\n<tr>\n<th>FR<\/th>\n<td>07:00 \u2013 12:00 Uhr<\/td>\n<\/tr>\n<\/tbody>\n<\/table>\n<p>El horario de apertura no incluye los d\u00edas festivos.<\/p>\n<p>Accesibilidad en horario de apertura<\/p>\n<ul>\n<li>Por tel\u00e9fono +43 5572 55580<\/li>\n<li>per E-Mail unter <a href=\"mailto:info@eberle.at\">info@eberle.at<\/a>, <a href=\"mailto:office@mbm.at\">office@mbm.at<\/a><\/li>\n<\/ul>\n<p>Accesibilidad fuera del horario de apertura<\/p>\n<ul>\n<li>Por tel\u00e9fono +43 5572 55580<\/li>\n<li>por correo electr\u00f3nico a <a href=\"mailto:support@eberle.at\">support@eberle.at<\/a><\/li>\n<\/ul>\n<p>&nbsp;<\/p>\n<\/div>\n<\/div>\n<\/div>\n<\/div>\n<\/div>\n<p>[\/vc_column_text][\/vc_column][\/vc_row]<\/p>\n<\/div>","protected":false},"excerpt":{"rendered":"<p>[vc_row][vc_column][vc_column_text css=\u00bb\u00bb] Eberle Automatische Systeme GmbH &amp; Co KG Dr.-Walter-Zumtobel-Stra\u00dfe 86850 DornbirnAustria Consulta Sus preocupaciones son importantes para nosotros. Env\u00edenos sus consultas en cualquier momento. Consulta Ayuda Aplicaci\u00f3n Documentaci\u00f3n del producto info@eberle.at office@mbm.at Horarios de apertura MO \u2013 DO 07:00 \u2013 12.00 Uhr 13:00 \u2013 17.00 Uhr FR 07:00 \u2013 12:00 Uhr El horario de [&hellip;]<\/p>\n","protected":false},"author":2,"featured_media":0,"parent":0,"menu_order":0,"comment_status":"closed","ping_status":"closed","template":"","meta":{"footnotes":""},"class_list":["post-1729","page","type-page","status-publish","hentry"],"_links":{"self":[{"href":"https:\/\/mbm.at\/es\/wp-json\/wp\/v2\/pages\/1729","targetHints":{"allow":["GET"]}}],"collection":[{"href":"https:\/\/mbm.at\/es\/wp-json\/wp\/v2\/pages"}],"about":[{"href":"https:\/\/mbm.at\/es\/wp-json\/wp\/v2\/types\/page"}],"author":[{"embeddable":true,"href":"https:\/\/mbm.at\/es\/wp-json\/wp\/v2\/users\/2"}],"replies":[{"embeddable":true,"href":"https:\/\/mbm.at\/es\/wp-json\/wp\/v2\/comments?post=1729"}],"version-history":[{"count":8,"href":"https:\/\/mbm.at\/es\/wp-json\/wp\/v2\/pages\/1729\/revisions"}],"predecessor-version":[{"id":4273,"href":"https:\/\/mbm.at\/es\/wp-json\/wp\/v2\/pages\/1729\/revisions\/4273"}],"wp:attachment":[{"href":"https:\/\/mbm.at\/es\/wp-json\/wp\/v2\/media?parent=1729"}],"curies":[{"name":"wp","href":"https:\/\/api.w.org\/{rel}","templated":true}]}}