{"id":1509,"date":"2024-11-05T12:42:56","date_gmt":"2024-11-05T11:42:56","guid":{"rendered":"https:\/\/wp.mbm.at\/politica-de-proteccion-de-datos\/"},"modified":"2024-12-11T07:33:16","modified_gmt":"2024-12-11T06:33:16","slug":"politica-de-proteccion-de-datos","status":"publish","type":"page","link":"https:\/\/mbm.at\/es\/politica-de-proteccion-de-datos\/","title":{"rendered":"Pol\u00edtica de protecci\u00f3n de datos"},"content":{"rendered":"<div class=\"wpb-content-wrapper\"><p>[vc_row][vc_column][vc_column_text css=\u00bb\u00bb]<\/p>\n<h4>Declaraci\u00f3n sobre el deber de informar (pol\u00edtica de privacidad)<\/h4>\n<p>La protecci\u00f3n de sus datos personales nos preocupa especialmente. Por ello, procesamos sus datos exclusivamente sobre la base de las disposiciones legales (GDPR, TKG 2003). En esta informaci\u00f3n sobre protecci\u00f3n de datos le informamos sobre los aspectos m\u00e1s importantes del tratamiento de datos en nuestro sitio web.  <\/p>\n<h4>Contacto<\/h4>\n<p>Si se pone en contacto con nosotros a trav\u00e9s del formulario del sitio web o por correo electr\u00f3nico, almacenaremos los datos que nos proporcione durante seis meses con el fin de procesar la consulta y en caso de preguntas de seguimiento. No transmitiremos estos datos sin su consentimiento. <\/p>\n<h4>Almacenamiento de datos en la tienda virtual<\/h4>\n<p>Nos gustar\u00eda se\u00f1alar que los datos IP del propietario de la conexi\u00f3n, as\u00ed como el nombre, la direcci\u00f3n y el n\u00famero de tarjeta de cr\u00e9dito del comprador, se almacenan en el contexto de las cookies con el fin de simplificar el proceso de compra y para la posterior tramitaci\u00f3n del contrato.<\/p>\n<p>Los datos que nos facilita son necesarios para cumplir el contrato o para llevar a cabo medidas precontractuales. Sin estos datos no podemos celebrar el contrato con usted. Los datos no se transferir\u00e1n a terceros, a excepci\u00f3n de la transferencia de los datos de la tarjeta de cr\u00e9dito al banco procesador\/proveedor de servicios de pago con el fin de cargar el precio de compra, a la empresa de transporte\/env\u00edo encargada por nosotros para entregar la mercanc\u00eda y a nuestro asesor fiscal para cumplir con nuestras obligaciones fiscales.  <\/p>\n<p>Tras la cancelaci\u00f3n del proceso de compra, los datos almacenados por nosotros ser\u00e1n eliminados. Si se celebra un contrato, todos los datos de la relaci\u00f3n contractual se almacenar\u00e1n hasta que expire el periodo de conservaci\u00f3n fiscal (7 a\u00f1os). <\/p>\n<p>Los datos relativos al nombre, la direcci\u00f3n, los bienes adquiridos y la fecha de compra tambi\u00e9n se almacenan hasta la expiraci\u00f3n de la responsabilidad del producto (10 a\u00f1os). El tratamiento de datos se lleva a cabo sobre la base de las disposiciones legales del art\u00edculo 96, apartado 3, de la TKG y del art\u00edculo 6, apartado 1, letra a (consentimiento) y\/o letra b (necesario para el cumplimiento del contrato) del GDPR. <\/p>\n<h4>Cookies<\/h4>\n<p>Nuestro sitio web utiliza las denominadas cookies. Se trata de peque\u00f1os archivos de texto que se almacenan en su dispositivo final con ayuda del navegador. No causan ning\u00fan da\u00f1o.  <\/p>\n<p>Utilizamos cookies para facilitar el uso de nuestro sitio web. Algunas cookies permanecen almacenadas en su dispositivo final hasta que usted las borra. Nos permiten reconocer su navegador en su pr\u00f3xima visita.  <\/p>\n<p>Si no lo desea, puede configurar su navegador para que le informe sobre la instalaci\u00f3n de cookies y permitirla s\u00f3lo en casos concretos.<\/p>\n<p>Si se desactivan las cookies, la funcionalidad de nuestro sitio web puede verse restringida.<\/p>\n<h4>An\u00e1lisis web<\/h4>\n<p>Nuestro sitio web utiliza funciones de an\u00e1lisis web. Para ello se utilizan cookies, que permiten analizar el uso que usted hace del sitio web. La informaci\u00f3n as\u00ed generada se almacena en servidores.  <\/p>\n<p>Puede evitarlo configurando su navegador para que no almacene cookies.<\/p>\n<h4>Newsletter<\/h4>\n<p>Tiene la posibilidad de suscribirse a nuestro bolet\u00edn a trav\u00e9s de nuestro sitio web. Para ello, necesitamos su direcci\u00f3n de correo electr\u00f3nico y su declaraci\u00f3n de que acepta recibir el bolet\u00edn. <\/p>\n<p>Con el fin de proporcionarle informaci\u00f3n espec\u00edfica, tambi\u00e9n recopilamos y procesamos informaci\u00f3n facilitada voluntariamente sobre \u00e1reas de inter\u00e9s.<\/p>\n<p>En cuanto se haya registrado para recibir el bolet\u00edn, le enviaremos un correo electr\u00f3nico de confirmaci\u00f3n con un enlace para confirmar su registro.<\/p>\n<p>Puede cancelar su suscripci\u00f3n al bolet\u00edn en cualquier momento. Para ello, al final de cada bolet\u00edn se env\u00eda un enlace que puede utilizarse para cancelar la suscripci\u00f3n. <\/p>\n<h4>Sus derechos<\/h4>\n<p>En principio, usted tiene derecho a la informaci\u00f3n, rectificaci\u00f3n, supresi\u00f3n, limitaci\u00f3n, portabilidad de datos, cancelaci\u00f3n y oposici\u00f3n. Si cree que el tratamiento de sus datos infringe la ley de protecci\u00f3n de datos o que se han vulnerado sus derechos de protecci\u00f3n de datos de cualquier otro modo, puede presentar una reclamaci\u00f3n ante la autoridad de control. En Austria, \u00e9sta es la autoridad de protecci\u00f3n de datos.[\/vc_column_text][\/vc_column][\/vc_row]<\/p>\n<\/div>","protected":false},"excerpt":{"rendered":"<p>[vc_row][vc_column][vc_column_text css=\u00bb\u00bb] Declaraci\u00f3n sobre el deber de informar (pol\u00edtica de privacidad) La protecci\u00f3n de sus datos personales nos preocupa especialmente. Por ello, procesamos sus datos exclusivamente sobre la base de las disposiciones legales (GDPR, TKG 2003). En esta informaci\u00f3n sobre protecci\u00f3n de datos le informamos sobre los aspectos m\u00e1s importantes del tratamiento de datos en [&hellip;]<\/p>\n","protected":false},"author":1,"featured_media":0,"parent":0,"menu_order":0,"comment_status":"closed","ping_status":"open","template":"","meta":{"footnotes":""},"class_list":["post-1509","page","type-page","status-publish","hentry"],"_links":{"self":[{"href":"https:\/\/mbm.at\/es\/wp-json\/wp\/v2\/pages\/1509","targetHints":{"allow":["GET"]}}],"collection":[{"href":"https:\/\/mbm.at\/es\/wp-json\/wp\/v2\/pages"}],"about":[{"href":"https:\/\/mbm.at\/es\/wp-json\/wp\/v2\/types\/page"}],"author":[{"embeddable":true,"href":"https:\/\/mbm.at\/es\/wp-json\/wp\/v2\/users\/1"}],"replies":[{"embeddable":true,"href":"https:\/\/mbm.at\/es\/wp-json\/wp\/v2\/comments?post=1509"}],"version-history":[{"count":4,"href":"https:\/\/mbm.at\/es\/wp-json\/wp\/v2\/pages\/1509\/revisions"}],"predecessor-version":[{"id":3474,"href":"https:\/\/mbm.at\/es\/wp-json\/wp\/v2\/pages\/1509\/revisions\/3474"}],"wp:attachment":[{"href":"https:\/\/mbm.at\/es\/wp-json\/wp\/v2\/media?parent=1509"}],"curies":[{"name":"wp","href":"https:\/\/api.w.org\/{rel}","templated":true}]}}