{"id":1390,"date":"2024-11-06T16:33:40","date_gmt":"2024-11-06T15:33:40","guid":{"rendered":"https:\/\/wp.mbm.at\/sierra-de-corte-de-planchas\/"},"modified":"2024-11-12T14:15:47","modified_gmt":"2024-11-12T13:15:47","slug":"sierra-de-corte-de-planchas","status":"publish","type":"page","link":"https:\/\/mbm.at\/es\/sierra-de-corte-de-planchas\/","title":{"rendered":"Sierra de corte de planchas"},"content":{"rendered":"<div class=\"wpb-content-wrapper\"><p>[vc_row][vc_column][vc_column_text css=\u00bb\u00bb]<\/p>\n<h4>\u00bbSierra de corte de planchas<\/h4>\n<p>Para la secci\u00f3n longitudinal y transversal[\/vc_column_text][\/vc_column][\/vc_row][vc_row][vc_column][vc_images_carousel images=\u00bb1391,1392&#8243; img_size=\u00bblarge\u00bb css=\u00bb\u00bb][\/vc_column][\/vc_row][vc_row][vc_column][vc_tta_accordion][vc_tta_section title=\u00bbDescripci\u00f3n de los distintos componentes del sistema\u00bb tab_id=\u00bb1730888153520-4d7892d0-ebd8&#8243;][vc_column_text css=\u00bb\u00bb]- Dispositivo de elevaci\u00f3n por vac\u00edo<br \/>&#8211; Transportador de rodillos de alimentaci\u00f3n con nivelador<br \/>&#8211; Sierra transversal con barra de presi\u00f3n<br \/>&#8211; Leva de tope regulable electr\u00f3nicamente<br \/>&#8211; Transportador de rodillos con transporte transversal<br \/>&#8211; Transportador de rodillos inclinado<br \/>&#8211; Tope de anchura ajustable electr\u00f3nicamente<br \/>&#8211; Sierra de corte longitudinal con unidad de alimentaci\u00f3n<br \/>&#8211; Transportador de rodillos de salida con transporte transversal[\/vc_column_text][\/vc_tta_section][vc_tta_section title=\u00bbOpciones\u00bb tab_id=\u00bb1730888153520-1c825f08-ce84&#8243;][vc_column_text css=\u00bb\u00bb]Realizaci\u00f3nes seg\u00fan las especificaciones del cliente[\/vc_column_text][\/vc_tta_section][vc_tta_section title=\u00bbDatos t\u00e9cnicos\u00bb tab_id=\u00bb1730888156051-3af60563-6a7d\u00bb][vc_column_text css=\u00bb\u00bb]<b>Tama\u00f1o de las piezas<\/b><\/p>\n<p>Longitud del panel: m\u00edn. 300 mm \/ m\u00e1x. 4.100 mm<br \/>Anchura del panel: m\u00edn. 300 mm \/ m\u00e1x. 1.250 mm<br \/>Grosor del panel: m\u00e1x. 40 mm[\/vc_column_text][\/vc_tta_section][vc_tta_section title=\u00bbDatos de la m\u00e1quina\u00bb tab_id=\u00bb1730888158746-e3f8f971-b398&#8243;][vc_column_text css=\u00bb\u00bb]<b>Velocidad de avance de la sierra<\/b><br \/>Avance hasta 30 m\/min.<br \/> Marcha atr\u00e1s hasta 30 m\/min.<\/p>\n<p><b>Potencia del motor de la sierra<\/b><br \/>Sierra tronzadora 7,5 kW<br \/>Velocidad 3.800 rpm<br \/>Sierra de corte longitudinal 7,5 kW<br \/>Velocidad 3.800 rpm<\/p>\n<p><b>Hoja de sierra<\/b><br \/>Di\u00e1metro 350 mm<br \/>Di\u00e1metro interior 30 mm[\/vc_column_text][\/vc_tta_section][\/vc_tta_accordion][\/vc_column][\/vc_row]<\/p>\n<\/div>","protected":false},"excerpt":{"rendered":"<p>[vc_row][vc_column][vc_column_text css=\u00bb\u00bb] \u00bbSierra de corte de planchas Para la secci\u00f3n longitudinal y transversal[\/vc_column_text][\/vc_column][\/vc_row][vc_row][vc_column][vc_images_carousel images=\u00bb1391,1392&#8243; img_size=\u00bblarge\u00bb css=\u00bb\u00bb][\/vc_column][\/vc_row][vc_row][vc_column][vc_tta_accordion][vc_tta_section title=\u00bbDescripci\u00f3n de los distintos componentes del sistema\u00bb tab_id=\u00bb1730888153520-4d7892d0-ebd8&#8243;][vc_column_text css=\u00bb\u00bb]- Dispositivo de elevaci\u00f3n por vac\u00edo&#8211; Transportador de rodillos de alimentaci\u00f3n con nivelador&#8211; Sierra transversal con barra de presi\u00f3n&#8211; Leva de tope regulable electr\u00f3nicamente&#8211; Transportador de rodillos con transporte transversal&#8211; Transportador [&hellip;]<\/p>\n","protected":false},"author":2,"featured_media":0,"parent":0,"menu_order":0,"comment_status":"closed","ping_status":"closed","template":"","meta":{"footnotes":""},"class_list":["post-1390","page","type-page","status-publish","hentry"],"_links":{"self":[{"href":"https:\/\/mbm.at\/es\/wp-json\/wp\/v2\/pages\/1390","targetHints":{"allow":["GET"]}}],"collection":[{"href":"https:\/\/mbm.at\/es\/wp-json\/wp\/v2\/pages"}],"about":[{"href":"https:\/\/mbm.at\/es\/wp-json\/wp\/v2\/types\/page"}],"author":[{"embeddable":true,"href":"https:\/\/mbm.at\/es\/wp-json\/wp\/v2\/users\/2"}],"replies":[{"embeddable":true,"href":"https:\/\/mbm.at\/es\/wp-json\/wp\/v2\/comments?post=1390"}],"version-history":[{"count":6,"href":"https:\/\/mbm.at\/es\/wp-json\/wp\/v2\/pages\/1390\/revisions"}],"predecessor-version":[{"id":1815,"href":"https:\/\/mbm.at\/es\/wp-json\/wp\/v2\/pages\/1390\/revisions\/1815"}],"wp:attachment":[{"href":"https:\/\/mbm.at\/es\/wp-json\/wp\/v2\/media?parent=1390"}],"curies":[{"name":"wp","href":"https:\/\/api.w.org\/{rel}","templated":true}]}}