{"id":1320,"date":"2024-11-06T16:32:11","date_gmt":"2024-11-06T15:32:11","guid":{"rendered":"https:\/\/wp.mbm.at\/tecnica-de-manipulacion-sistema-de-manipulacion-en-portico\/"},"modified":"2024-11-12T10:49:12","modified_gmt":"2024-11-12T09:49:12","slug":"tecnica-de-manipulacion-sistema-de-manipulacion-en-portico","status":"publish","type":"page","link":"https:\/\/mbm.at\/es\/tecnica-de-manipulacion-sistema-de-manipulacion-en-portico\/","title":{"rendered":"T\u00e9cnica de manipulaci\u00f3n: Sistema de manipulaci\u00f3n en p\u00f3rtico"},"content":{"rendered":"<div class=\"wpb-content-wrapper\"><p>[vc_row][vc_column][vc_column_text css=\u00bb\u00bb]<\/p>\n<h4>\u00bb Sistema de manipulaci\u00f3n en p\u00f3rtico<\/h4>\n<p>[\/vc_column_text][\/vc_column][\/vc_row][vc_row][vc_column][vc_images_carousel images=\u00bb1321,1322,1323&#8243; img_size=\u00bblarge\u00bb css=\u00bb\u00bb][\/vc_column][\/vc_row][vc_row][vc_column][vc_tta_accordion][vc_tta_section title=\u00bbDescripci\u00f3n de las caracter\u00edsticas del dise\u00f1o\u00bb tab_id=\u00bb1730889791220-c61515ec-5f20&#8243;][vc_column_text css=\u00bb\u00bb]- Soporte de tubo perfilado de acero resistente<br \/>&#8211; Carriles gu\u00eda templados y rectificados<br \/>&#8211; Patines gu\u00eda con reserva de grasa, reengrasables<br \/>&#8211; Limpiadores de suciedad para todas las superficies de gu\u00eda<br \/>&#8211; Carro de chapa de acero resistente y robusto<br \/>&#8211; Accionamiento: servomotor trif\u00e1sico<br \/>&#8211; Reductor de juego reducido<br \/>&#8211; Opci\u00f3n de accionamiento por correa dentada o pi\u00f1\u00f3n-cremallera<br \/>&#8211; Sistema de medici\u00f3n de la posici\u00f3n: encoder incremental<br \/>&#8211; Cadena de guiado de energ\u00eda[\/vc_column_text][\/vc_tta_section][vc_tta_section title=\u00bbOpciones\u00bb tab_id=\u00bb1730889791221-21346201-da38&#8243;][vc_column_text css=\u00bb\u00bb]Realizaci\u00f3nes seg\u00fan las especificaciones del cliente[\/vc_column_text][\/vc_tta_section][vc_tta_section title=\u00bbDatos t\u00e9cnicos\u00bb tab_id=\u00bb1730889793928-12fb3746-bb0b\u00bb][vc_column_text css=\u00bb\u00bb]<b>Distancias de desplazamiento &#8211; Velocidad de desplazamiento<\/b><\/p>\n<p>eje x mm 10.000 eje x (m\/s) m\u00e1x. 2,5<br \/>eje y mm 5.000 eje y (m\/s) m\u00e1x. 2,5<br \/>eje z mm 2.000 eje z (m\/s) m\u00e1x. 2,0  <\/p>\n<p>Aceleraci\u00f3n de desplazamiento hasta 30 m\/s<br \/>Repetibilidad en funci\u00f3n de la carrera y del sistema +\/- 0,1 mm<\/p>\n<p><b>Equipamiento adicional<\/b><br \/>Pinzas, sistemas de cambio, herramientas, unidades de giro seg\u00fan la aplicaci\u00f3n correspondiente<\/p>\n<p><b>Variantes de accionamiento<\/b><br \/>&#8211; Motores de CA, conmutadores de polos y levas<br \/>&#8211; Servomotores de CA y codificadores<br \/>&#8211; Neum\u00e1ticos<br \/>&#8211; Hidr\u00e1ulicos[\/vc_column_text][\/vc_tta_section][\/vc_tta_accordion][\/vc_column][\/vc_row]<\/p>\n<\/div>","protected":false},"excerpt":{"rendered":"<p>[vc_row][vc_column][vc_column_text css=\u00bb\u00bb] \u00bb Sistema de manipulaci\u00f3n en p\u00f3rtico [\/vc_column_text][\/vc_column][\/vc_row][vc_row][vc_column][vc_images_carousel images=\u00bb1321,1322,1323&#8243; img_size=\u00bblarge\u00bb css=\u00bb\u00bb][\/vc_column][\/vc_row][vc_row][vc_column][vc_tta_accordion][vc_tta_section title=\u00bbDescripci\u00f3n de las caracter\u00edsticas del dise\u00f1o\u00bb tab_id=\u00bb1730889791220-c61515ec-5f20&#8243;][vc_column_text css=\u00bb\u00bb]- Soporte de tubo perfilado de acero resistente&#8211; Carriles gu\u00eda templados y rectificados&#8211; Patines gu\u00eda con reserva de grasa, reengrasables&#8211; Limpiadores de suciedad para todas las superficies de gu\u00eda&#8211; Carro de chapa de acero resistente y [&hellip;]<\/p>\n","protected":false},"author":2,"featured_media":0,"parent":0,"menu_order":0,"comment_status":"closed","ping_status":"closed","template":"","meta":{"footnotes":""},"class_list":["post-1320","page","type-page","status-publish","hentry"],"_links":{"self":[{"href":"https:\/\/mbm.at\/es\/wp-json\/wp\/v2\/pages\/1320","targetHints":{"allow":["GET"]}}],"collection":[{"href":"https:\/\/mbm.at\/es\/wp-json\/wp\/v2\/pages"}],"about":[{"href":"https:\/\/mbm.at\/es\/wp-json\/wp\/v2\/types\/page"}],"author":[{"embeddable":true,"href":"https:\/\/mbm.at\/es\/wp-json\/wp\/v2\/users\/2"}],"replies":[{"embeddable":true,"href":"https:\/\/mbm.at\/es\/wp-json\/wp\/v2\/comments?post=1320"}],"version-history":[{"count":6,"href":"https:\/\/mbm.at\/es\/wp-json\/wp\/v2\/pages\/1320\/revisions"}],"predecessor-version":[{"id":1693,"href":"https:\/\/mbm.at\/es\/wp-json\/wp\/v2\/pages\/1320\/revisions\/1693"}],"wp:attachment":[{"href":"https:\/\/mbm.at\/es\/wp-json\/wp\/v2\/media?parent=1320"}],"curies":[{"name":"wp","href":"https:\/\/api.w.org\/{rel}","templated":true}]}}