{"id":1281,"date":"2024-11-06T16:31:29","date_gmt":"2024-11-06T15:31:29","guid":{"rendered":"https:\/\/wp.mbm.at\/tecnica-de-manipulacion-mesa-basculante-giratoria\/"},"modified":"2024-11-12T10:46:50","modified_gmt":"2024-11-12T09:46:50","slug":"tecnica-de-manipulacion-mesa-basculante-giratoria","status":"publish","type":"page","link":"https:\/\/mbm.at\/es\/tecnica-de-manipulacion-mesa-basculante-giratoria\/","title":{"rendered":"T\u00e9cnica de manipulaci\u00f3n: Mesa basculante giratoria"},"content":{"rendered":"<div class=\"wpb-content-wrapper\"><p>[vc_row][vc_column][vc_column_text css=\u00bb\u00bb]<\/p>\n<h4>\u00ab Mesa basculante<\/h4>\n<p>Para trabajos de preparaci\u00f3n y sujeci\u00f3n<\/p>\n<p>La paleta se extrae del almac\u00e9n de paletas y se coloca autom\u00e1ticamente en posici\u00f3n inclinada.<br \/> A continuaci\u00f3n, la paleta se gira 3 x 90\u00b0.[\/vc_column_text][\/vc_column][\/vc_row][vc_row][vc_column][vc_images_carousel images=\u00bb1282,1283,1284&#8243; img_size=\u00bblarge\u00bb css=\u00bb\u00bb][\/vc_column][\/vc_row][vc_row][vc_column][vc_tta_accordion][vc_tta_section title=\u00bbDescripci\u00f3n de los distintos componentes del sistema\u00bb tab_id=\u00bb1730889568551-9367a8d2-9108&#8243;][vc_column_text css=\u00bb\u00bb]- Bastidor de base estable con cojinete giratorio<br \/>&#8211; Placa giratoria con cojinete giratorio estable<br \/>&#8211; Placa giratoria con garras de sujeci\u00f3n giratorias<br \/>&#8211; Dispositivo de alimentaci\u00f3n con unidad de elevaci\u00f3n<br \/>&#8211; Unidad hidr\u00e1ulica[\/vc_column_text][\/vc_tta_section][vc_tta_section title=\u00bbOpciones\u00bb tab_id=\u00bb1730889568551-119a1589-21aa\u00bb][vc_column_text css=\u00bb\u00bb]Realizaci\u00f3nes seg\u00fan las especificaciones del cliente[\/vc_column_text][\/vc_tta_section][vc_tta_section title=\u00bbDatos t\u00e9cnicos\u00bb tab_id=\u00bb1730889570531-d24fc72d-18f1&#8243;][vc_column_text css=\u00bb\u00bb]Tama\u00f1o de la paleta 800 x 800 mm<br \/>Carga de la paleta 30.000 N<br \/>Centro de gravedad desde el borde superior del palet 600 mm<br \/>Centro de gravedad descentrado 100 mm<br \/>Altura de la pieza desde el borde superior del palet m\u00e1x. 1.200 mm<br \/>Movimiento de giro 90<br \/>Rotaci\u00f3n vertical y horizontal 3 x 90[\/vc_column_text][\/vc_tta_section][\/vc_tta_accordion][\/vc_column][\/vc_row]<\/p>\n<\/div>","protected":false},"excerpt":{"rendered":"<p>[vc_row][vc_column][vc_column_text css=\u00bb\u00bb] \u00ab Mesa basculante Para trabajos de preparaci\u00f3n y sujeci\u00f3n La paleta se extrae del almac\u00e9n de paletas y se coloca autom\u00e1ticamente en posici\u00f3n inclinada. A continuaci\u00f3n, la paleta se gira 3 x 90\u00b0.[\/vc_column_text][\/vc_column][\/vc_row][vc_row][vc_column][vc_images_carousel images=\u00bb1282,1283,1284&#8243; img_size=\u00bblarge\u00bb css=\u00bb\u00bb][\/vc_column][\/vc_row][vc_row][vc_column][vc_tta_accordion][vc_tta_section title=\u00bbDescripci\u00f3n de los distintos componentes del sistema\u00bb tab_id=\u00bb1730889568551-9367a8d2-9108&#8243;][vc_column_text css=\u00bb\u00bb]- Bastidor de base estable con cojinete giratorio&#8211; Placa [&hellip;]<\/p>\n","protected":false},"author":2,"featured_media":0,"parent":0,"menu_order":0,"comment_status":"closed","ping_status":"closed","template":"","meta":{"footnotes":""},"class_list":["post-1281","page","type-page","status-publish","hentry"],"_links":{"self":[{"href":"https:\/\/mbm.at\/es\/wp-json\/wp\/v2\/pages\/1281","targetHints":{"allow":["GET"]}}],"collection":[{"href":"https:\/\/mbm.at\/es\/wp-json\/wp\/v2\/pages"}],"about":[{"href":"https:\/\/mbm.at\/es\/wp-json\/wp\/v2\/types\/page"}],"author":[{"embeddable":true,"href":"https:\/\/mbm.at\/es\/wp-json\/wp\/v2\/users\/2"}],"replies":[{"embeddable":true,"href":"https:\/\/mbm.at\/es\/wp-json\/wp\/v2\/comments?post=1281"}],"version-history":[{"count":6,"href":"https:\/\/mbm.at\/es\/wp-json\/wp\/v2\/pages\/1281\/revisions"}],"predecessor-version":[{"id":1675,"href":"https:\/\/mbm.at\/es\/wp-json\/wp\/v2\/pages\/1281\/revisions\/1675"}],"wp:attachment":[{"href":"https:\/\/mbm.at\/es\/wp-json\/wp\/v2\/media?parent=1281"}],"curies":[{"name":"wp","href":"https:\/\/api.w.org\/{rel}","templated":true}]}}