{"id":1251,"date":"2024-11-06T15:46:12","date_gmt":"2024-11-06T14:46:12","guid":{"rendered":"https:\/\/wp.mbm.at\/sierras-doble-de-inglete\/"},"modified":"2024-12-18T10:36:36","modified_gmt":"2024-12-18T09:36:36","slug":"sierras-doble-de-inglete","status":"publish","type":"page","link":"https:\/\/mbm.at\/es\/sierras-doble-de-inglete\/","title":{"rendered":"Sierras doble de inglete DAS-E"},"content":{"rendered":"<div class=\"wpb-content-wrapper\"><p>[vc_row][vc_column][vc_single_image image=\u00bb1252&#8243; img_size=\u00bbfull\u00bb alignment=\u00bbcenter\u00bb onclick=\u00bbcustom_link\u00bb css=\u00bb\u00bb link=\u00bbhttps:\/\/mbm.at\/wp-content\/uploads\/2024\/11\/2344556_bi_Doppelgehrungssaege.jpg\u00bb][\/vc_column][\/vc_row][vc_row][vc_column][vc_tta_accordion][vc_tta_section title=\u00bbSus ventajas\u00bb tab_id=\u00bb1730883459952-56bf27ce-eb36&#8243;][vc_column_text css=\u00bb\u00bb]- Cortes con precisi\u00f3n dimensional y angular<br \/>&#8211; Calidad de corte perfectaM\u00ednimo tiempo de preparaci\u00f3n<br \/>&#8211; Superficie sin ara\u00f1azos ni huellas<br \/>&#8211; M\u00e9todo de trabajo eficaz<br \/>&#8211; Precisi\u00f3n para toda la vida<br \/>&#8211; Tiempo de preparaci\u00f3n m\u00ednimo<br \/>&#8211; L\u00e1ser de l\u00ednea<br \/>&#8211; Pantalla de medici\u00f3n de 5 ejes[\/vc_column_text][\/vc_tta_section][vc_tta_section title=\u00bbOpciones\u00bb tab_id=\u00bb1730883479196-38c51b5a-5a33&#8243;][vc_column_text css=\u00bb\u00bb]- Unidades de ranurado[\/vc_column_text][\/vc_tta_section][vc_tta_section title=\u00bbDatos t\u00e9cnicos\u00bb tab_id=\u00bb1730883459952-c81651e4-8f16&#8243;][vc_column_text css=\u00bb\u00bb]<b>Tama\u00f1os de pieza<\/b><br \/>Longitud de la pieza 250 mm &#8211; 2.200 mm<br \/>Anchura de la pieza 50 mm &#8211; 660 mm<br \/>Altura m\u00e1x. de la pieza 85 mm <\/p>\n<p><b>\u00c1ngulo de inglete<\/b><br \/>Inglete grande 93\u00b0 \u2013 45\u00b0<br \/>Inglete peque\u00f1o 90\u00b0 \u2013 43\u00b0<\/p>\n<p><b>Exactitud de medida<\/b><br \/>Inglete grande +\/- 0,02\u00b0<br \/>Inglete peque\u00f1o +\/- 0,05\u00b0<br \/>Longitud de la pieza +\/- 0,2 mm<\/p>\n<p><b>Hoja de sierra<\/b><br \/>Di\u00e1metro 350 mm\/400 mm<br \/>Di\u00e1metro de la perforaci\u00f3n 30 mm<\/p>\n<p><b>Agregado para ranurar<\/b><br \/>Di\u00e1metro 180 mm<br \/>Di\u00e1metro de la perforaci\u00f3n 30 mm[\/vc_column_text][\/vc_tta_section][vc_tta_section title=\u00bbSistema de control\u00bb tab_id=\u00bb1730883490171-82b58602-f4a0&#8243;][vc_column_text css=\u00bb\u00bb]- Diagn\u00f3stico de aver\u00edas<br \/>&#8211; Numerosas opciones de ajuste<br \/>&#8211; Selecci\u00f3n y anulaci\u00f3n de la selecci\u00f3n <\/p>\n<p><b>Opciones<\/b><br \/>&#8211; Diagn\u00f3stico a distancia[\/vc_column_text][\/vc_tta_section][vc_tta_section title=\u00bbDatos de la m\u00e1quina\u00bb tab_id=\u00bb1730883487916-6e248e57-14e5&#8243;][vc_column_text css=\u00bb\u00bb]<b>Velocidad de avance de la sierra<\/b><br \/>adelante\/marcha atr\u00e1s hasta 30 m\/min.<br \/>Capacidad del motor de la sierra 5,5 kW por unidad<br \/>Revoluciones 4.200 r\/min.<br \/>Capacidad del agregado para ranurar 1kW por unidad<br \/>Revoluciones 6.000 r\/min.[\/vc_column_text][\/vc_tta_section][\/vc_tta_accordion][\/vc_column][\/vc_row]<\/p>\n<\/div>","protected":false},"excerpt":{"rendered":"<p>[vc_row][vc_column][vc_single_image image=\u00bb1252&#8243; img_size=\u00bbfull\u00bb alignment=\u00bbcenter\u00bb onclick=\u00bbcustom_link\u00bb css=\u00bb\u00bb link=\u00bbhttps:\/\/mbm.at\/wp-content\/uploads\/2024\/11\/2344556_bi_Doppelgehrungssaege.jpg\u00bb][\/vc_column][\/vc_row][vc_row][vc_column][vc_tta_accordion][vc_tta_section title=\u00bbSus ventajas\u00bb tab_id=\u00bb1730883459952-56bf27ce-eb36&#8243;][vc_column_text css=\u00bb\u00bb]- Cortes con precisi\u00f3n dimensional y angular&#8211; Calidad de corte perfectaM\u00ednimo tiempo de preparaci\u00f3n&#8211; Superficie sin ara\u00f1azos ni huellas&#8211; M\u00e9todo de trabajo eficaz&#8211; Precisi\u00f3n para toda la vida&#8211; Tiempo de preparaci\u00f3n m\u00ednimo&#8211; L\u00e1ser de l\u00ednea&#8211; Pantalla de medici\u00f3n de 5 ejes[\/vc_column_text][\/vc_tta_section][vc_tta_section title=\u00bbOpciones\u00bb tab_id=\u00bb1730883479196-38c51b5a-5a33&#8243;][vc_column_text css=\u00bb\u00bb]- Unidades [&hellip;]<\/p>\n","protected":false},"author":2,"featured_media":0,"parent":0,"menu_order":0,"comment_status":"closed","ping_status":"closed","template":"","meta":{"footnotes":""},"class_list":["post-1251","page","type-page","status-publish","hentry"],"_links":{"self":[{"href":"https:\/\/mbm.at\/es\/wp-json\/wp\/v2\/pages\/1251","targetHints":{"allow":["GET"]}}],"collection":[{"href":"https:\/\/mbm.at\/es\/wp-json\/wp\/v2\/pages"}],"about":[{"href":"https:\/\/mbm.at\/es\/wp-json\/wp\/v2\/types\/page"}],"author":[{"embeddable":true,"href":"https:\/\/mbm.at\/es\/wp-json\/wp\/v2\/users\/2"}],"replies":[{"embeddable":true,"href":"https:\/\/mbm.at\/es\/wp-json\/wp\/v2\/comments?post=1251"}],"version-history":[{"count":17,"href":"https:\/\/mbm.at\/es\/wp-json\/wp\/v2\/pages\/1251\/revisions"}],"predecessor-version":[{"id":3956,"href":"https:\/\/mbm.at\/es\/wp-json\/wp\/v2\/pages\/1251\/revisions\/3956"}],"wp:attachment":[{"href":"https:\/\/mbm.at\/es\/wp-json\/wp\/v2\/media?parent=1251"}],"curies":[{"name":"wp","href":"https:\/\/api.w.org\/{rel}","templated":true}]}}