{"id":386,"date":"2024-11-06T16:32:31","date_gmt":"2024-11-06T15:32:31","guid":{"rendered":"https:\/\/wp.mbm.at\/woodworking-technology\/"},"modified":"2024-11-19T13:47:45","modified_gmt":"2024-11-19T12:47:45","slug":"woodworking-technology","status":"publish","type":"page","link":"https:\/\/mbm.at\/en\/woodworking-technology\/","title":{"rendered":"Woodworking technology"},"content":{"rendered":"<div class=\"wpb-content-wrapper\"><p>[vc_row][vc_column][vc_column_text css=&#8221;&#8221;]<b>mbm<\/b> hat sich seit 1978 mit einem qualifizierten Team auf die spezifischen Anforderungen der Wirtschaft spezialisiert.<br \/>\nRasch \u00e4ndernde M\u00e4rkte und Technologien verlangen nach innovativen Verfahrensmodellen f\u00fcr wirtschaftliches Arbeiten.<br \/>\nDie Automatisierung der Produktionsabl\u00e4ufe und einfaches Handling der eingesetzten Sondermaschinen schaffen die Verbindung der heutigen Produktionsanforderungen und der Wettbewerbsf\u00e4higkeit f\u00fcr morgen.<br \/>\nmbm Sondermaschinen entstehen aus kundenspezifischen W\u00fcnschen und Ideen, der Beratung und Konzeption unserer Konstrukteure und durch die professionelle Umsetzung unseres Montageteams.<\/p>\n<h3>\u00bb Coffin-manufacturing machines<\/h3>\n<ul>\n<li><a href=\"https:\/\/mbm.at\/en\/double-mitre-saws\/\">Double mitre saw &#8211; Universal<\/a><\/li>\n<li><a href=\"https:\/\/mbm.at\/en\/double-mitre-saws\/\">Double miter saw &#8211; production line<\/a><\/li>\n<li><a href=\"https:\/\/mbm.at\/en\/coffin-assembly-presses\/\">Coffin assembly press &#8211; Coffin shape conical<\/a><\/li>\n<li><a href=\"https:\/\/mbm.at\/en\/coffin-assembly-presses\/\">Coffin assembly press combined &#8211; Coffin shape conical<\/a><\/li>\n<li><a href=\"https:\/\/mbm.at\/en\/coffin-assembly-presses\/\">Coffin assembly press &#8211; trapezoidal coffin shape<\/a><\/li>\n<li><a href=\"https:\/\/mbm.at\/en\/moulding-assembly-machines\/\">Moulding assembly machine &#8211; Universal<\/a><\/li>\n<li><a href=\"https:\/\/mbm.at\/en\/moulding-assembly-machines\/\">Moulding assembly machine for short and long parts<\/a><\/li>\n<li><a href=\"https:\/\/mbm.at\/en\/moulding-assembly-machines\/\">T-moulding assembly machine<\/a><\/li>\n<li><a href=\"https:\/\/mbm.at\/en\/moulding-assembly-machines\/\">Bead-moulding assembly machine<\/a><\/li>\n<li><a href=\"https:\/\/mbm.at\/en\/coffin-foot-production-line\/\">Coffin foot production line<\/a><\/li>\n<\/ul>\n<h3>&#8221; Special machines<\/h3>\n<ul>\n<li><a href=\"https:\/\/mbm.at\/en\/panel-cutting-saw\/\">Panel cutting saw<\/a><\/li>\n<li><a href=\"https:\/\/mbm.at\/en\/finger-joint-machine\/\">Finger joint machine<\/a><\/li>\n<li><a href=\"https:\/\/mbm.at\/en\/more-special-machinery\/\">Sawing- milling- drilling machine<\/a><\/li>\n<li><a href=\"https:\/\/mbm.at\/en\/more-special-machinery\/\">Squared timber machine<\/a><\/li>\n<li><a href=\"https:\/\/mbm.at\/en\/more-special-machinery\/\">Drilling station<\/a><\/li>\n<li><a href=\"https:\/\/mbm.at\/en\/more-special-machinery\/\">High-speed saw<\/a><a href=\"https:\/\/mbm.at\/de-at\/holzbearbeitungstechnik\/sondermaschinen\/mehr\/index.htm#schnelll%C3%A4ufers%C3%A4ge\"><br \/>\n<\/a><\/li>\n<\/ul>\n<p>&nbsp;<\/p>\n<p>If you have any questions, you can call us at any time on <b>+43 5572 555800<\/b><br \/>\nor use <a href=\"https:\/\/mbm.at\/en\/inquiry-form\/\">the inquiry form.<\/a>[\/vc_column_text][\/vc_column][\/vc_row]<\/p>\n<\/div>","protected":false},"excerpt":{"rendered":"<p>[vc_row][vc_column][vc_column_text css=&#8221;&#8221;]mbm hat sich seit 1978 mit einem qualifizierten Team auf die spezifischen Anforderungen der Wirtschaft spezialisiert. Rasch \u00e4ndernde M\u00e4rkte und Technologien verlangen nach innovativen Verfahrensmodellen f\u00fcr wirtschaftliches Arbeiten. Die Automatisierung der Produktionsabl\u00e4ufe und einfaches Handling der eingesetzten Sondermaschinen schaffen die Verbindung der heutigen Produktionsanforderungen und der Wettbewerbsf\u00e4higkeit f\u00fcr morgen. mbm Sondermaschinen entstehen aus kundenspezifischen [&hellip;]<\/p>\n","protected":false},"author":2,"featured_media":0,"parent":0,"menu_order":0,"comment_status":"closed","ping_status":"closed","template":"","meta":{"footnotes":""},"class_list":["post-386","page","type-page","status-publish","hentry"],"_links":{"self":[{"href":"https:\/\/mbm.at\/en\/wp-json\/wp\/v2\/pages\/386","targetHints":{"allow":["GET"]}}],"collection":[{"href":"https:\/\/mbm.at\/en\/wp-json\/wp\/v2\/pages"}],"about":[{"href":"https:\/\/mbm.at\/en\/wp-json\/wp\/v2\/types\/page"}],"author":[{"embeddable":true,"href":"https:\/\/mbm.at\/en\/wp-json\/wp\/v2\/users\/2"}],"replies":[{"embeddable":true,"href":"https:\/\/mbm.at\/en\/wp-json\/wp\/v2\/comments?post=386"}],"version-history":[{"count":8,"href":"https:\/\/mbm.at\/en\/wp-json\/wp\/v2\/pages\/386\/revisions"}],"predecessor-version":[{"id":2147,"href":"https:\/\/mbm.at\/en\/wp-json\/wp\/v2\/pages\/386\/revisions\/2147"}],"wp:attachment":[{"href":"https:\/\/mbm.at\/en\/wp-json\/wp\/v2\/media?parent=386"}],"curies":[{"name":"wp","href":"https:\/\/api.w.org\/{rel}","templated":true}]}}