{"id":91,"date":"2024-11-06T16:34:01","date_gmt":"2024-11-06T15:34:01","guid":{"rendered":"https:\/\/wp.mbm.at\/?page_id=91"},"modified":"2024-12-18T11:05:44","modified_gmt":"2024-12-18T10:05:44","slug":"sargmontage-pressen","status":"publish","type":"page","link":"https:\/\/mbm.at\/de\/sargmontage-pressen\/","title":{"rendered":"Sargmontage Pressen"},"content":{"rendered":"<div class=\"wpb-content-wrapper\"><p>[vc_row][vc_column][vc_column_text css=&#8220;&#8220;]<\/p>\n<h4>\u00bb Korpuspresse Sargform konisch KPO\/KPU<\/h4>\n<h5><b>(f\u00fcr Oberkasten KPO, f\u00fcr Unterkasten KPU)<\/b><\/h5>\n<p>Bei h\u00f6heren St\u00fcckzahlen bedarf es einer Presse f\u00fcr den Oberkasten und einer Presse f\u00fcr den Unterkasten.<br \/>\n2 Personen montieren (in einer Schicht) bis zu 140 S\u00e4rge. Bei Serienfertigung ist noch mehr m\u00f6glich![\/vc_column_text][\/vc_column][\/vc_row][vc_row][vc_column width=&#8220;1\/5&#8243;][vc_single_image image=&#8220;57&#8243; img_size=&#8220;500*500&#8243; alignment=&#8220;center&#8220; onclick=&#8220;custom_link&#8220; css=&#8220;&#8220; link=&#8220;https:\/\/mbm.at\/wp-content\/uploads\/2024\/11\/Korpuspresse-1.jpg&#8220;][\/vc_column][vc_column width=&#8220;1\/5&#8243;][vc_single_image image=&#8220;59&#8243; img_size=&#8220;500*500&#8243; alignment=&#8220;center&#8220; onclick=&#8220;custom_link&#8220; css=&#8220;&#8220; link=&#8220;https:\/\/mbm.at\/wp-content\/uploads\/2024\/11\/Korpuspresse-2.jpg&#8220;][\/vc_column][vc_column width=&#8220;1\/5&#8243;][vc_single_image image=&#8220;61&#8243; img_size=&#8220;500*500&#8243; alignment=&#8220;center&#8220; onclick=&#8220;custom_link&#8220; css=&#8220;&#8220; link=&#8220;https:\/\/mbm.at\/wp-content\/uploads\/2024\/11\/Korpuspresse-3.jpg&#8220;][\/vc_column][vc_column width=&#8220;1\/5&#8243;][vc_single_image image=&#8220;63&#8243; img_size=&#8220;500*500&#8243; alignment=&#8220;center&#8220; onclick=&#8220;custom_link&#8220; css=&#8220;&#8220; link=&#8220;https:\/\/mbm.at\/wp-content\/uploads\/2024\/11\/Korpuspresse-4.jpg&#8220;][\/vc_column][vc_column width=&#8220;1\/5&#8243;][vc_single_image image=&#8220;65&#8243; img_size=&#8220;500*500&#8243; alignment=&#8220;center&#8220; onclick=&#8220;custom_link&#8220; css=&#8220;&#8220; link=&#8220;https:\/\/mbm.at\/wp-content\/uploads\/2024\/11\/Korpuspresse-5.jpg&#8220;][\/vc_column][\/vc_row][vc_row][vc_column][vc_tta_accordion][vc_tta_section title=&#8220;Ihr Vorteil&#8220; tab_id=&#8220;1730885815894-4b685d04-dcad&#8220;][vc_column_text css=&#8220;&#8220;]- F\u00fcr alle Modelle einsetzbar<br \/>\n&#8211; Werkzeugloser Modellwechsel in k\u00fcrzester Zeit<br \/>\n&#8211; Universell einsetzbar f\u00fcr alle Eckverbindungen<br \/>\n&#8211; Mittenzentrierung des Kopf- und Fu\u00dfteiles<br \/>\n&#8211; Gro\u00dfe Spanndr\u00fccke bei allen Ecken<br \/>\n&#8211; Boden- oder Deckelmontage m\u00f6glich<br \/>\n&#8211; Drehbar um 200\u00b0[\/vc_column_text][\/vc_tta_section][vc_tta_section title=&#8220;Option: mit automatischer Aushebung&#8220; tab_id=&#8220;1730885815894-7dd5c9f9-a1bc&#8220;][vc_column_text css=&#8220;&#8220;]Arbeitszeitersparnis:<br \/>\n\u2013 W\u00e4hrend des automatischen Aushebens k\u00f6nnen schon die n\u00e4chsten Teile vorbereitet bzw. beleimt werden<br \/>\n\u2013 Keine schweren Teile heben[\/vc_column_text][\/vc_tta_section][vc_tta_section title=&#8220;Weniger Nacharbeiten&#8220; tab_id=&#8220;1730885818482-ed1894c7-353d&#8220;][vc_column_text css=&#8220;&#8220;]- Diagonalma\u00dfe sind ident<br \/>\n&#8211; Exakte Ausf\u00fchrung der Ecken<br \/>\n&#8211; Einhobeln wird weniger oder entf\u00e4llt sogar komplett[\/vc_column_text][\/vc_tta_section][vc_tta_section title=&#8220;Technische Daten&#8220; tab_id=&#8220;1730885820224-e5c9f796-4dc6&#8243;][vc_column_text css=&#8220;&#8220;]<b>KPO<\/b><br \/>\nL\u00e4nge Seitenteil:\u00a0 1.730 mm \u2013 2.150 mm<br \/>\nL\u00e4nge Kopfteil:\u00a0\u00a0\u00a0 \u00a0 \u00a0 480 mm \u2013\u00a0\u00a0\u00a0 730 mm<br \/>\nL\u00e4nge Fu\u00dfteil:\u00a0\u00a0\u00a0\u00a0\u00a0 \u00a0\u00a0 480 mm \u2013 \u00a0\u00a0 730 mm<br \/>\nSargh\u00f6he:\u00a0\u00a0\u00a0\u00a0\u00a0\u00a0\u00a0\u00a0 \u00a0 \u00a0\u00a0 \u00a0 185 mm \u2013\u00a0\u00a0\u00a0 375 mm<br \/>\nDrehung:\u00a0\u00a0\u00a0\u00a0\u00a0\u00a0\u00a0\u00a0\u00a0 \u00a0 \u00a0 \u00a0\u00a0 0\u00b0 \u2013 200\u00b0<\/p>\n<p><b>KPU<\/b><br \/>\nL\u00e4nge Seitenteil:\u00a0 1.730 mm \u2013 2.150 mm<br \/>\nL\u00e4nge Kopfteil:\u00a0\u00a0 \u00a0 \u00a0\u00a0 550 mm \u2013\u00a0\u00a0\u00a0 800 mm<br \/>\nL\u00e4nge Fu\u00dfteil:\u00a0\u00a0\u00a0\u00a0 \u00a0 \u00a0 550 mm \u2013\u00a0\u00a0\u00a0 800 mm<br \/>\nSargh\u00f6he:\u00a0\u00a0\u00a0\u00a0\u00a0\u00a0\u00a0\u00a0\u00a0\u00a0 \u00a0\u00a0 \u00a0 185 mm \u2013\u00a0\u00a0\u00a0 375 mm<br \/>\nDrehung:\u00a0\u00a0\u00a0\u00a0\u00a0\u00a0\u00a0\u00a0\u00a0\u00a0\u00a0 \u00a0\u00a0 \u00a0 0\u00b0 \u2013 200\u00b0[\/vc_column_text][\/vc_tta_section][\/vc_tta_accordion][\/vc_column][\/vc_row][vc_row][vc_column][vc_column_text css=&#8220;&#8220;]<\/p>\n<h4>\u00bb Korpuspresse Sargform konisch KPO-KPU kombiniert<\/h4>\n<h5><b>(f\u00fcr Oberkasten KPO und Unterkasten KPU)<\/b><\/h5>\n<p>Auf der kombinierten Korpuspresse ist es m\u00f6glich den Ober- und Unterkasten zu montieren.<br \/>\n1 Person montiert (in einer Schicht) bis zu 60 S\u00e4rge.[\/vc_column_text][\/vc_column][\/vc_row][vc_row][vc_column][vc_tta_accordion][vc_tta_section title=&#8220;Ihr Vorteil&#8220; tab_id=&#8220;1730886022753-110f85b9-50c4&#8243;][vc_column_text css=&#8220;&#8220;]- F\u00fcr alle Modelle einsetzbar<br \/>\n&#8211; Werkzeugloser Modellwechsel in k\u00fcrzester Zeit<br \/>\n&#8211; Universell einsetzbar f\u00fcr alle Eckverbindungen<br \/>\n&#8211; Mittenzentrierung des Kopf- und Fu\u00dfteiles<br \/>\n&#8211; Gro\u00dfe Spanndr\u00fccke bei allen Ecken<br \/>\n&#8211; Boden- oder Deckelmontage m\u00f6glich<br \/>\n&#8211; Drehbar um 200\u00b0[\/vc_column_text][\/vc_tta_section][vc_tta_section title=&#8220;Option: mit automatischer Aushebung&#8220; tab_id=&#8220;1730886022753-240aad86-ff60&#8243;][vc_column_text css=&#8220;&#8220;]Arbeitszeitersparnis:<br \/>\n\u2013 W\u00e4hrend des automatischen Aushebens k\u00f6nnen schon die n\u00e4chsten Teile vorbereitet bzw. beleimt werden<br \/>\n\u2013 Keine schweren Teile heben[\/vc_column_text][\/vc_tta_section][vc_tta_section title=&#8220;Weniger Nacharbeiten&#8220; tab_id=&#8220;1730886024798-97baede7-fdd1&#8243;][vc_column_text css=&#8220;&#8220;]- Diagonalma\u00dfe sind ident<br \/>\n&#8211; Exakte Ausf\u00fchrung der Ecken<br \/>\n&#8211; Einhobeln wird weniger oder entf\u00e4llt sogar komplett[\/vc_column_text][\/vc_tta_section][vc_tta_section title=&#8220;Technische Daten&#8220; tab_id=&#8220;1730886026630-4b492646-38b4&#8243;][vc_column_text css=&#8220;&#8220;]<b>KPO<\/b><br \/>\nL\u00e4nge Seitenteil:\u00a0 1.730 mm \u2013 2.150 mm<br \/>\nL\u00e4nge Kopfteil:\u00a0\u00a0\u00a0 \u00a0 \u00a0 480 mm \u2013\u00a0\u00a0\u00a0 730 mm<br \/>\nL\u00e4nge Fu\u00dfteil:\u00a0\u00a0\u00a0\u00a0\u00a0 \u00a0\u00a0 480 mm \u2013 \u00a0\u00a0 730 mm<br \/>\nSargh\u00f6he:\u00a0\u00a0\u00a0\u00a0\u00a0\u00a0\u00a0\u00a0 \u00a0 \u00a0\u00a0 \u00a0 185 mm \u2013\u00a0\u00a0\u00a0 375 mm<br \/>\nDrehung:\u00a0\u00a0\u00a0\u00a0\u00a0\u00a0\u00a0\u00a0\u00a0 \u00a0 \u00a0 \u00a0 \u00a0 0\u00b0 \u2013 200\u00b0<\/p>\n<p><b>KPU<\/b><br \/>\nL\u00e4nge Seitenteil:\u00a0 1.730 mm \u2013 2.150 mm<br \/>\nL\u00e4nge Kopfteil:\u00a0\u00a0 \u00a0 \u00a0\u00a0 550 mm \u2013\u00a0\u00a0\u00a0 800 mm<br \/>\nL\u00e4nge Fu\u00dfteil:\u00a0\u00a0\u00a0\u00a0 \u00a0 \u00a0 550 mm \u2013\u00a0\u00a0\u00a0 800 mm<br \/>\nSargh\u00f6he:\u00a0\u00a0\u00a0\u00a0\u00a0\u00a0\u00a0\u00a0\u00a0\u00a0 \u00a0\u00a0 \u00a0 185 mm \u2013\u00a0\u00a0\u00a0 375 mm<br \/>\nDrehung:\u00a0\u00a0\u00a0\u00a0\u00a0\u00a0\u00a0\u00a0\u00a0\u00a0\u00a0 \u00a0 \u00a0 \u00a0 0\u00b0 \u2013 200\u00b0[\/vc_column_text][\/vc_tta_section][\/vc_tta_accordion][\/vc_column][\/vc_row][vc_row][vc_column][vc_column_text css=&#8220;&#8220;]<\/p>\n<h4>\u00bb Korpuspresse Sargform tailliert KPO-F\/KPU-F<\/h4>\n<h5><b>(f\u00fcr Oberkasten KPO-F, f\u00fcr Unterkasten KPU-F)<\/b><\/h5>\n<p>2 Personen montieren mit den Korpuspressen mit automatischer Aushebung in einer Schicht \u00fcber 80 S\u00e4rge.[\/vc_column_text][\/vc_column][\/vc_row][vc_row][vc_column width=&#8220;1\/6&#8243;][vc_single_image image=&#8220;67&#8243; img_size=&#8220;500*500&#8243; alignment=&#8220;center&#8220; onclick=&#8220;custom_link&#8220; css=&#8220;&#8220; link=&#8220;https:\/\/mbm.at\/wp-content\/uploads\/2024\/11\/Korpuspresse-tailliert-1.jpg&#8220;][\/vc_column][vc_column width=&#8220;1\/6&#8243;][vc_single_image image=&#8220;69&#8243; img_size=&#8220;500*500&#8243; alignment=&#8220;center&#8220; onclick=&#8220;custom_link&#8220; css=&#8220;&#8220; link=&#8220;https:\/\/mbm.at\/wp-content\/uploads\/2024\/11\/Korpuspresse-tailliert-2.jpg&#8220;][\/vc_column][vc_column width=&#8220;1\/6&#8243;][vc_single_image image=&#8220;71&#8243; img_size=&#8220;500*500&#8243; alignment=&#8220;center&#8220; onclick=&#8220;custom_link&#8220; css=&#8220;&#8220; link=&#8220;https:\/\/mbm.at\/wp-content\/uploads\/2024\/11\/Korpuspresse-tailliert-3.jpg&#8220;][\/vc_column][vc_column width=&#8220;1\/6&#8243;][vc_single_image image=&#8220;73&#8243; img_size=&#8220;500*500&#8243; alignment=&#8220;center&#8220; onclick=&#8220;custom_link&#8220; css=&#8220;&#8220; link=&#8220;https:\/\/mbm.at\/wp-content\/uploads\/2024\/11\/Korpuspresse-tailliert-4.jpg&#8220;][\/vc_column][vc_column width=&#8220;1\/6&#8243;][vc_single_image image=&#8220;75&#8243; img_size=&#8220;500*500&#8243; alignment=&#8220;center&#8220; onclick=&#8220;custom_link&#8220; css=&#8220;&#8220; link=&#8220;https:\/\/mbm.at\/wp-content\/uploads\/2024\/11\/Korpuspresse-tailliert-5.jpg&#8220;][\/vc_column][vc_column width=&#8220;1\/6&#8243;][vc_single_image image=&#8220;77&#8243; img_size=&#8220;500*500&#8243; alignment=&#8220;center&#8220; onclick=&#8220;custom_link&#8220; css=&#8220;&#8220; link=&#8220;https:\/\/mbm.at\/wp-content\/uploads\/2024\/11\/Korpuspresse-tailliert-6.jpg&#8220;][\/vc_column][\/vc_row][vc_row][vc_column][vc_tta_accordion][vc_tta_section title=&#8220;Ihr Vorteil&#8220; tab_id=&#8220;1730886269230-d706ff35-c2f2&#8243;][vc_column_text css=&#8220;&#8220;]- F\u00fcr alle Modelle einsetzbar<br \/>\n&#8211; Werkzeugloser Modellwechsel in k\u00fcrzester Zeit<br \/>\n&#8211; Universell einsetzbar f\u00fcr alle Eckverbindungen<br \/>\n&#8211; Exaktes, zentriertes Zusammenf\u00fchren der Teile<br \/>\n&#8211; Gro\u00dfe Spanndr\u00fccke bei allen Ecken<br \/>\n&#8211; Boden- oder Deckelmontage m\u00f6glich<br \/>\n&#8211; Drehbar um 200\u00b0[\/vc_column_text][\/vc_tta_section][vc_tta_section title=&#8220;Option: mit automatischer Aushebung&#8220; tab_id=&#8220;1730886269231-6e0c683e-5347&#8243;][vc_column_text css=&#8220;&#8220;]Arbeitszeitersparnis:<br \/>\n&#8211; W\u00e4hrend des automatischen Aushebens k\u00f6nnen schon die n\u00e4chsten Teile vorbereitet bzw. beleimt werden<br \/>\n&#8211; Keine schweren Teile heben[\/vc_column_text][\/vc_tta_section][vc_tta_section title=&#8220;Weniger Nacharbeiten&#8220; tab_id=&#8220;1730886272691-ff651fa7-85ce&#8220;][vc_column_text css=&#8220;&#8220;]- Diagonalma\u00dfe sind ident<br \/>\n&#8211; Exakte Ausf\u00fchrung der Ecken<br \/>\n&#8211; Einhobeln wird weniger oder entf\u00e4llt sogar komplett[\/vc_column_text][\/vc_tta_section][vc_tta_section title=&#8220;Technische Daten&#8220; tab_id=&#8220;1730886275067-2877a1c7-d340&#8243;][vc_column_text css=&#8220;&#8220;]<b>KPO-F<\/b><br \/>\nGesamtl\u00e4nge:\u00a0\u00a0\u00a0\u00a0\u00a0\u00a0\u00a0\u00a0\u00a0\u00a0\u00a0 \u00a0\u00a0 1.650 mm \u2013 2.160 mm<br \/>\nL\u00e4nge Seitenteil lang:\u00a0 1.250 mm \u2013 1.600 mm<br \/>\nL\u00e4nge Seitenteil kurz: \u00a0 \u00a0 400 mm \u2013\u00a0\u00a0\u00a0 560 mm<br \/>\nBreite Kopfteil: \u00a0 \u00a0 \u00a0 \u00a0\u00a0 \u00a0 \u00a0 \u00a0 300 mm \u2013\u00a0\u00a0\u00a0 600 mm<br \/>\nBreite Fu\u00dfteil:\u00a0\u00a0\u00a0\u00a0\u00a0\u00a0\u00a0\u00a0\u00a0\u00a0\u00a0 \u00a0 \u00a0\u00a0 300 mm \u2013 \u00a0\u00a0 600 mm<br \/>\nBreite Mitte:\u00a0\u00a0\u00a0\u00a0\u00a0\u00a0\u00a0\u00a0\u00a0\u00a0\u00a0\u00a0\u00a0\u00a0\u00a0\u00a0 \u00a0\u00a0 550 mm \u2013 \u00a0\u00a0 730 mm<br \/>\nSargh\u00f6he:\u00a0\u00a0\u00a0\u00a0\u00a0\u00a0\u00a0\u00a0\u00a0\u00a0\u00a0\u00a0\u00a0\u00a0\u00a0\u00a0\u00a0\u00a0\u00a0 \u00a0\u00a0 \u00a0\u00a0 90 mm \u2013\u00a0 \u00a0 300 mm<br \/>\nDrehung:\u00a0\u00a0\u00a0\u00a0\u00a0\u00a0\u00a0\u00a0\u00a0\u00a0\u00a0\u00a0\u00a0\u00a0\u00a0\u00a0\u00a0 \u00a0 \u00a0 \u00a0 \u00a0\u00a0 0\u00b0 \u2013 200\u00b0<\/p>\n<p><b>KPU-F<\/b><br \/>\nGesamtl\u00e4nge:\u00a0\u00a0\u00a0\u00a0\u00a0\u00a0\u00a0\u00a0\u00a0\u00a0 \u00a0 \u00a0 1.600 mm \u2013 2.110 mm<br \/>\nL\u00e4nge Seitenteil lang:\u00a0 1.200 mm \u2013 1.550 mm<br \/>\nL\u00e4nge Seitenteil kurz:\u00a0\u00a0 \u00a0 400 mm \u2013\u00a0\u00a0\u00a0 560 mm<br \/>\nBreite Kopfteil:\u00a0\u00a0\u00a0\u00a0\u00a0\u00a0\u00a0\u00a0\u00a0\u00a0 \u00a0\u00a0 \u00a0 300 mm \u2013 \u00a0\u00a0 600 mm<br \/>\nBreite Fu\u00dfteil:\u00a0\u00a0\u00a0\u00a0\u00a0\u00a0\u00a0\u00a0\u00a0\u00a0\u00a0\u00a0\u00a0 \u00a0\u00a0 300 mm \u2013 \u00a0\u00a0 600 mm<br \/>\nBreite Mitte:\u00a0\u00a0\u00a0\u00a0\u00a0\u00a0\u00a0\u00a0\u00a0\u00a0\u00a0\u00a0\u00a0\u00a0\u00a0 \u00a0 \u00a0 550 mm \u2013\u00a0 \u00a0 730 mm<br \/>\nSargh\u00f6he:\u00a0\u00a0\u00a0\u00a0\u00a0\u00a0\u00a0\u00a0\u00a0 \u00a0\u00a0\u00a0\u00a0\u00a0\u00a0\u00a0 \u00a0\u00a0 \u00a0\u00a0 200 mm \u2013 \u00a0\u00a0 400 mm<br \/>\nDrehung:\u00a0\u00a0\u00a0\u00a0\u00a0\u00a0\u00a0\u00a0\u00a0\u00a0 \u00a0 \u00a0\u00a0\u00a0\u00a0 \u00a0 \u00a0\u00a0 \u00a0 \u00a0 0\u00b0 \u2013 200\u00b0[\/vc_column_text][\/vc_tta_section][\/vc_tta_accordion][\/vc_column][\/vc_row]<\/p>\n<\/div>","protected":false},"excerpt":{"rendered":"<p>[vc_row][vc_column][vc_column_text css=&#8220;&#8220;] \u00bb Korpuspresse Sargform konisch KPO\/KPU (f\u00fcr Oberkasten KPO, f\u00fcr Unterkasten KPU) Bei h\u00f6heren St\u00fcckzahlen bedarf es einer Presse f\u00fcr den Oberkasten und einer Presse f\u00fcr den Unterkasten. 2 Personen montieren (in einer Schicht) bis zu 140 S\u00e4rge. Bei Serienfertigung ist noch mehr m\u00f6glich![\/vc_column_text][\/vc_column][\/vc_row][vc_row][vc_column width=&#8220;1\/5&#8243;][vc_single_image image=&#8220;57&#8243; img_size=&#8220;500*500&#8243; alignment=&#8220;center&#8220; onclick=&#8220;custom_link&#8220; css=&#8220;&#8220; link=&#8220;https:\/\/mbm.at\/wp-content\/uploads\/2024\/11\/Korpuspresse-1.jpg&#8220;][\/vc_column][vc_column width=&#8220;1\/5&#8243;][vc_single_image image=&#8220;59&#8243; img_size=&#8220;500*500&#8243; [&hellip;]<\/p>\n","protected":false},"author":2,"featured_media":0,"parent":0,"menu_order":0,"comment_status":"closed","ping_status":"closed","template":"","meta":{"footnotes":""},"class_list":["post-91","page","type-page","status-publish","hentry"],"_links":{"self":[{"href":"https:\/\/mbm.at\/de\/wp-json\/wp\/v2\/pages\/91","targetHints":{"allow":["GET"]}}],"collection":[{"href":"https:\/\/mbm.at\/de\/wp-json\/wp\/v2\/pages"}],"about":[{"href":"https:\/\/mbm.at\/de\/wp-json\/wp\/v2\/types\/page"}],"author":[{"embeddable":true,"href":"https:\/\/mbm.at\/de\/wp-json\/wp\/v2\/users\/2"}],"replies":[{"embeddable":true,"href":"https:\/\/mbm.at\/de\/wp-json\/wp\/v2\/comments?post=91"}],"version-history":[{"count":8,"href":"https:\/\/mbm.at\/de\/wp-json\/wp\/v2\/pages\/91\/revisions"}],"predecessor-version":[{"id":4218,"href":"https:\/\/mbm.at\/de\/wp-json\/wp\/v2\/pages\/91\/revisions\/4218"}],"wp:attachment":[{"href":"https:\/\/mbm.at\/de\/wp-json\/wp\/v2\/media?parent=91"}],"curies":[{"name":"wp","href":"https:\/\/api.w.org\/{rel}","templated":true}]}}