{"id":5402,"date":"2025-02-13T10:13:20","date_gmt":"2025-02-13T09:13:20","guid":{"rendered":"https:\/\/mbm.at\/?page_id=5402"},"modified":"2025-02-20T11:29:27","modified_gmt":"2025-02-20T10:29:27","slug":"bohrstation-fuer-das-fl","status":"publish","type":"page","link":"https:\/\/mbm.at\/de\/bohrstation-fuer-das-fl\/","title":{"rendered":"Bohrstation f\u00fcr DAS-FL"},"content":{"rendered":"<div class=\"wpb-content-wrapper\"><p>[vc_row][vc_column][vc_images_carousel images=&#8220;5656,5648,5640,5632&#8243; img_size=&#8220;full&#8220; css=&#8220;&#8220;][\/vc_column][\/vc_row][vc_row][vc_column][vc_tta_accordion][vc_tta_section title=&#8220;Ihr Vorteil&#8220; tab_id=&#8220;1739431384756-268a3dc5-a8f9&#8243;][vc_single_image image=&#8220;5354&#8243; img_size=&#8220;200*200&#8243; alignment=&#8220;center&#8220; onclick=&#8220;custom_link&#8220; css=&#8220;&#8220; link=&#8220;https:\/\/mbm.at\/wp-content\/uploads\/2025\/02\/bohrstation-wendel.jpg&#8220;][vc_column_text css=&#8220;&#8220;]<\/p>\n<ul>\n<li><strong>Anbauf\u00e4hig an die DAS-FL:<\/strong> Erweiterten Sie die DAS-FL um eine automatische Bohrstation<\/li>\n<li><strong>Erh\u00f6hte Produktivit\u00e4t:<\/strong> Automatische Bohrstationen k\u00f6nnen kontinuierlich arbeiten, ohne Pausen, was die Produktionsrate erheblich steigert<\/li>\n<li><strong>Pr\u00e4zision und Wiederholgenauigkeit:<\/strong> Diese Maschinen bieten eine hohe Genauigkeit und Konsistenz bei jedem Bohrvorgang, was die Qualit\u00e4t der Endprodukte verbessert<\/li>\n<li><strong>Kosteneffizienz:<\/strong> Durch die Automatisierung werden die Arbeitskosten gesenkt und die Effizienz erh\u00f6ht, da weniger manuelle Eingriffe erforderlich sind<\/li>\n<li><strong>Flexibilit\u00e4t:<\/strong> Automatische Bohrstationen k\u00f6nnen leicht an verschiedene Bohranforderungen angepasst werden, einschlie\u00dflich der Bearbeitung unterschiedlicher Materialien und Geometrien<\/li>\n<li><strong>Sicherheit:<\/strong> Automatisierte Bohrstationen reduzieren das Risiko von Arbeitsunf\u00e4llen, da weniger menschliche Eingriffe erforderlich sind<\/li>\n<\/ul>\n<p>[\/vc_column_text][\/vc_tta_section][vc_tta_section title=&#8220;Einsatzbereiche&#8220; tab_id=&#8220;1739431384757-33359260-8ac3&#8243;][vc_single_image image=&#8220;5727&#8243; img_size=&#8220;200*200&#8243; alignment=&#8220;center&#8220; onclick=&#8220;custom_link&#8220; css=&#8220;&#8220; link=&#8220;https:\/\/mbm.at\/wp-content\/uploads\/2025\/02\/20250121_103920-scaled.jpg&#8220;][vc_column_text css=&#8220;&#8220;]<\/p>\n<ul>\n<li><strong>Sargherstellung:<\/strong>\n<ul>\n<li>Erstellen von Griffbohrungen<\/li>\n<li>Erstellen von Verschlussbohrungen<\/li>\n<li>Erstellen von Astlochbohrungen<\/li>\n<\/ul>\n<\/li>\n<\/ul>\n<p>[\/vc_column_text][\/vc_tta_section][vc_tta_section title=&#8220;Ausf\u00fchrungsvarianten&#8220; tab_id=&#8220;1740038908552-3559feea-dc0b&#8220;][vc_single_image image=&#8220;5370&#8243; img_size=&#8220;200*200&#8243; alignment=&#8220;center&#8220; onclick=&#8220;custom_link&#8220; css=&#8220;&#8220; link=&#8220;https:\/\/mbm.at\/wp-content\/uploads\/2025\/02\/IMG_2052.jpg&#8220;][vc_column_text css=&#8220;&#8220;]<\/p>\n<ul>\n<li>Bohrstation an Fertigungslinie DAS-FL<\/li>\n<li>Bohrstation als Einzelmaschine<\/li>\n<li>Bohrstation zum Ausbohren von Astl\u00f6chern<\/li>\n<\/ul>\n<p>[\/vc_column_text][\/vc_tta_section][vc_tta_section title=&#8220;Optionen&#8220; tab_id=&#8220;1740038911672-afecc4b4-a542&#8243;][vc_single_image image=&#8220;5248&#8243; img_size=&#8220;200*200&#8243; alignment=&#8220;center&#8220; onclick=&#8220;custom_link&#8220; css=&#8220;&#8220; link=&#8220;https:\/\/mbm.at\/wp-content\/uploads\/2025\/02\/bohr1.png&#8220;][vc_column_text css=&#8220;&#8220;]<\/p>\n<ul>\n<li>Bohren mit mehreren Aggregaten gleichzeitig<\/li>\n<li>Bohren mit mehreren Achsen<\/li>\n<li>Bohren mit flexiblen Bohrabstand<\/li>\n<\/ul>\n<p>[\/vc_column_text][\/vc_tta_section][vc_tta_section title=&#8220;Technische Daten&#8220; tab_id=&#8220;1740038913920-7650123a-a710&#8243;][vc_column_text css=&#8220;&#8220;]<\/p>\n<ul>\n<li>Elektrisch verstellbare Einzelbohraggregaten f\u00fcr die Befestigungsbohrungen<\/li>\n<li>Lineare Fahrachsen f\u00fcr X-, Y-, Z- Richtung<\/li>\n<li>Fixierung der Werkst\u00fccke mit Spannzylinder<\/li>\n<li>Taktzeit ausgelegt auf DAS-FL Takt und gleichzeitige Erstellung von bis zu 6 Bohrungen<\/li>\n<li>Bohrhub = 80 mm, mit Reduzierfutter f\u00fcr Bohrerschaftdurchmesser 10 mm.<\/li>\n<\/ul>\n<p>[\/vc_column_text][\/vc_tta_section][vc_tta_section title=&#8220;Steuerung&#8220; tab_id=&#8220;1740038915216-6be24bbf-05a8&#8243;][vc_single_image image=&#8220;5736&#8243; img_size=&#8220;200*200&#8243; alignment=&#8220;center&#8220; onclick=&#8220;custom_link&#8220; css=&#8220;&#8220; link=&#8220;https:\/\/mbm.at\/wp-content\/uploads\/2025\/02\/KHA6gross-scaled.jpg&#8220;][vc_column_text css=&#8220;&#8220;]<\/p>\n<ul>\n<li>Siemens als Leitfabrikat f\u00fcr elektrische bzw. elektronische Komponenten mit einer Zentralsteuerung TIA-SPS (Safe Ausf\u00fchrung) f\u00fcr die Anlagen-, Ablauf- und Sicherheitssteuerung<\/li>\n<li>Parameterverwaltung, Handbetrieb, Alarmverwaltung, Datenaufzeichnung<\/li>\n<li>Bedienstelle Touchscreen HMI<\/li>\n<li>Einfache Programmerstellung mit Sargkonfigurator<\/li>\n<li>Fehlerdiagnose bei St\u00f6rungen<\/li>\n<li>Korrektur der L\u00e4nge und Nuth\u00f6he bei unterschiedlicher Holzst\u00e4rke<\/li>\n<li>Verschiedene Programme aus einem Holzteil schneiden<\/li>\n<li>Optionen zur Steuerung\n<ul>\n<li>Schnittstelle zum automatischen \u00dcbertragen der Fertigungsdaten<\/li>\n<li>Ferndiagnose und Fernwartungsl\u00f6sungen<\/li>\n<li>IoT Plattform control: F\u00fcr Monitoring und Betriebsdatenerfassung und Vernetzung mit vor- oder nachgelagerten Anlagen. Weitere Infos unter: <a href=\"https:\/\/www.digifai.com\/de\/control\/\" target=\"_blank\" rel=\"noopener\">control &#8211; digifai<\/a><\/li>\n<\/ul>\n<\/li>\n<\/ul>\n<p>[\/vc_column_text][\/vc_tta_section][vc_tta_section title=&#8220;Maschinendaten&#8220; tab_id=&#8220;1740038916567-704225a7-f58c&#8220;][vc_single_image image=&#8220;5745&#8243; img_size=&#8220;200*200&#8243; alignment=&#8220;center&#8220; onclick=&#8220;custom_link&#8220; css=&#8220;&#8220; link=&#8220;https:\/\/mbm.at\/wp-content\/uploads\/2025\/02\/Kantholzautomat-KHA2.png&#8220;][vc_column_text css=&#8220;&#8220;]<\/p>\n<ul>\n<li>Ausf\u00fchrung in stabiler Schwei\u00dfausf\u00fchrung<\/li>\n<li>Bohrger\u00e4te: 0,75 kW, 2.675 U\/min<\/li>\n<li>Bis zu 12 Bohrger\u00e4te<\/li>\n<li>Platzbedarf\n<ul>\n<li>Aufstelll\u00e4nge ca. 3.500 mm, Breite 2.000 mm<\/li>\n<\/ul>\n<\/li>\n<\/ul>\n<p>[\/vc_column_text][\/vc_tta_section][\/vc_tta_accordion][\/vc_column][\/vc_row]<\/p>\n<\/div>","protected":false},"excerpt":{"rendered":"<p>[vc_row][vc_column][vc_images_carousel images=&#8220;5656,5648,5640,5632&#8243; img_size=&#8220;full&#8220; css=&#8220;&#8220;][\/vc_column][\/vc_row][vc_row][vc_column][vc_tta_accordion][vc_tta_section title=&#8220;Ihr Vorteil&#8220; tab_id=&#8220;1739431384756-268a3dc5-a8f9&#8243;][vc_single_image image=&#8220;5354&#8243; img_size=&#8220;200*200&#8243; alignment=&#8220;center&#8220; onclick=&#8220;custom_link&#8220; css=&#8220;&#8220; link=&#8220;https:\/\/mbm.at\/wp-content\/uploads\/2025\/02\/bohrstation-wendel.jpg&#8220;][vc_column_text css=&#8220;&#8220;] Anbauf\u00e4hig an die DAS-FL: Erweiterten Sie die DAS-FL um eine automatische Bohrstation Erh\u00f6hte Produktivit\u00e4t: Automatische Bohrstationen k\u00f6nnen kontinuierlich arbeiten, ohne Pausen, was die Produktionsrate erheblich steigert Pr\u00e4zision und Wiederholgenauigkeit: Diese Maschinen bieten eine hohe Genauigkeit und Konsistenz bei jedem Bohrvorgang, was [&hellip;]<\/p>\n","protected":false},"author":2,"featured_media":0,"parent":0,"menu_order":0,"comment_status":"closed","ping_status":"closed","template":"","meta":{"footnotes":""},"class_list":["post-5402","page","type-page","status-publish","hentry"],"_links":{"self":[{"href":"https:\/\/mbm.at\/de\/wp-json\/wp\/v2\/pages\/5402","targetHints":{"allow":["GET"]}}],"collection":[{"href":"https:\/\/mbm.at\/de\/wp-json\/wp\/v2\/pages"}],"about":[{"href":"https:\/\/mbm.at\/de\/wp-json\/wp\/v2\/types\/page"}],"author":[{"embeddable":true,"href":"https:\/\/mbm.at\/de\/wp-json\/wp\/v2\/users\/2"}],"replies":[{"embeddable":true,"href":"https:\/\/mbm.at\/de\/wp-json\/wp\/v2\/comments?post=5402"}],"version-history":[{"count":15,"href":"https:\/\/mbm.at\/de\/wp-json\/wp\/v2\/pages\/5402\/revisions"}],"predecessor-version":[{"id":5828,"href":"https:\/\/mbm.at\/de\/wp-json\/wp\/v2\/pages\/5402\/revisions\/5828"}],"wp:attachment":[{"href":"https:\/\/mbm.at\/de\/wp-json\/wp\/v2\/media?parent=5402"}],"curies":[{"name":"wp","href":"https:\/\/api.w.org\/{rel}","templated":true}]}}