{"id":5032,"date":"2025-02-13T10:15:11","date_gmt":"2025-02-13T09:15:11","guid":{"rendered":"https:\/\/mbm.at\/?page_id=5032"},"modified":"2025-02-21T09:56:37","modified_gmt":"2025-02-21T08:56:37","slug":"kantholzautomat-kha","status":"publish","type":"page","link":"https:\/\/mbm.at\/de\/kantholzautomat-kha\/","title":{"rendered":"Kantholzautomat KHA"},"content":{"rendered":"<div class=\"wpb-content-wrapper\"><p>[vc_row equal_height=&#8220;yes&#8220; content_placement=&#8220;middle&#8220;][vc_column][vc_column_text css=&#8220;&#8220;]Der Kantholzautomat KHA wurde speziell f\u00fcr die Herstellung von Kanth\u00f6lzern und Anlegeh\u00f6lzern entwickelt. Er verarbeitet Streifen beispielweise aus Restplatten oder Platten mit Oberfl\u00e4chenfehlern, die bei der Produktion von OSB-, OSL-, LVL-, Span- oder MDF-Platten anfallen. Diese Streifen werden im KHA vollautomatisch zu Kanth\u00f6lzern zusammengef\u00fcgt.[\/vc_column_text][vc_images_carousel images=&#8220;5562,5570,5578&#8243; img_size=&#8220;full&#8220; css=&#8220;&#8220;][\/vc_column][\/vc_row][vc_row][vc_column][vc_tta_accordion][vc_tta_section title=&#8220;Ihr Vorteil&#8220; tab_id=&#8220;1740125723747-020591a2-50ec&#8220;][vc_single_image image=&#8220;5804&#8243; img_size=&#8220;200*200&#8243; alignment=&#8220;center&#8220; onclick=&#8220;custom_link&#8220; css=&#8220;&#8220; link=&#8220;https:\/\/mbm.at\/wp-content\/uploads\/2025\/02\/KHA4gross-scaled.jpg&#8220;][vc_column_text css=&#8220;&#8220;]<\/p>\n<ul>\n<li>Nutzen Sie Ihre Holzreste optimal und produzieren Sie hochwertige Anlege- und Kanth\u00f6lzer oder stabile Lagerh\u00f6lzer f\u00fcr Ihre Transport- und Lagerbed\u00fcrfnisse<\/li>\n<li>Stellen Sie Kantholz und Anlegeh\u00f6lzer flexibel nach Bedarf in verschiedenen Gr\u00f6\u00dfen und L\u00e4ngen nach Ihren Produktionsanforderungen her<\/li>\n<li>Der KHA bietet eine nachhaltige L\u00f6sung f\u00fcr die Holzverarbeitung, schont Ressourcen und steigert die Effizienz<\/li>\n<li>Verarbeiten Sie verschiedene Materialien wie OSB-, OSL-, LVL-, Spanplatten oder MDF-Platten mit dem KHA von\u00a0<strong><span style=\"color: #40b5ad;\">mbm <\/span><\/strong><\/li>\n<li>Die automatische Verarbeitung gew\u00e4hrleistet Kanth\u00f6lzer mit hoher Genauigkeit und gleichbleibender Qualit\u00e4t<\/li>\n<li>Der KHA automatisiert den gesamten Herstellungsprozess, erh\u00f6ht die Produktionsgeschwindigkeit und reduziert den manuellen Arbeitsaufwand<\/li>\n<\/ul>\n<p>[\/vc_column_text][\/vc_tta_section][vc_tta_section title=&#8220;Einsatzbereiche&#8220; tab_id=&#8220;1740125732654-211e2e44-e2dc&#8220;][vc_single_image image=&#8220;5796&#8243; img_size=&#8220;200*200&#8243; alignment=&#8220;center&#8220; onclick=&#8220;custom_link&#8220; css=&#8220;&#8220; link=&#8220;https:\/\/mbm.at\/wp-content\/uploads\/2025\/02\/KHA5gross-scaled.jpg&#8220;][vc_column_text css=&#8220;&#8220;]<\/p>\n<ul>\n<li><strong>M\u00f6belherstellung:<\/strong> Durch die Verarbeitung von Holzresten zu hochwertigen Materialien k\u00f6nnen M\u00f6belhersteller kosteneffizient und nachhaltig arbeiten<\/li>\n<li><strong>Verpackungsindustrie:<\/strong> Lagerh\u00f6lzer und Abstandsh\u00f6lzer sind ideal f\u00fcr die sichere Verpackung und den Transport von Waren<\/li>\n<li><strong>Lager- und Logistikunternehmen:<\/strong> Lagerh\u00f6lzer und Abstandsh\u00f6lzer sind essenziell f\u00fcr die Lagerung und den Transport von G\u00fctern<\/li>\n<li><strong>Recycling und Abfallmanagement:<\/strong> Der KHA tr\u00e4gt zur Reduzierung von Holzabf\u00e4llen bei, indem er Restst\u00fccke effizient verwertet. Dies ist besonders n\u00fctzlich f\u00fcr Unternehmen, die gro\u00dfen Mengen an Holzabf\u00e4llen produzieren und diese nachhaltig nutzen m\u00f6chten<\/li>\n<\/ul>\n<p>[\/vc_column_text][\/vc_tta_section][vc_tta_section title=&#8220;Ausf\u00fchrungsvarianten&#8220; tab_id=&#8220;1740125735526-d89b8afa-85ce&#8220;][vc_single_image image=&#8220;5788&#8243; img_size=&#8220;200*200&#8243; alignment=&#8220;center&#8220; onclick=&#8220;custom_link&#8220; css=&#8220;&#8220; link=&#8220;https:\/\/mbm.at\/wp-content\/uploads\/2025\/02\/KHA8gross_Option-2-Schwenkarm-fur-Kantholzzufuhrung-direkt-in-den-Zufuhrschacht-einer-Umrreifungsmaschine-14.101.png&#8220;][vc_column_text css=&#8220;&#8220;]<\/p>\n<ul>\n<li><strong>KHA Grundmaschine:<\/strong> Ausgestattet Trenns\u00e4ge mit Klebestation, Pressstation und Ausschub.<\/li>\n<li><strong>KHA mit Nuteinheit:<\/strong> F\u00fcr passende Fr\u00e4sungen in Kant- oder Anlageh\u00f6lzern zur sp\u00e4teren Umreifung mit Stahl- oder Kunststoffb\u00e4ndern<\/li>\n<li><strong>KHA in Sonderausf\u00fchrung:<\/strong> Passende Belade- und Ablagepl\u00e4tze k\u00f6nnen angeboten und an vorhandene Produktionsabl\u00e4ufe angepasst werden<\/li>\n<li><strong>KHA mit Anbindung f\u00fcr automatische Umreifung:<\/strong> F\u00fcr automatischen Verpackungsanlage kann der KHA \u00fcber Greifer und F\u00f6rdertechnik mit einer automatischen Umreifung kombiniert werden<\/li>\n<\/ul>\n<p>[\/vc_column_text][\/vc_tta_section][vc_tta_section title=&#8220;Optionen&#8220; tab_id=&#8220;1740125739581-67958df0-3c0f&#8220;][vc_single_image image=&#8220;5780&#8243; img_size=&#8220;200*200&#8243; alignment=&#8220;center&#8220; onclick=&#8220;custom_link&#8220; css=&#8220;&#8220; link=&#8220;https:\/\/mbm.at\/wp-content\/uploads\/2025\/02\/KHA9gross_18.105.10.00.0_Schwenkarm.jpg&#8220;][vc_column_text css=&#8220;&#8220;]<\/p>\n<ul>\n<li><strong>Beschickung von Lagerpl\u00e4tzen:<\/strong> Mit Zuf\u00fchrungshandling und Leistenvermessung<\/li>\n<li><strong>Beschickung mit Kettenf\u00f6rderer:<\/strong> Inklusive seitlicher Pusheinrichtung<\/li>\n<li>Lagenweise Beschickung: Mit Rollenbahn direkt von der S\u00e4ge<\/li>\n<li><strong>Beschickung mit Rollenf\u00f6rderer:<\/strong> Bis zu 6m L\u00e4nge, f\u00fcr Einzelstreifen<\/li>\n<li><strong>Mangelwalze:<\/strong> Zur Vereinzelung von Streifenpaketen<\/li>\n<li><strong>Ausgabe mit Schwenkarm<\/strong><\/li>\n<li><strong>Ausgabe Kantholzauslagerplatz:<\/strong> Mit Portal oder Roboter<\/li>\n<li><strong>IoT Plattform control:<\/strong> F\u00fcr Monitoring und Betriebsdatenerfassung und Vernetzung mit vor- oder nachgelagerten Anlagen. Weitere Infos unter:\u00a0<a href=\"https:\/\/www.digifai.com\/de\/control\/\" target=\"_blank\" rel=\"noopener\">control- digifai.<\/a><\/li>\n<\/ul>\n<p>[\/vc_column_text][\/vc_tta_section][vc_tta_section title=&#8220;Technische Daten&#8220; tab_id=&#8220;1740125742829-0c49203b-c726&#8243;][vc_single_image image=&#8220;5868&#8243; img_size=&#8220;200*200&#8243; alignment=&#8220;center&#8220; onclick=&#8220;custom_link&#8220; css=&#8220;&#8220; link=&#8220;https:\/\/mbm.at\/wp-content\/uploads\/2025\/02\/Kantholzautomat-KHA3.png&#8220;][vc_column_text css=&#8220;&#8220;]<\/p>\n<ul>\n<li>Leistenl\u00e4nge Rohmaterial 2000mm-5900mm<\/li>\n<li>Leistenh\u00f6hen 8mm \u2013 50mm<\/li>\n<li>Leistenbreite 70mm \u2013 100mm<\/li>\n<li>Fertigteile Kantholzl\u00e4nge 200mm \u2013 2200mm<\/li>\n<li>Fertigteile Kantholzh\u00f6he 8mm \u2013 120mm<\/li>\n<li>Schnittgenauigkeit +\/- 1,0mm<\/li>\n<li>Taktzeit: 18s bei 5 Streifen mit einer L\u00e4nge von 1250mm<\/li>\n<li>Leistenmaterial: OSB-, OSL-, LVL-, Span- oder MDF-Platten<\/li>\n<li>Leistenstapel\n<ul>\n<li>Maximaler Stapel LxBxH 5900mmx1000mmx800mm<\/li>\n<li>Minimaler Stapel = einzelne Leiste<\/li>\n<\/ul>\n<\/li>\n<li>\u00dcbergabetisch f\u00fcr Kantholzstapelung vorbereitet f\u00fcr Abnahme von Hand<\/li>\n<li>Ausgabebeispiel mit Portal\n<ul>\n<li>Portal mit zwei Achsen<\/li>\n<li>Aufnahme der Kantholzlage mittels Vakuumgreifer<\/li>\n<li>X-Achse mittels Querverschiebewagen<\/li>\n<li>Z-Achse mittels Hubmast<\/li>\n<li>bis zu vier Palettenpl\u00e4tze m\u00f6glich<\/li>\n<li>Stapelh\u00f6he 1200mm<\/li>\n<li>Stapelbreite 800mm<\/li>\n<\/ul>\n<\/li>\n<\/ul>\n<p>[\/vc_column_text][\/vc_tta_section][vc_tta_section title=&#8220;Steuerung&#8220; tab_id=&#8220;1740125758373-69fce1ea-e35a&#8220;][vc_single_image image=&#8220;5736&#8243; img_size=&#8220;200*200&#8243; alignment=&#8220;center&#8220; onclick=&#8220;custom_link&#8220; css=&#8220;&#8220; link=&#8220;https:\/\/mbm.at\/wp-content\/uploads\/2025\/02\/KHA6gross-scaled.jpg&#8220;][vc_column_text css=&#8220;&#8220;]<\/p>\n<ul>\n<li>Hauptsteuerschrank direkt an der Anlage montiert<\/li>\n<li>Siemens als Leitfabrikat f\u00fcr elektrische bzw. elektronische Komponenten mit einer Zentralsteuerung TIA-SPS (Safe Ausf\u00fchrung) f\u00fcr die Anlagen-, Ablauf- und Sicherheitssteuerung<\/li>\n<li>Schaltschrankk\u00fchlung \u00fcber Klimager\u00e4t oder Wasser\/Luft W\u00e4rmetauscher<\/li>\n<li>Bedienstelle 12 Zoll Touchscreen HMI direkt im Steuerschrank integriert<\/li>\n<li>Bedienstationen f\u00fcr Artikelverwaltung, Parameterverwaltung, Handbetrieb, Alarmverwaltung und Bedienung<\/li>\n<li>Optional: Automatische Daten\u00fcbernahmen aus \u00fcbergeordneten Systemen<\/li>\n<\/ul>\n<p>[\/vc_column_text][\/vc_tta_section][vc_tta_section title=&#8220;Maschinendaten&#8220; tab_id=&#8220;1740125761933-b2b607a0-2992&#8243;][vc_single_image image=&#8220;5745&#8243; img_size=&#8220;200*200&#8243; alignment=&#8220;center&#8220; onclick=&#8220;custom_link&#8220; css=&#8220;&#8220; link=&#8220;https:\/\/mbm.at\/wp-content\/uploads\/2025\/02\/Kantholzautomat-KHA2.png&#8220;][vc_column_text css=&#8220;&#8220;]<\/p>\n<ul>\n<li><strong>S\u00e4geeinheit<\/strong>\n<ul>\n<li>pneumatisch hebbar<\/li>\n<li>Drehstrom-Asynchronmotor Leistung 2.2 kW, 4500 U\/min bei 100Hz<\/li>\n<li>S\u00e4geblattdurchmesser 300mm<\/li>\n<li>Anschluss f\u00fcr Absaugung D80mm<\/li>\n<li>Spannzylinder vor dem S\u00e4geaggregat<\/li>\n<\/ul>\n<\/li>\n<li><strong>Option Nuteinheit<\/strong>\n<ul>\n<li>mit Schwenkwippe, pneumatisch hebbar<\/li>\n<li>20mm Nutbreite, Nuttiefe 3mm,<\/li>\n<li>Leistung 2.2 kW, 2800 U\/min.<\/li>\n<li>mit Oberdruckrollen, pneumatisch heb-u. senkbar<\/li>\n<li>Anschluss f\u00fcr Absaugung D80mm<\/li>\n<\/ul>\n<\/li>\n<li><strong>Klebestation<\/strong>\n<ul>\n<li>Schmelzklebstoff<\/li>\n<li>Auftragsanlage, Leistung 4 kW<\/li>\n<li>mit Auftragskopf, elektropneumatisch gesteuert<\/li>\n<\/ul>\n<\/li>\n<\/ul>\n<p>[\/vc_column_text][\/vc_tta_section][\/vc_tta_accordion][\/vc_column][\/vc_row]<\/p>\n<\/div>","protected":false},"excerpt":{"rendered":"<p>[vc_row equal_height=&#8220;yes&#8220; content_placement=&#8220;middle&#8220;][vc_column][vc_column_text css=&#8220;&#8220;]Der Kantholzautomat KHA wurde speziell f\u00fcr die Herstellung von Kanth\u00f6lzern und Anlegeh\u00f6lzern entwickelt. Er verarbeitet Streifen beispielweise aus Restplatten oder Platten mit Oberfl\u00e4chenfehlern, die bei der Produktion von OSB-, OSL-, LVL-, Span- oder MDF-Platten anfallen. Diese Streifen werden im KHA vollautomatisch zu Kanth\u00f6lzern zusammengef\u00fcgt.[\/vc_column_text][vc_images_carousel images=&#8220;5562,5570,5578&#8243; img_size=&#8220;full&#8220; css=&#8220;&#8220;][\/vc_column][\/vc_row][vc_row][vc_column][vc_tta_accordion][vc_tta_section title=&#8220;Ihr Vorteil&#8220; tab_id=&#8220;1740125723747-020591a2-50ec&#8220;][vc_single_image image=&#8220;5804&#8243; img_size=&#8220;200*200&#8243; [&hellip;]<\/p>\n","protected":false},"author":2,"featured_media":0,"parent":0,"menu_order":0,"comment_status":"closed","ping_status":"closed","template":"","meta":{"footnotes":""},"class_list":["post-5032","page","type-page","status-publish","hentry"],"_links":{"self":[{"href":"https:\/\/mbm.at\/de\/wp-json\/wp\/v2\/pages\/5032","targetHints":{"allow":["GET"]}}],"collection":[{"href":"https:\/\/mbm.at\/de\/wp-json\/wp\/v2\/pages"}],"about":[{"href":"https:\/\/mbm.at\/de\/wp-json\/wp\/v2\/types\/page"}],"author":[{"embeddable":true,"href":"https:\/\/mbm.at\/de\/wp-json\/wp\/v2\/users\/2"}],"replies":[{"embeddable":true,"href":"https:\/\/mbm.at\/de\/wp-json\/wp\/v2\/comments?post=5032"}],"version-history":[{"count":25,"href":"https:\/\/mbm.at\/de\/wp-json\/wp\/v2\/pages\/5032\/revisions"}],"predecessor-version":[{"id":5892,"href":"https:\/\/mbm.at\/de\/wp-json\/wp\/v2\/pages\/5032\/revisions\/5892"}],"wp:attachment":[{"href":"https:\/\/mbm.at\/de\/wp-json\/wp\/v2\/media?parent=5032"}],"curies":[{"name":"wp","href":"https:\/\/api.w.org\/{rel}","templated":true}]}}