{"id":42,"date":"2024-11-06T15:46:12","date_gmt":"2024-11-06T14:46:12","guid":{"rendered":"https:\/\/wp.mbm.at\/?page_id=42"},"modified":"2024-12-18T09:01:15","modified_gmt":"2024-12-18T08:01:15","slug":"doppelgehrungssaegen","status":"publish","type":"page","link":"https:\/\/mbm.at\/de\/doppelgehrungssaegen\/","title":{"rendered":"\u00bb Doppelgehrungss\u00e4ge DAS-E"},"content":{"rendered":"<div class=\"wpb-content-wrapper\"><p>[vc_row][vc_column][vc_single_image image=&#8220;43&#8243; img_size=&#8220;full&#8220; alignment=&#8220;center&#8220; onclick=&#8220;custom_link&#8220; css=&#8220;&#8220; link=&#8220;https:\/\/mbm.at\/wp-content\/uploads\/2024\/11\/2344556_bi_Doppelgehrungssaege.jpg&#8220;][\/vc_column][\/vc_row][vc_row][vc_column][vc_tta_accordion][vc_tta_section title=&#8220;Vorteile&#8220; tab_id=&#8220;1730883459952-56bf27ce-eb36&#8243;][vc_column_text css=&#8220;&#8220;]- Ma\u00df- und winkelgenaue Schnitte<br \/>\n&#8211; Perfekte Schnittqualit\u00e4tMinimale R\u00fcstzeit<br \/>\n&#8211; Kratzer- und spurenfreie Oberfl\u00e4che<br \/>\n&#8211; Rationelle Arbeitsweise<br \/>\n&#8211; Pr\u00e4zision auf Lebensdauer<br \/>\n&#8211; Minimale R\u00fcstzeit<br \/>\n&#8211; Linienlaser<br \/>\n&#8211; 5-Achsen-Messanzeige[\/vc_column_text][\/vc_tta_section][vc_tta_section title=&#8220;Optionen&#8220; tab_id=&#8220;1730883479196-38c51b5a-5a33&#8243;][vc_column_text css=&#8220;&#8220;]- Nutaggregate[\/vc_column_text][\/vc_tta_section][vc_tta_section title=&#8220;Technische Daten&#8220; tab_id=&#8220;1730883459952-c81651e4-8f16&#8243;][vc_column_text css=&#8220;&#8220;]<b>Werkst\u00fcckgr\u00f6\u00dfen<\/b><br \/>\nTeilel\u00e4nge\u00a0\u00a0\u00a0\u00a0\u00a0\u00a0\u00a0\u00a0\u00a0\u00a0 250 mm \u2013 2.200 mm<br \/>\nTeilebreite\u00a0\u00a0\u00a0\u00a0\u00a0\u00a0 \u00a0 \u00a0\u00a0\u00a0 50 mm \u2013\u00a0\u00a0\u00a0 660 mm<br \/>\nTeileh\u00f6he\u00a0\u00a0\u00a0\u00a0\u00a0\u00a0\u00a0\u00a0\u00a0\u00a0\u00a0\u00a0\u00a0\u00a0\u00a0\u00a0\u00a0\u00a0\u00a0\u00a0 \u00a0 \u00a0\u00a0 max. 85 mm<\/p>\n<p><b>Gehrungswinkel<\/b><br \/>\nGro\u00dfe Gehrung\u00a0\u00a0\u00a0\u00a0 \u00a0 93\u00b0 &#8211; 45\u00b0<br \/>\nKleine Gehrung\u00a0\u00a0 \u00a0\u00a0 90\u00b0 &#8211; 43\u00b0<\/p>\n<p><b>Ma\u00dfgenauigkeit<\/b><br \/>\nGro\u00dfe Gehrung\u00a0\u00a0\u00a0 \u00a0 +\/- 0,02\u00b0<br \/>\nKleine Gehrung\u00a0\u00a0 \u00a0 +\/- 0,05\u00b0<br \/>\nTeilel\u00e4nge\u00a0\u00a0\u00a0\u00a0\u00a0\u00a0\u00a0\u00a0\u00a0 \u00a0\u00a0 +\/- 0,2 mm<\/p>\n<p><b>S\u00e4geblatt<\/b><br \/>\nDurchmesser\u00a0\u00a0\u00a0\u00a0 \u00a0 \u00a0\u00a0 \u00a0 350 mm\/400 mm<br \/>\nInnenbohrungsdurchmesser \u00a0 \u00a0 30 mm<\/p>\n<p><b>Nutaggregat<\/b><br \/>\nDurchmesser\u00a0\u00a0\u00a0\u00a0\u00a0\u00a0\u00a0\u00a0 \u00a0\u00a0 \u00a0\u00a0\u00a0\u00a0\u00a0\u00a0\u00a0\u00a0\u00a0 \u00a0 \u00a0\u00a0 180 mm<br \/>\nInnenbohrungsdurchmesser \u00a0 \u00a0 30 mm[\/vc_column_text][\/vc_tta_section][vc_tta_section title=&#8220;Steuerung&#8220; tab_id=&#8220;1730883490171-82b58602-f4a0&#8243;][vc_column_text css=&#8220;&#8220;]- Fehlerdiagnose bei St\u00f6rungen<br \/>\n&#8211; viele Einstellm\u00f6glichkeiten<br \/>\n&#8211; Nuter An-u. Abwahl<\/p>\n<p><b>Optionen<\/b><br \/>\n&#8211; Ferndiagnose[\/vc_column_text][\/vc_tta_section][vc_tta_section title=&#8220;Maschinendaten&#8220; tab_id=&#8220;1730883487916-6e248e57-14e5&#8243;][vc_column_text css=&#8220;&#8220;]<b>S\u00e4gevorschubgeschwindigkeit<\/b><br \/>\nVorw\u00e4rts\/r\u00fcckw\u00e4rts\u00a0\u00a0\u00a0\u00a0\u00a0\u00a0\u00a0 \u00a0 \u00a0 \u00a0 bis 30 m\/min.<br \/>\nS\u00e4genmotorleistung\u00a0\u00a0\u00a0\u00a0\u00a0\u00a0 \u00a0 \u00a0 \u00a0 5,5 kW<br \/>\nDrehzahl\u00a0\u00a0\u00a0\u00a0\u00a0\u00a0\u00a0\u00a0\u00a0\u00a0\u00a0\u00a0\u00a0\u00a0\u00a0\u00a0\u00a0\u00a0\u00a0\u00a0\u00a0\u00a0\u00a0 \u00a0 \u00a0 \u00a0\u00a0 4.200 U\/min.<br \/>\nNutaggregatmotorleistung\u00a0\u00a0 1 kW<br \/>\nDrehzahl\u00a0\u00a0\u00a0\u00a0\u00a0\u00a0\u00a0\u00a0\u00a0\u00a0\u00a0\u00a0\u00a0\u00a0\u00a0\u00a0\u00a0\u00a0\u00a0\u00a0\u00a0\u00a0 \u00a0 \u00a0 \u00a0 \u00a0 6.000 U\/min.[\/vc_column_text][\/vc_tta_section][\/vc_tta_accordion][\/vc_column][\/vc_row]<\/p>\n<\/div>","protected":false},"excerpt":{"rendered":"<p>[vc_row][vc_column][vc_single_image image=&#8220;43&#8243; img_size=&#8220;full&#8220; alignment=&#8220;center&#8220; onclick=&#8220;custom_link&#8220; css=&#8220;&#8220; link=&#8220;https:\/\/mbm.at\/wp-content\/uploads\/2024\/11\/2344556_bi_Doppelgehrungssaege.jpg&#8220;][\/vc_column][\/vc_row][vc_row][vc_column][vc_tta_accordion][vc_tta_section title=&#8220;Vorteile&#8220; tab_id=&#8220;1730883459952-56bf27ce-eb36&#8243;][vc_column_text css=&#8220;&#8220;]- Ma\u00df- und winkelgenaue Schnitte &#8211; Perfekte Schnittqualit\u00e4tMinimale R\u00fcstzeit &#8211; Kratzer- und spurenfreie Oberfl\u00e4che &#8211; Rationelle Arbeitsweise &#8211; Pr\u00e4zision auf Lebensdauer &#8211; Minimale R\u00fcstzeit &#8211; Linienlaser &#8211; 5-Achsen-Messanzeige[\/vc_column_text][\/vc_tta_section][vc_tta_section title=&#8220;Optionen&#8220; tab_id=&#8220;1730883479196-38c51b5a-5a33&#8243;][vc_column_text css=&#8220;&#8220;]- Nutaggregate[\/vc_column_text][\/vc_tta_section][vc_tta_section title=&#8220;Technische Daten&#8220; tab_id=&#8220;1730883459952-c81651e4-8f16&#8243;][vc_column_text css=&#8220;&#8220;]Werkst\u00fcckgr\u00f6\u00dfen Teilel\u00e4nge\u00a0\u00a0\u00a0\u00a0\u00a0\u00a0\u00a0\u00a0\u00a0\u00a0 250 mm \u2013 2.200 mm Teilebreite\u00a0\u00a0\u00a0\u00a0\u00a0\u00a0 \u00a0 \u00a0\u00a0\u00a0 50 [&hellip;]<\/p>\n","protected":false},"author":2,"featured_media":0,"parent":0,"menu_order":0,"comment_status":"closed","ping_status":"closed","template":"","meta":{"footnotes":""},"class_list":["post-42","page","type-page","status-publish","hentry"],"_links":{"self":[{"href":"https:\/\/mbm.at\/de\/wp-json\/wp\/v2\/pages\/42","targetHints":{"allow":["GET"]}}],"collection":[{"href":"https:\/\/mbm.at\/de\/wp-json\/wp\/v2\/pages"}],"about":[{"href":"https:\/\/mbm.at\/de\/wp-json\/wp\/v2\/types\/page"}],"author":[{"embeddable":true,"href":"https:\/\/mbm.at\/de\/wp-json\/wp\/v2\/users\/2"}],"replies":[{"embeddable":true,"href":"https:\/\/mbm.at\/de\/wp-json\/wp\/v2\/comments?post=42"}],"version-history":[{"count":16,"href":"https:\/\/mbm.at\/de\/wp-json\/wp\/v2\/pages\/42\/revisions"}],"predecessor-version":[{"id":3767,"href":"https:\/\/mbm.at\/de\/wp-json\/wp\/v2\/pages\/42\/revisions\/3767"}],"wp:attachment":[{"href":"https:\/\/mbm.at\/de\/wp-json\/wp\/v2\/media?parent=42"}],"curies":[{"name":"wp","href":"https:\/\/api.w.org\/{rel}","templated":true}]}}