{"id":37,"date":"2024-11-05T15:12:15","date_gmt":"2024-11-05T14:12:15","guid":{"rendered":"https:\/\/wp.mbm.at\/?page_id=37"},"modified":"2024-12-19T13:20:03","modified_gmt":"2024-12-19T12:20:03","slug":"start","status":"publish","type":"page","link":"https:\/\/mbm.at\/de\/","title":{"rendered":""},"content":{"rendered":"<div class=\"wpb-content-wrapper\"><p>[vc_row][vc_column][vc_column_text css=&#8220;&#8220;]<\/p>\n<h4 style=\"text-align: center;\"><span data-teams=\"true\">Gehrungen mit Pr\u00e4zision und Zuverl\u00e4ssigkeit!<\/span><\/h4>\n<p>[\/vc_column_text][\/vc_column][\/vc_row][vc_row][vc_column][vc_single_image image=&#8220;2495&#8243; img_size=&#8220;large&#8220; alignment=&#8220;center&#8220; onclick=&#8220;custom_link&#8220; css=&#8220;&#8220; link=&#8220;https:\/\/mbm.at\/wp-content\/uploads\/2024\/11\/Doppelgehrungssaege-B2.jpg&#8220;][\/vc_column][\/vc_row][vc_row][vc_column][vc_column_text css=&#8220;&#8220;]<strong><span style=\"color: #40b5ad;\">mbm <\/span><\/strong>ist der Spezialist f\u00fcr automatisierte Gehrungsschnitte und baut daf\u00fcr Gehrungs- und Doppelgehrungss\u00e4gen. Zuverl\u00e4ssigkeit und Pr\u00e4zision mit der Leidenschaft zum perfekten Schnitt zeichnet <span style=\"color: #40b5ad;\"><strong>mbm- Maschinen<\/strong> <\/span> besonders aus. Im Laufe der Zeit wurde das Portfolio um weitere Maschinen- und Automatisierungsl\u00f6sungen erweitert. So hat sich <strong><span style=\"color: #40b5ad;\">mbm <\/span><\/strong>zum Komplettl\u00f6sungsanbieter f\u00fcr die industrielle Produktion von S\u00e4rgen etabliert.<\/p>\n<p>Mit der \u00dcbernahme durch Eberle Automatische Systeme GmbH &amp; Co KG aus Dornbirn im Jahr 2023 wurde das Angebot um digitale Industrie 4.0 L\u00f6sungen erweitert. Das verbindet nun den bew\u00e4hrten zuverl\u00e4ssigen Maschinenbau mit modernen Softwarel\u00f6sungen f\u00fcr eine sichere, effiziente und ressourcenoptimierte Produktion.[\/vc_column_text][\/vc_column][\/vc_row][vc_row][vc_column width=&#8220;1\/6&#8243;][vc_single_image image=&#8220;2529&#8243; img_size=&#8220;250*250&#8243; alignment=&#8220;center&#8220; onclick=&#8220;custom_link&#8220; css=&#8220;&#8220; link=&#8220;https:\/\/mbm.at\/wp-content\/uploads\/2024\/12\/3.jpg&#8220;][\/vc_column][vc_column width=&#8220;5\/6&#8243;][vc_column_text css=&#8220;&#8220;]<strong><span style=\"color: #40b5ad;\">mbm <\/span> Sargfertigungsmaschinen &#8211; f\u00fcr die moderne, effiziente und individualisierte Sargherstellung<\/strong><\/p>\n<p>Moderne Sargfertigung kombiniert traditionelle Handwerkskunst mit fortschrittlicher Technologie, um hochwertige und nachhaltige S\u00e4rge in hohen St\u00fcckzahlen herzustellen.<\/p>\n<p>&gt;&gt; weiter zu <a href=\"https:\/\/mbm.at\/en\/coffin-manufacturing-machines\/\">Sargfertigung<\/a>[\/vc_column_text][\/vc_column][\/vc_row][vc_row][vc_column width=&#8220;1\/6&#8243;][vc_single_image image=&#8220;2515&#8243; img_size=&#8220;250*250&#8243; alignment=&#8220;center&#8220; onclick=&#8220;custom_link&#8220; css=&#8220;&#8220; link=&#8220;https:\/\/mbm.at\/wp-content\/uploads\/2024\/12\/1.jpg&#8220;][\/vc_column][vc_column width=&#8220;5\/6&#8243;][vc_column_text css=&#8220;&#8220;]<strong><span style=\"color: #40b5ad;\">mbm <\/span> Gehrungss\u00e4gen &#8211; Schnitte, die den Winkel perfekt treffen<\/strong><\/p>\n<p>Passgenaue Schnitte, pr\u00e4zise Nut bei unterschiedlichen Winkeln ersparen die Nachbearbeitung und das Schleifen.<\/p>\n<p>&gt;&gt; weiter zu den Gehrungss\u00e4gen <a href=\"https:\/\/mbm.at\/en\/double-mitre-saws\/\">DAS-E<\/a> und <a href=\"https:\/\/mbm.at\/en\/double-mitre-saw-universal-das-u\/\">DAS-U<\/a>[\/vc_column_text][\/vc_column][\/vc_row][vc_row][vc_column width=&#8220;1\/6&#8243;][vc_single_image image=&#8220;2522&#8243; img_size=&#8220;250*250&#8243; alignment=&#8220;center&#8220; onclick=&#8220;custom_link&#8220; css=&#8220;&#8220; link=&#8220;https:\/\/mbm.at\/wp-content\/uploads\/2024\/12\/2.jpg&#8220;][\/vc_column][vc_column width=&#8220;5\/6&#8243;][vc_column_text css=&#8220;&#8220;]<strong><span style=\"color: #40b5ad;\">mbm <\/span> Fertigungslinien \u2013 automatisierte Fertigung pr\u00e4zise und schnell f\u00fcr hohe St\u00fcckzahlen<\/strong><\/p>\n<p>Fertigungslinien kombinieren verschiedene Arbeitsstationen in einer Maschine, entlasten die Mitarbeiter, erh\u00f6hen die Produktivit\u00e4t und steigern die Kosteneffizienz bei gleichbleibender Qualit\u00e4t<\/p>\n<p>&gt;&gt; weiter zu den <a href=\"https:\/\/mbm.at\/en\/production-lines\/\">Fertigungslinien<\/a>[\/vc_column_text][\/vc_column][\/vc_row][vc_row][vc_column width=&#8220;1\/6&#8243;][vc_single_image image=&#8220;3236&#8243; img_size=&#8220;250*250&#8243; alignment=&#8220;center&#8220; onclick=&#8220;custom_link&#8220; css=&#8220;&#8220; link=&#8220;https:\/\/mbm.at\/wp-content\/uploads\/2024\/12\/mbm-automation-neu.png&#8220;][\/vc_column][vc_column width=&#8220;5\/6&#8243;][vc_column_text css=&#8220;&#8220;]<strong><span style=\"color: #40b5ad;\">mbm <\/span> Automation und Verkettung von Fertigungsprozessen f\u00fcr eine durchg\u00e4ngige Spitzenleistung<\/strong><\/p>\n<p>Durch die Automatisierung, Robotik und Verkettung von Prozessen werden Produktionsabl\u00e4ufe optimiert und beschleunigt. Dies f\u00fchrt zu einer h\u00f6heren Produktivit\u00e4t und geringeren Durchlaufzeiten.<\/p>\n<p>&gt;&gt; weiter zu <a href=\"https:\/\/mbm.at\/en\/automation-for-coffin-production\/\">Automation<\/a>[\/vc_column_text][\/vc_column][\/vc_row][vc_row][vc_column width=&#8220;1\/6&#8243;][vc_single_image image=&#8220;3216&#8243; img_size=&#8220;250*250&#8243; onclick=&#8220;custom_link&#8220; css=&#8220;&#8220; link=&#8220;https:\/\/mbm.at\/wp-content\/uploads\/2024\/12\/mbm-page.png&#8220;][\/vc_column][vc_column width=&#8220;5\/6&#8243;][vc_column_text css=&#8220;&#8220;]<strong><span style=\"color: #40b5ad;\">mbm <\/span> Digitalisierungsl\u00f6sungen \u2013 beschleunigen die Planung, Konstruktion und Fertigung<\/strong><\/p>\n<p>Durch den Einsatz von intelligenten Maschinen und vernetzten Systemen werden Produktionsprozesse automatisiert und optimiert, was zu einer h\u00f6heren Produktivit\u00e4t f\u00fchrt und das Prozessmonitoring erheblich vereinfacht.<\/p>\n<p>&gt;&gt; weiter zu <a href=\"https:\/\/mbm.at\/en\/digitization-solutions-for-coffin-production\/\">Digitalisierung<\/a>[\/vc_column_text][\/vc_column][\/vc_row]<\/p>\n<\/div>","protected":false},"excerpt":{"rendered":"<p>[vc_row][vc_column][vc_column_text css=&#8220;&#8220;] Gehrungen mit Pr\u00e4zision und Zuverl\u00e4ssigkeit! [\/vc_column_text][\/vc_column][\/vc_row][vc_row][vc_column][vc_single_image image=&#8220;2495&#8243; img_size=&#8220;large&#8220; alignment=&#8220;center&#8220; onclick=&#8220;custom_link&#8220; css=&#8220;&#8220; link=&#8220;https:\/\/mbm.at\/wp-content\/uploads\/2024\/11\/Doppelgehrungssaege-B2.jpg&#8220;][\/vc_column][\/vc_row][vc_row][vc_column][vc_column_text css=&#8220;&#8220;]mbm ist der Spezialist f\u00fcr automatisierte Gehrungsschnitte und baut daf\u00fcr Gehrungs- und Doppelgehrungss\u00e4gen. Zuverl\u00e4ssigkeit und Pr\u00e4zision mit der Leidenschaft zum perfekten Schnitt zeichnet mbm- Maschinen besonders aus. Im Laufe der Zeit wurde das Portfolio um weitere Maschinen- und Automatisierungsl\u00f6sungen erweitert. So [&hellip;]<\/p>\n","protected":false},"author":2,"featured_media":0,"parent":0,"menu_order":0,"comment_status":"closed","ping_status":"closed","template":"","meta":{"footnotes":""},"class_list":["post-37","page","type-page","status-publish","hentry"],"_links":{"self":[{"href":"https:\/\/mbm.at\/de\/wp-json\/wp\/v2\/pages\/37","targetHints":{"allow":["GET"]}}],"collection":[{"href":"https:\/\/mbm.at\/de\/wp-json\/wp\/v2\/pages"}],"about":[{"href":"https:\/\/mbm.at\/de\/wp-json\/wp\/v2\/types\/page"}],"author":[{"embeddable":true,"href":"https:\/\/mbm.at\/de\/wp-json\/wp\/v2\/users\/2"}],"replies":[{"embeddable":true,"href":"https:\/\/mbm.at\/de\/wp-json\/wp\/v2\/comments?post=37"}],"version-history":[{"count":43,"href":"https:\/\/mbm.at\/de\/wp-json\/wp\/v2\/pages\/37\/revisions"}],"predecessor-version":[{"id":4354,"href":"https:\/\/mbm.at\/de\/wp-json\/wp\/v2\/pages\/37\/revisions\/4354"}],"wp:attachment":[{"href":"https:\/\/mbm.at\/de\/wp-json\/wp\/v2\/media?parent=37"}],"curies":[{"name":"wp","href":"https:\/\/api.w.org\/{rel}","templated":true}]}}