{"id":356,"date":"2024-11-06T16:34:09","date_gmt":"2024-11-06T15:34:09","guid":{"rendered":"https:\/\/wp.mbm.at\/?page_id=356"},"modified":"2024-11-06T16:34:09","modified_gmt":"2024-11-06T15:34:09","slug":"sondermaschinen-fuer-die-holzbearbeitung","status":"publish","type":"page","link":"https:\/\/mbm.at\/de\/sondermaschinen-fuer-die-holzbearbeitung\/","title":{"rendered":"Sondermaschinen f\u00fcr die Holzbearbeitung"},"content":{"rendered":"<div class=\"wpb-content-wrapper\"><p>[vc_row][vc_column][vc_column_text css=&#8220;&#8220;]<b>mbm<\/b>\u00a0steht mit ihrem Namen f\u00fcr leistungsf\u00e4hige Produkte und Qualit\u00e4t.<br \/>\nWir setzen alles daran, durch Know-how, Flexibilit\u00e4t und Innovation, die f\u00fcr Sie jeweils optimale L\u00f6sung zu realisieren.<\/p>\n<p>Unsere St\u00e4rken liegen in der Planung, Konstruktion und dem Zusammenbau der Maschinen sowie in der Montage. Die Inbetriebnahme und Einschulung vor Ort ist ein Teil von unserem Service um den Erfolg Ihres Projekts zu sichern. Das mbm Team wird Sie unterst\u00fctzen um die Leistung von Ihrem Produkt zu maximieren.\u00a0 Der Kundendienst und die pr\u00e4ventive Wartung ist f\u00fcr uns ein wichtiger Faktor um die Stabilit\u00e4t der Produktion zu gew\u00e4hrleisten.<br \/>\nWir bieten auch kompakte, kleinere L\u00f6sungen an wie z.B. Vorrichtungen, Handlingger\u00e4te, Maschinenverkettungen, etc.<\/p>\n<h3>\u00bb Sondermaschinen<\/h3>\n<ul>\n<li>Plattenzuschnitts\u00e4ge<\/li>\n<li>Keilzinkenfr\u00e4se<\/li>\n<li>S\u00e4ge- Fr\u00e4s- Bohranlage<\/li>\n<li>Kantholzautomat<\/li>\n<li>Bohrstation<\/li>\n<li>Schnelll\u00e4ufers\u00e4ge<\/li>\n<\/ul>\n<p><b>\u00a0<\/b><\/p>\n<p>Wenn Sie Fragen haben, k\u00f6nnen Sie uns jederzeit unter der Nummer\u00a0<b>+43\u00a05572\u00a0555800<\/b>\u00a0anrufen<br \/>\noder das\u00a0Anfrageformularverwenden.[\/vc_column_text][\/vc_column][\/vc_row]<\/p>\n<\/div>","protected":false},"excerpt":{"rendered":"<p>[vc_row][vc_column][vc_column_text css=&#8220;&#8220;]mbm\u00a0steht mit ihrem Namen f\u00fcr leistungsf\u00e4hige Produkte und Qualit\u00e4t. Wir setzen alles daran, durch Know-how, Flexibilit\u00e4t und Innovation, die f\u00fcr Sie jeweils optimale L\u00f6sung zu realisieren. Unsere St\u00e4rken liegen in der Planung, Konstruktion und dem Zusammenbau der Maschinen sowie in der Montage. Die Inbetriebnahme und Einschulung vor Ort ist ein Teil von unserem Service [&hellip;]<\/p>\n","protected":false},"author":2,"featured_media":0,"parent":0,"menu_order":0,"comment_status":"closed","ping_status":"closed","template":"","meta":{"footnotes":""},"class_list":["post-356","page","type-page","status-publish","hentry"],"_links":{"self":[{"href":"https:\/\/mbm.at\/de\/wp-json\/wp\/v2\/pages\/356","targetHints":{"allow":["GET"]}}],"collection":[{"href":"https:\/\/mbm.at\/de\/wp-json\/wp\/v2\/pages"}],"about":[{"href":"https:\/\/mbm.at\/de\/wp-json\/wp\/v2\/types\/page"}],"author":[{"embeddable":true,"href":"https:\/\/mbm.at\/de\/wp-json\/wp\/v2\/users\/2"}],"replies":[{"embeddable":true,"href":"https:\/\/mbm.at\/de\/wp-json\/wp\/v2\/comments?post=356"}],"version-history":[{"count":2,"href":"https:\/\/mbm.at\/de\/wp-json\/wp\/v2\/pages\/356\/revisions"}],"predecessor-version":[{"id":358,"href":"https:\/\/mbm.at\/de\/wp-json\/wp\/v2\/pages\/356\/revisions\/358"}],"wp:attachment":[{"href":"https:\/\/mbm.at\/de\/wp-json\/wp\/v2\/media?parent=356"}],"curies":[{"name":"wp","href":"https:\/\/api.w.org\/{rel}","templated":true}]}}