{"id":353,"date":"2024-11-06T16:33:14","date_gmt":"2024-11-06T15:33:14","guid":{"rendered":"https:\/\/wp.mbm.at\/?page_id=353"},"modified":"2024-11-26T15:25:01","modified_gmt":"2024-11-26T14:25:01","slug":"maschinen-fuer-die-sargherstellung","status":"publish","type":"page","link":"https:\/\/mbm.at\/de\/maschinen-fuer-die-sargherstellung\/","title":{"rendered":"Maschinen f\u00fcr die Sargherstellung"},"content":{"rendered":"<div class=\"wpb-content-wrapper\"><p>[vc_row][vc_column][vc_column_text css=&#8220;&#8220;]Die Pr\u00e4zision, mit der\u00a0<strong><span style=\"color: #40b5ad;\">mbm <\/span>\u00a0<\/strong>Maschinen arbeiten, bleibt vom ersten bis zum letzten Tag gleich. Sie erhalten absolut kratzerfreie Oberfl\u00e4chen und durch die optimale Maschinennutzung k\u00f6nnen Sie Ihre Kapazit\u00e4ten jederzeit erweitern.\u00a0 Bei den programmierbaren Ger\u00e4ten haben Sie durch die Anzahl der m\u00f6glichen Programme eine enorme Flexibilit\u00e4t, um jederzeit umstellen zu k\u00f6nnen. Ein Modellwechsel erfordert nur sehr kurze R\u00fcstzeiten. Winkel- und L\u00e4ngenverstellung werden automatisch vorgenommen und bei St\u00f6rungen wird sofort eine Fehlerdiagnose durchgef\u00fchrt.<\/p>\n<h4>\u00bb Sargfertigungsmaschinen<\/h4>\n<ul>\n<li><a href=\"https:\/\/mbm.at\/de\/doppelgehrungssaegen\/\">Doppelgehrungss\u00e4ge DAS-E<\/a><\/li>\n<li><a href=\"https:\/\/mbm.at\/de\/doppelgehrungssaege-universal-das-u\/\">Doppelgehrungss\u00e4geUniversal DAS-U<\/a><\/li>\n<li><a href=\"https:\/\/mbm.at\/de\/doppelgehrungssaege-fertigungslinie-das-fl\/\">Doppelgehrungss\u00e4ge &#8211; Fertigungslinie<\/a><\/li>\n<li><a href=\"https:\/\/mbm.at\/de\/sargmontage-pressen\/\">Korpuspresse &#8211; Sargform konisch<\/a><\/li>\n<li><a href=\"https:\/\/mbm.at\/de\/sargmontage-pressen\/\">Korpuspresse kombiniert &#8211; Sargform konisch<\/a><\/li>\n<li><a href=\"https:\/\/mbm.at\/de\/sargmontage-pressen\/\">Korpuspresse &#8211; Sargform tailliert<\/a><\/li>\n<li><a href=\"https:\/\/mbm.at\/de\/leistenmontageautomaten\/\">Leistenmontageautomat &#8211; Universal<\/a><\/li>\n<li><a href=\"https:\/\/mbm.at\/de\/leistenmontageautomaten\/\">Leistenmontageautomat f\u00fcr Kurzteile und Langteile<\/a><\/li>\n<li><a href=\"https:\/\/mbm.at\/de\/leistenmontageautomaten\/\">T-Leistenmontageautomat<\/a><\/li>\n<li><a href=\"https:\/\/mbm.at\/de\/leistenmontageautomaten\/\">Wulstleistenmontageautomat<\/a><\/li>\n<li><a href=\"https:\/\/mbm.at\/de\/sargfuss-fertigungsanlage\/\">Sargfu\u00df-Fertigungsanlage<\/a><\/li>\n<\/ul>\n<p>&nbsp;<\/p>\n<p>Wenn Sie Fragen haben, k\u00f6nnen Sie uns jederzeit unter der Nummer\u00a0<b>+43\u00a05572\u00a0555800<\/b>\u00a0anrufen<br \/>\noder das <a href=\"https:\/\/mbm.at\/de\/anfrageformular\/\">Anfrageformular<\/a> verwenden.[\/vc_column_text][\/vc_column][\/vc_row]<\/p>\n<\/div>","protected":false},"excerpt":{"rendered":"<p>[vc_row][vc_column][vc_column_text css=&#8220;&#8220;]Die Pr\u00e4zision, mit der\u00a0mbm \u00a0Maschinen arbeiten, bleibt vom ersten bis zum letzten Tag gleich. Sie erhalten absolut kratzerfreie Oberfl\u00e4chen und durch die optimale Maschinennutzung k\u00f6nnen Sie Ihre Kapazit\u00e4ten jederzeit erweitern.\u00a0 Bei den programmierbaren Ger\u00e4ten haben Sie durch die Anzahl der m\u00f6glichen Programme eine enorme Flexibilit\u00e4t, um jederzeit umstellen zu k\u00f6nnen. Ein Modellwechsel erfordert nur [&hellip;]<\/p>\n","protected":false},"author":2,"featured_media":0,"parent":0,"menu_order":0,"comment_status":"closed","ping_status":"closed","template":"","meta":{"footnotes":""},"class_list":["post-353","page","type-page","status-publish","hentry"],"_links":{"self":[{"href":"https:\/\/mbm.at\/de\/wp-json\/wp\/v2\/pages\/353","targetHints":{"allow":["GET"]}}],"collection":[{"href":"https:\/\/mbm.at\/de\/wp-json\/wp\/v2\/pages"}],"about":[{"href":"https:\/\/mbm.at\/de\/wp-json\/wp\/v2\/types\/page"}],"author":[{"embeddable":true,"href":"https:\/\/mbm.at\/de\/wp-json\/wp\/v2\/users\/2"}],"replies":[{"embeddable":true,"href":"https:\/\/mbm.at\/de\/wp-json\/wp\/v2\/comments?post=353"}],"version-history":[{"count":7,"href":"https:\/\/mbm.at\/de\/wp-json\/wp\/v2\/pages\/353\/revisions"}],"predecessor-version":[{"id":3005,"href":"https:\/\/mbm.at\/de\/wp-json\/wp\/v2\/pages\/353\/revisions\/3005"}],"wp:attachment":[{"href":"https:\/\/mbm.at\/de\/wp-json\/wp\/v2\/media?parent=353"}],"curies":[{"name":"wp","href":"https:\/\/api.w.org\/{rel}","templated":true}]}}