{"id":3367,"date":"2024-12-03T08:04:57","date_gmt":"2024-12-03T07:04:57","guid":{"rendered":"https:\/\/mbm.at\/?page_id=3367"},"modified":"2024-12-10T08:21:34","modified_gmt":"2024-12-10T07:21:34","slug":"unsere-mbm-broschuere-zum-herunterladen","status":"publish","type":"page","link":"https:\/\/mbm.at\/de\/unsere-mbm-broschuere-zum-herunterladen\/","title":{"rendered":"Unsere mbm Brosch\u00fcren zum Herunterladen"},"content":{"rendered":"<div class=\"wpb-content-wrapper\"><p>[vc_row][vc_column][vc_column_text css=&#8220;&#8220;]Sie k\u00f6nnen hier unsere Brosch\u00fcren herunterladen, um weitere Informationen \u00fcber uns und unsere Arbeit zu erhalten.<\/p>\n<p><a href=\"https:\/\/mbm.at\/wp-content\/uploads\/2024\/12\/20241209_Sargmaschinen_Doppelgehrungssage_DE_EN.pdf\" target=\"_blank\" rel=\"noopener\">Sargmaschinen_Doppelgehrungssage_DE_EN<\/a><\/p>\n<p><a href=\"https:\/\/mbm.at\/wp-content\/uploads\/2024\/12\/20241209_Sargmaschinen_Doppelgehrungssage_DE_FR.pdf\" target=\"_blank\" rel=\"noopener\">Sargmaschinen_Doppelgehrungssage_DE_FR<\/a>[\/vc_column_text][\/vc_column][\/vc_row]<\/p>\n<\/div>","protected":false},"excerpt":{"rendered":"<p>[vc_row][vc_column][vc_column_text css=&#8220;&#8220;]Sie k\u00f6nnen hier unsere Brosch\u00fcren herunterladen, um weitere Informationen \u00fcber uns und unsere Arbeit zu erhalten. Sargmaschinen_Doppelgehrungssage_DE_EN Sargmaschinen_Doppelgehrungssage_DE_FR[\/vc_column_text][\/vc_column][\/vc_row]<\/p>\n","protected":false},"author":2,"featured_media":0,"parent":0,"menu_order":0,"comment_status":"closed","ping_status":"closed","template":"","meta":{"footnotes":""},"class_list":["post-3367","page","type-page","status-publish","hentry"],"_links":{"self":[{"href":"https:\/\/mbm.at\/de\/wp-json\/wp\/v2\/pages\/3367","targetHints":{"allow":["GET"]}}],"collection":[{"href":"https:\/\/mbm.at\/de\/wp-json\/wp\/v2\/pages"}],"about":[{"href":"https:\/\/mbm.at\/de\/wp-json\/wp\/v2\/types\/page"}],"author":[{"embeddable":true,"href":"https:\/\/mbm.at\/de\/wp-json\/wp\/v2\/users\/2"}],"replies":[{"embeddable":true,"href":"https:\/\/mbm.at\/de\/wp-json\/wp\/v2\/comments?post=3367"}],"version-history":[{"count":5,"href":"https:\/\/mbm.at\/de\/wp-json\/wp\/v2\/pages\/3367\/revisions"}],"predecessor-version":[{"id":3455,"href":"https:\/\/mbm.at\/de\/wp-json\/wp\/v2\/pages\/3367\/revisions\/3455"}],"wp:attachment":[{"href":"https:\/\/mbm.at\/de\/wp-json\/wp\/v2\/media?parent=3367"}],"curies":[{"name":"wp","href":"https:\/\/api.w.org\/{rel}","templated":true}]}}