{"id":2251,"date":"2024-11-19T15:13:11","date_gmt":"2024-11-19T14:13:11","guid":{"rendered":"https:\/\/wp.mbm.at\/?page_id=2251"},"modified":"2025-01-31T10:55:46","modified_gmt":"2025-01-31T09:55:46","slug":"digitalisierung","status":"publish","type":"page","link":"https:\/\/mbm.at\/de\/digitalisierung\/","title":{"rendered":"Digitalisierungsl\u00f6sungen f\u00fcr die Sargherstellung"},"content":{"rendered":"<div class=\"wpb-content-wrapper\"><p>[vc_row][vc_column][vc_column_text css=&#8220;&#8220;]<strong>Sarg Konfigurator<\/strong><\/p>\n<p>Der Sarg-Konfigurator bietet zahlreiche Vorteile, insbesondere wenn es um die Anpassung und Individualisierung von Produkten geht.<\/p>\n<p>Vorteile des Einsatzes von Sarg-Konfigurators in der Sargherstellung sind:<\/p>\n<p><strong>Schnelle Anpassung der Schnittprogramme<\/strong><\/p>\n<p>Die Voreinstellungen f\u00fcr die Zuschnitte k\u00f6nnen bequem \u00fcber eine WEB-Oberfl\u00e4che direkt an der Maschine oder per Remotezugriff im B\u00fcro erstellt werden. Die Schnittprogramme k\u00f6nnen gespeichert, ver\u00e4ndert und wiederverwendet werden.<\/p>\n<p><strong>\u00a0<\/strong><strong>Effiziente Produktindividualisierung<\/strong><\/p>\n<p>Der Sarg Konfigurator erm\u00f6glicht es Produkte nach ihren individuellen Bed\u00fcrfnissen und Vorlieben ihrer Kunden anzupassen. Dies f\u00fchrt zu einer h\u00f6heren Kundenzufriedenheit und kann die Kundenbindung st\u00e4rken.<\/p>\n<p><strong>\u00a0<\/strong><strong>Fehlervermeidung:<br \/>\n<\/strong>Der Sarg Konfigurator stellt sicher, dass nur kompatible Optionen ausgew\u00e4hlt werden k\u00f6nnen, was die Wahrscheinlichkeit von Fehlern, Fehlproduktionen und langwierigen Testschnitten verringert.<\/p>\n<p><strong>\u00a0<\/strong><\/p>\n<p><a href=\"mailto:office@mbm.at\">&gt;&gt; Mehr Infos oder Anfrage starten<\/a><\/p>\n<p><a href=\"mailto:office@mbm.at\">&gt;&gt; Den Sarg Konfigurator online kennenlernen<\/a>[\/vc_column_text][\/vc_column][\/vc_row][vc_row][vc_column width=&#8220;1\/4&#8243;][vc_single_image image=&#8220;3624&#8243; img_size=&#8220;250*250&#8243; alignment=&#8220;center&#8220; onclick=&#8220;custom_link&#8220; css=&#8220;&#8220; link=&#8220;https:\/\/mbm.at\/wp-content\/uploads\/2024\/12\/Sargkonfigurator-1.png&#8220;][\/vc_column][vc_column width=&#8220;1\/4&#8243;][vc_single_image image=&#8220;3617&#8243; img_size=&#8220;250*250&#8243; alignment=&#8220;center&#8220; onclick=&#8220;custom_link&#8220; css=&#8220;&#8220; link=&#8220;https:\/\/mbm.at\/wp-content\/uploads\/2024\/12\/Sargkonfigurator-2.png&#8220;][\/vc_column][vc_column width=&#8220;1\/4&#8243;][vc_single_image image=&#8220;3610&#8243; img_size=&#8220;250*250&#8243; alignment=&#8220;center&#8220; onclick=&#8220;custom_link&#8220; css=&#8220;&#8220; link=&#8220;https:\/\/mbm.at\/wp-content\/uploads\/2024\/12\/Sargkonfigurator_3.jpg&#8220;][\/vc_column][vc_column width=&#8220;1\/4&#8243;][vc_single_image image=&#8220;3603&#8243; img_size=&#8220;250*250&#8243; alignment=&#8220;center&#8220; onclick=&#8220;custom_link&#8220; css=&#8220;&#8220; link=&#8220;https:\/\/mbm.at\/wp-content\/uploads\/2024\/12\/Sargkonfigurator_2.jpg&#8220;][\/vc_column][\/vc_row][vc_row][vc_column][vc_column_text css=&#8220;&#8220;]<strong>Industrielle IoT Plattform control<\/strong><\/p>\n<p><strong>\u00a0<\/strong>Mit <a href=\"https:\/\/www.digifai.com\/de\/control\/\" target=\"_blank\" rel=\"noopener\">control<\/a> haben Sie absolute Kontrolle \u00fcber Ihre Prozessdaten. IoT-Plattformen wie <a href=\"https:\/\/www.digifai.com\/de\/control\/\" target=\"_blank\" rel=\"noopener\">control<\/a> bieten Unternehmen zahlreiche Vorteile, die ihre Effizienz und Wettbewerbsf\u00e4higkeit steigern k\u00f6nnen.<\/p>\n<p>Vorteile des Einsatzes von <a href=\"https:\/\/www.digifai.com\/de\/control\/\" target=\"_blank\" rel=\"noopener\">control<\/a> in der Sargherstellung sind:<\/p>\n<p><strong>\u00a0<\/strong><strong>Effektives Monitoring von Maschinen- und Betriebsdaten<\/strong><\/p>\n<p>Bedienerfreundliche und \u00fcbersichtliche Verwaltung durch Dashboards und Favoritenfunktion sichern schnelle Informationsgewinnung f\u00fcr Entscheidungen. Automatisierte Benachrichtigung auf Grenzwerte, Ereignisse oder Alarme garantieren eine schnelle Reaktionsf\u00e4higkeit bei St\u00f6rungen.<\/p>\n<p><strong>\u00a0<\/strong><strong>Betriebsdaten, Analyse und Reporting<\/strong><\/p>\n<p>control erfasst Maschinendaten wie beispielsweise Betrieb und Stillstand und erm\u00f6glicht dem Benutzer durch Eingabe an BDE-Terminals die digitale Erfassung fertigungsbezogener Informationen wie Qualit\u00e4ts- oder Auftragsdaten.<\/p>\n<p><strong>\u00a0<\/strong><strong>Verbesserte Entscheidungsfindung<\/strong><\/p>\n<p>Durch die Sammlung und Analyse von Daten in Echtzeit k\u00f6nnen Unternehmen fundierte Entscheidungen treffen und schneller auf Ver\u00e4nderungen reagieren.<\/p>\n<p><strong>\u00a0<\/strong><strong>Transparenz und R\u00fcckverfolgbarkeit<\/strong><\/p>\n<p><a href=\"https:\/\/www.digifai.com\/de\/control\/\" target=\"_blank\" rel=\"noopener\">control<\/a> bietet eine bessere Sichtbarkeit und R\u00fcckverfolgbarkeit von Produktionsprozessen, was die Qualit\u00e4tssicherung und Compliance verbessert.<\/p>\n<p><strong>\u00a0<\/strong><strong>Erh\u00f6hte Sicherheit<\/strong><\/p>\n<p>IoT-Plattformen k\u00f6nnen zur \u00dcberwachung und Sicherung von Anlagen und Prozessen eingesetzt werden, was das Risiko von Unf\u00e4llen, Sicherheitsvorf\u00e4llen und Produktionsausf\u00e4lle reduziert.<\/p>\n<p>&nbsp;<\/p>\n<p><a href=\"mailto:office@mbm.at\">&gt;&gt; Mehr Infos oder Anfrage starten<\/a><\/p>\n<p><a href=\"https:\/\/www.digifai.com\/de\/\">&gt;&gt; Online- Demozugang<\/a>[\/vc_column_text][\/vc_column][\/vc_row][vc_row][vc_column width=&#8220;1\/4&#8243;][vc_single_image image=&#8220;3720&#8243; img_size=&#8220;250*250&#8243; alignment=&#8220;center&#8220; onclick=&#8220;custom_link&#8220; css=&#8220;&#8220; link=&#8220;https:\/\/mbm.at\/wp-content\/uploads\/2024\/12\/control_tablet_9.png&#8220;][\/vc_column][vc_column width=&#8220;1\/4&#8243;][vc_single_image image=&#8220;3706&#8243; img_size=&#8220;250*250&#8243; alignment=&#8220;center&#8220; onclick=&#8220;custom_link&#8220; css=&#8220;&#8220; link=&#8220;https:\/\/mbm.at\/wp-content\/uploads\/2024\/12\/Sarg_control_5.jpg&#8220;][\/vc_column][vc_column width=&#8220;1\/4&#8243;][vc_single_image image=&#8220;3699&#8243; img_size=&#8220;250*250&#8243; alignment=&#8220;center&#8220; onclick=&#8220;custom_link&#8220; css=&#8220;&#8220; link=&#8220;https:\/\/mbm.at\/wp-content\/uploads\/2024\/12\/Sarg_control_3.jpg&#8220;][\/vc_column][vc_column width=&#8220;1\/4&#8243;][vc_single_image image=&#8220;3692&#8243; img_size=&#8220;250*250&#8243; alignment=&#8220;center&#8220; onclick=&#8220;custom_link&#8220; css=&#8220;&#8220; link=&#8220;https:\/\/mbm.at\/wp-content\/uploads\/2025\/01\/Sarg_control_4.jpg&#8220;][\/vc_column][\/vc_row][vc_row][vc_column][vc_column_text css=&#8220;&#8220;]<strong>Digitaler Zwilling twin<\/strong><\/p>\n<p><strong>\u00a0<\/strong>Die Software <a href=\"https:\/\/www.digifai.com\/de\/twin\" target=\"_blank\" rel=\"noopener\">twin<\/a> erschafft einen digitalen Zwilling. Damit testen Sie die Steuerung Ihres Systems, bevor die Maschine steht. Und wenn Ihre Maschine l\u00e4uft, lebt der twin als 3D-Benutzeroberfl\u00e4che weiter.<\/p>\n<p>Vorteile des Einsatzes von industrieller Bildverarbeitung in der Sargherstellung sind:<\/p>\n<p><strong>\u00a0<\/strong><strong>Entwickeln und Testen von Steuerungssoftware am digitalen Zwilling<\/strong><\/p>\n<p>Mit der Simulationssoftware <a href=\"https:\/\/www.digifai.com\/de\/twin\" target=\"_blank\" rel=\"noopener\">twin<\/a> testen Sie alle Komponenten Ihrer Steuerungen, ohne dass die reale Maschine ben\u00f6tigt wird. Mechanische Komponenten, Aktoren und Sensoren \u2013 alles digital und in 3D.<\/p>\n<p><strong>\u00a0<\/strong><strong>Abl\u00e4ufe optimieren und Risiko minimieren dank realistischer Physiksimulation<\/strong><\/p>\n<p>Mit <a href=\"https:\/\/www.digifai.com\/de\/twin\" target=\"_blank\" rel=\"noopener\">twin<\/a> wird das Verhalten von Maschinen und Anlagen dank neuester Physiksimulation in 3D vollumf\u00e4nglich mit Materialfluss, Taktzeiten und auf Kollisionen simuliert. Risikolos k\u00f6nnen am digitalen Zwilling Optimierungen getestet werden ohne Standzeiten an der echten Maschine oder w\u00e4hrend der Inbetriebnahme neuer Maschinen.<\/p>\n<p><strong>Von der Idee zur virtuellen Inbetriebnahme und noch weiter<\/strong><\/p>\n<p>Nach Angebot Und dann lebt die virtuelle Maschine als intelligentes 3D-HMI an der realen Maschine weiter. Ein vollst\u00e4ndiges Abbild der realen Maschine auf dem Bedienerinterface reduziert Fehlbedienungen und erleichtert die Fehleranalyse bei St\u00f6rungen enorm.<\/p>\n<p>&nbsp;<\/p>\n<p><a href=\"mailto:office@mbm.at\">&gt;&gt; Mehr Infos oder Anfrage starten<\/a>[\/vc_column_text][\/vc_column][\/vc_row][vc_row][vc_column width=&#8220;1\/3&#8243;][vc_single_image image=&#8220;3742&#8243; img_size=&#8220;250*250&#8243; alignment=&#8220;center&#8220; onclick=&#8220;custom_link&#8220; css=&#8220;&#8220; link=&#8220;https:\/\/mbm.at\/wp-content\/uploads\/2024\/12\/twin_1.png&#8220;][\/vc_column][vc_column width=&#8220;1\/3&#8243;][vc_single_image image=&#8220;3749&#8243; img_size=&#8220;250*250&#8243; alignment=&#8220;center&#8220; onclick=&#8220;custom_link&#8220; css=&#8220;&#8220; link=&#8220;https:\/\/mbm.at\/wp-content\/uploads\/2024\/12\/1024_1024_3d_hmi_interface-1-900&#215;675-1.jpg&#8220;][\/vc_column][vc_column width=&#8220;1\/3&#8243;][vc_single_image image=&#8220;3756&#8243; img_size=&#8220;250*250&#8243; alignment=&#8220;center&#8220; onclick=&#8220;custom_link&#8220; css=&#8220;&#8220; link=&#8220;https:\/\/mbm.at\/wp-content\/uploads\/2024\/12\/Techniker-mit-V3S-768&#215;576-2.jpg&#8220;][\/vc_column][\/vc_row]<\/p>\n<\/div>","protected":false},"excerpt":{"rendered":"<p>[vc_row][vc_column][vc_column_text css=&#8220;&#8220;]Sarg Konfigurator Der Sarg-Konfigurator bietet zahlreiche Vorteile, insbesondere wenn es um die Anpassung und Individualisierung von Produkten geht. Vorteile des Einsatzes von Sarg-Konfigurators in der Sargherstellung sind: Schnelle Anpassung der Schnittprogramme Die Voreinstellungen f\u00fcr die Zuschnitte k\u00f6nnen bequem \u00fcber eine WEB-Oberfl\u00e4che direkt an der Maschine oder per Remotezugriff im B\u00fcro erstellt werden. Die Schnittprogramme [&hellip;]<\/p>\n","protected":false},"author":2,"featured_media":0,"parent":0,"menu_order":0,"comment_status":"closed","ping_status":"closed","template":"","meta":{"footnotes":""},"class_list":["post-2251","page","type-page","status-publish","hentry"],"_links":{"self":[{"href":"https:\/\/mbm.at\/de\/wp-json\/wp\/v2\/pages\/2251","targetHints":{"allow":["GET"]}}],"collection":[{"href":"https:\/\/mbm.at\/de\/wp-json\/wp\/v2\/pages"}],"about":[{"href":"https:\/\/mbm.at\/de\/wp-json\/wp\/v2\/types\/page"}],"author":[{"embeddable":true,"href":"https:\/\/mbm.at\/de\/wp-json\/wp\/v2\/users\/2"}],"replies":[{"embeddable":true,"href":"https:\/\/mbm.at\/de\/wp-json\/wp\/v2\/comments?post=2251"}],"version-history":[{"count":21,"href":"https:\/\/mbm.at\/de\/wp-json\/wp\/v2\/pages\/2251\/revisions"}],"predecessor-version":[{"id":4933,"href":"https:\/\/mbm.at\/de\/wp-json\/wp\/v2\/pages\/2251\/revisions\/4933"}],"wp:attachment":[{"href":"https:\/\/mbm.at\/de\/wp-json\/wp\/v2\/media?parent=2251"}],"curies":[{"name":"wp","href":"https:\/\/api.w.org\/{rel}","templated":true}]}}