{"id":2248,"date":"2024-11-19T15:12:35","date_gmt":"2024-11-19T14:12:35","guid":{"rendered":"https:\/\/wp.mbm.at\/?page_id=2248"},"modified":"2024-12-18T10:00:18","modified_gmt":"2024-12-18T09:00:18","slug":"automation","status":"publish","type":"page","link":"https:\/\/mbm.at\/de\/automation\/","title":{"rendered":"Automation f\u00fcr die Sargherstellung"},"content":{"rendered":"<div class=\"wpb-content-wrapper\"><p>[vc_row][vc_column][vc_column_text css=&#8220;&#8220;]<strong>Roboterautomation<\/strong><\/p>\n<p>Roboter werden zunehmend in verschiedenen Bereichen der Fertigung eingesetzt, einschlie\u00dflich der Sargherstellung. Diese Roboter k\u00f6nnen zur Maschinenbeladung eingesetzt werden oder T\u00e4tigkeiten wie das Schleifen oder Fr\u00e4sen von S\u00e4rgen \u00fcbernehmen, was die Effizienz und Pr\u00e4zision erh\u00f6ht.<\/p>\n<p>Vorteile des Einsatzes von Robotern in der Sargherstellung sind:<\/p>\n<p><strong>Pr\u00e4zision:<\/strong><\/p>\n<p>Roboter k\u00f6nnen mit hoher Genauigkeit arbeiten, was die Qualit\u00e4t der Endprodukte verbessert.<\/p>\n<p><strong>\u00a0<\/strong><strong>Effizienz:<\/strong><\/p>\n<p>Automatisierte Prozesse k\u00f6nnen schneller und mit weniger Fehlern durchgef\u00fchrt werden.<\/p>\n<p><strong>\u00a0<\/strong><strong>Sicherheit:<\/strong><\/p>\n<p>Roboter k\u00f6nnen gef\u00e4hrliche oder k\u00f6rperlich anstrengende Aufgaben \u00fcbernehmen, was die Sicherheit der Arbeiter erh\u00f6ht.<\/p>\n<ul>\n<li><strong>Roboter f\u00fcr Maschinebeladung<\/strong><\/li>\n<li><strong>Roboter f\u00fcr Palettierung und Stapelung<\/strong><\/li>\n<li><strong>Roboterschleifen<\/strong><\/li>\n<li><strong>Roboter Griff in die Kiste &amp; Vereinzelung von Sch\u00fcttgut <\/strong><\/li>\n<li><strong>Roboter &amp; Mensch arbeiten im Team<\/strong><\/li>\n<li><strong>Autonome fahrerlose Transportroboter<\/strong><\/li>\n<li><strong>Roboter CNC<\/strong><\/li>\n<li><strong>Roboter Pick &amp; Place<\/strong><\/li>\n<\/ul>\n<p><strong>\u00a0<\/strong><\/p>\n<p><a href=\"mailto:office@mbm.at\">&gt;&gt; Mehr Infos oder Anfrage starten<\/a>[\/vc_column_text][\/vc_column][\/vc_row][vc_row][vc_column width=&#8220;1\/4&#8243;][vc_single_image image=&#8220;3684&#8243; img_size=&#8220;250*250&#8243; alignment=&#8220;center&#8220; onclick=&#8220;custom_link&#8220; css=&#8220;&#8220; link=&#8220;https:\/\/mbm.at\/wp-content\/uploads\/2024\/12\/20170614_160312_001-scaled.jpg&#8220;][\/vc_column][vc_column width=&#8220;1\/4&#8243;][vc_single_image image=&#8220;3663&#8243; img_size=&#8220;250*250&#8243; alignment=&#8220;center&#8220; onclick=&#8220;custom_link&#8220; css=&#8220;&#8220; link=&#8220;https:\/\/mbm.at\/wp-content\/uploads\/2024\/12\/Griff_in_die_Kiste_20240229.png&#8220;][\/vc_column][vc_column width=&#8220;1\/4&#8243;][vc_single_image image=&#8220;3677&#8243; img_size=&#8220;250*250&#8243; alignment=&#8220;center&#8220; onclick=&#8220;custom_link&#8220; css=&#8220;&#8220; link=&#8220;https:\/\/mbm.at\/wp-content\/uploads\/2024\/12\/20240626_kollaborative_Leichtbauroboter.png&#8220;][\/vc_column][vc_column width=&#8220;1\/4&#8243;][vc_single_image image=&#8220;3670&#8243; img_size=&#8220;250*250&#8243; alignment=&#8220;center&#8220; onclick=&#8220;custom_link&#8220; css=&#8220;&#8220; link=&#8220;https:\/\/mbm.at\/wp-content\/uploads\/2024\/12\/20190716_114538.jpg&#8220;][\/vc_column][\/vc_row][vc_row][vc_column][vc_column_text css=&#8220;&#8220;]<strong>Industrielle Bildverarbeitung<\/strong><\/p>\n<p><strong>\u00a0<\/strong>Industrielle Bildverarbeitung ist eine Schl\u00fcsseltechnologie in der modernen Produktion. Sie nutzt fortschrittliche Kameras und Algorithmen, um visuelle Daten zu erfassen und zu analysieren und spielt auch in der Sargproduktion eine wichtige Rolle.<\/p>\n<p>Vorteile des Einsatzes von industrieller Bildverarbeitung in der Sargherstellung sind:<\/p>\n<p><strong>\u00a0<\/strong><strong>Verbesserte Produktqualit\u00e4t:<\/strong><\/p>\n<p>Bildverarbeitungssysteme k\u00f6nnen die Oberfl\u00e4chen von S\u00e4rgen auf Defekte wie Kratzer, Risse oder Farbabweichungen \u00fcberpr\u00fcfen. Dies stellt sicher, dass nur einwandfreie Produkte an die Kunden geliefert werden. Durch die automatische Inspektion und Erkennung von Defekten k\u00f6nnen Produkte mit hoher Pr\u00e4zision gepr\u00fcft werden, was die Qualit\u00e4t erh\u00f6ht und den Ausschuss reduziert.<\/p>\n<p><strong>Ma\u00dfhaltigkeit:<\/strong><\/p>\n<p>Durch den Einsatz von Kameras und Sensoren k\u00f6nnen die Abmessungen der S\u00e4rge pr\u00e4zise gemessen und \u00fcberpr\u00fcft werden, um sicherzustellen, dass sie den Spezifikationen entsprechen.<\/p>\n<p><strong>Automatisierung:<\/strong><\/p>\n<p>Bildverarbeitung erm\u00f6glicht die Automatisierung vieler manueller Inspektionsprozesse, was die Effizienz erh\u00f6ht und menschliche Fehler reduziert<\/p>\n<p>Diese Technologien tragen dazu bei, die Produktionsqualit\u00e4t zu verbessern und die Effizienz in der Sargproduktion zu steigern.<\/p>\n<ul>\n<li><strong>Oberfl\u00e4cheninspektion<\/strong><\/li>\n<li><strong>Astlocherkennung<\/strong><\/li>\n<li><strong>Objektvermessung<\/strong><\/li>\n<\/ul>\n<p><a href=\"mailto:office@mbm.at\">\u00a0&gt;&gt; Mehr Infos oder Anfrage starten<\/a>[\/vc_column_text][\/vc_column][\/vc_row][vc_row][vc_column width=&#8220;1\/4&#8243;][vc_single_image image=&#8220;3653&#8243; img_size=&#8220;250*250&#8243; alignment=&#8220;center&#8220; onclick=&#8220;custom_link&#8220; css=&#8220;&#8220; link=&#8220;https:\/\/mbm.at\/wp-content\/uploads\/2024\/12\/BP_Griff_in_die_Kiste.png&#8220;][\/vc_column][vc_column width=&#8220;1\/4&#8243;][vc_single_image image=&#8220;3646&#8243; img_size=&#8220;250*250&#8243; alignment=&#8220;center&#8220; onclick=&#8220;custom_link&#8220; css=&#8220;&#8220; link=&#8220;https:\/\/mbm.at\/wp-content\/uploads\/2024\/12\/20190417_112348_mit_Strahlen-scaled.jpg&#8220;][\/vc_column][vc_column width=&#8220;1\/4&#8243;][vc_single_image image=&#8220;3639&#8243; img_size=&#8220;250*250&#8243; alignment=&#8220;center&#8220; onclick=&#8220;custom_link&#8220; css=&#8220;&#8220; link=&#8220;https:\/\/mbm.at\/wp-content\/uploads\/2024\/12\/IMG_0170-scaled.jpg&#8220;][\/vc_column][vc_column width=&#8220;1\/4&#8243;][vc_single_image image=&#8220;3632&#8243; img_size=&#8220;250*250&#8243; alignment=&#8220;center&#8220; onclick=&#8220;custom_link&#8220; css=&#8220;&#8220; link=&#8220;https:\/\/mbm.at\/wp-content\/uploads\/2024\/12\/2.png&#8220;][\/vc_column][\/vc_row]<\/p>\n<\/div>","protected":false},"excerpt":{"rendered":"<p>[vc_row][vc_column][vc_column_text css=&#8220;&#8220;]Roboterautomation Roboter werden zunehmend in verschiedenen Bereichen der Fertigung eingesetzt, einschlie\u00dflich der Sargherstellung. Diese Roboter k\u00f6nnen zur Maschinenbeladung eingesetzt werden oder T\u00e4tigkeiten wie das Schleifen oder Fr\u00e4sen von S\u00e4rgen \u00fcbernehmen, was die Effizienz und Pr\u00e4zision erh\u00f6ht. Vorteile des Einsatzes von Robotern in der Sargherstellung sind: Pr\u00e4zision: Roboter k\u00f6nnen mit hoher Genauigkeit arbeiten, was die [&hellip;]<\/p>\n","protected":false},"author":2,"featured_media":0,"parent":0,"menu_order":0,"comment_status":"closed","ping_status":"closed","template":"","meta":{"footnotes":""},"class_list":["post-2248","page","type-page","status-publish","hentry"],"_links":{"self":[{"href":"https:\/\/mbm.at\/de\/wp-json\/wp\/v2\/pages\/2248","targetHints":{"allow":["GET"]}}],"collection":[{"href":"https:\/\/mbm.at\/de\/wp-json\/wp\/v2\/pages"}],"about":[{"href":"https:\/\/mbm.at\/de\/wp-json\/wp\/v2\/types\/page"}],"author":[{"embeddable":true,"href":"https:\/\/mbm.at\/de\/wp-json\/wp\/v2\/users\/2"}],"replies":[{"embeddable":true,"href":"https:\/\/mbm.at\/de\/wp-json\/wp\/v2\/comments?post=2248"}],"version-history":[{"count":17,"href":"https:\/\/mbm.at\/de\/wp-json\/wp\/v2\/pages\/2248\/revisions"}],"predecessor-version":[{"id":3863,"href":"https:\/\/mbm.at\/de\/wp-json\/wp\/v2\/pages\/2248\/revisions\/3863"}],"wp:attachment":[{"href":"https:\/\/mbm.at\/de\/wp-json\/wp\/v2\/media?parent=2248"}],"curies":[{"name":"wp","href":"https:\/\/api.w.org\/{rel}","templated":true}]}}