{"id":2239,"date":"2024-11-19T15:01:14","date_gmt":"2024-11-19T14:01:14","guid":{"rendered":"https:\/\/wp.mbm.at\/?page_id=2239"},"modified":"2025-02-21T09:55:24","modified_gmt":"2025-02-21T08:55:24","slug":"doppelgehrungssaege-fertigungslinie-das-fl","status":"publish","type":"page","link":"https:\/\/mbm.at\/de\/doppelgehrungssaege-fertigungslinie-das-fl\/","title":{"rendered":"Fertigungslinien"},"content":{"rendered":"<div class=\"wpb-content-wrapper\"><p>[vc_row][vc_column][vc_column_text css=&#8220;&#8220;]<\/p>\n<h4>\u00bb Doppelgehrungss\u00e4ge Fertigungslinie DAS-FL<\/h4>\n<p>&nbsp;<\/p>\n<p>Die Fertigungslinie DAS-FL ist eine automatisierte L\u00f6sung, die speziell f\u00fcr die industrielle Fertigung von Sargteilen konzipiert wurde. Sie gew\u00e4hrleistet die spaltfreie Herstellung von Sargteilen mit passgenauen Gehrungswinkeln, ohne dass eine Nachbearbeitung erforderlich ist.[\/vc_column_text][\/vc_column][\/vc_row][vc_row][vc_column][vc_images_carousel images=&#8220;5697,5689,5681,5673,5665&#8243; img_size=&#8220;full&#8220; css=&#8220;&#8220;][\/vc_column][\/vc_row][vc_row][vc_column][vc_tta_accordion][vc_tta_section title=&#8220;Ihr Vorteil&#8220; tab_id=&#8220;1740042920269-5dabd637-c474&#8243;][vc_single_image image=&#8220;5755&#8243; img_size=&#8220;200*200&#8243; alignment=&#8220;center&#8220; onclick=&#8220;custom_link&#8220; css=&#8220;&#8220; link=&#8220;https:\/\/mbm.at\/wp-content\/uploads\/2024\/11\/Doppelgehrungssaege-B2.jpg&#8220;][vc_column_text css=&#8220;&#8220;]<\/p>\n<ul>\n<li><strong>Rationelle, automatische Arbeitsweise:<\/strong> Die vollst\u00e4ndige Automatisierung f\u00fchrt zu effizienteren Arbeitsabl\u00e4ufen in der Sargproduktion<\/li>\n<li><strong>Ma\u00df- und winkelgenaue Schnitte:<\/strong> Pr\u00e4zise Schnitte in Bezug auf Ma\u00dfe und Winkel<\/li>\n<li><strong>Perfekte Schnittqualit\u00e4t:<\/strong> Hochwertige Schnitte ohne M\u00e4ngel<\/li>\n<li><strong>Kratzer- und spurenfreie Oberfl\u00e4che:<\/strong> Die Oberfl\u00e4chen bleiben unbesch\u00e4digt<\/li>\n<li><strong>Pr\u00e4zision auf Lebensdauer:<\/strong> Langfristige Genauigkeit und Zuverl\u00e4ssigkeit<\/li>\n<li><strong>K\u00fcrzere Maschinenstillst\u00e4nde:<\/strong> Weniger Zeitverlust durch Nebenarbeiten wie dem Nachschleifen<\/li>\n<li><strong>Flexibilit\u00e4t:<\/strong> Produkte k\u00f6nnen sofort umgestellt werden, was die Anpassungsf\u00e4higkeit erh\u00f6ht<\/li>\n<\/ul>\n<p>[\/vc_column_text][\/vc_tta_section][vc_tta_section title=&#8220;Einsatzbereiche Sargherstellung&#8220; tab_id=&#8220;1740042948070-da177d6f-ddf9&#8243;][vc_single_image image=&#8220;5727&#8243; img_size=&#8220;200*200&#8243; alignment=&#8220;center&#8220; onclick=&#8220;custom_link&#8220; css=&#8220;&#8220; link=&#8220;https:\/\/mbm.at\/wp-content\/uploads\/2025\/02\/20250121_103920-scaled.jpg&#8220;][vc_column_text css=&#8220;&#8220;]<\/p>\n<ul>\n<li>Die DAS-FL ist f\u00fcr Trapezoide und normale Sargformen geeignet, wie zum Beispiel:\n<ul>\n<li>Hausdachform, K\u00f6rperformsarg, deutsche, schweizerische, italienische, franz\u00f6sische und skandinavische Sargformen sowie den amerikanischen Truhensarg und f\u00fcr Gebeinekisten<\/li>\n<\/ul>\n<\/li>\n<li>Zwei S\u00e4geaggregate fertigen im Durchlauf pr\u00e4zise Gehrungszuschnitte f\u00fcr Sargteile wie beispielsweise Seitenteile, Kopfteil, Fu\u00dfteil, Deckel und Boden<\/li>\n<li>Die DAS-FL liefert eine hohe Schnittqualit\u00e4t durch eine feste Fixierung der Teile mittels Anpressens auf die Auflagefl\u00e4che w\u00e4hrend des Schneidens<\/li>\n<li>Pr\u00e4zise Gehrungsschnitte mit gerader Sto\u00dfstelle und mit eingefr\u00e4ster Nut<\/li>\n<li>Ein integriertes Nutaggregat erstellt eine auf die Brettdicke passende Nut f\u00fcr Joint Nails<\/li>\n<li>Geeignet f\u00fcr alle Holzarten, egal ob roh, beschichtet oder furniert. Beispielsweise: Fichte, Tanne, Kiefer, Eiche, L\u00e4rche, MDF-, Mehrschicht- oder Spanplatten<\/li>\n<\/ul>\n<p>[\/vc_column_text][\/vc_tta_section][vc_tta_section title=&#8220;Ausf\u00fchrungsvarianten&#8220; tab_id=&#8220;1740042952725-2448c65b-19c4&#8243;][vc_single_image image=&#8220;5763&#8243; img_size=&#8220;200*200&#8243; alignment=&#8220;center&#8220; onclick=&#8220;custom_link&#8220; css=&#8220;&#8220; link=&#8220;https:\/\/mbm.at\/wp-content\/uploads\/2025\/02\/20241211_143329-scaled.jpg&#8220;][vc_column_text css=&#8220;&#8220;]<\/p>\n<ul>\n<li>DAS-FL Grundmaschine\n<ul>\n<li>als Fertigungslinie mit zwei Doppelgehrungss\u00e4gen<\/li>\n<\/ul>\n<\/li>\n<li>DAS-FLT f\u00fcr das S\u00e4gen mit bereits aufgebrachter T-Leisten\n<ul>\n<li>Angepasste Greiftechnik mit einer entsprechenden Ausnehmung f\u00fcr T-Leiste<\/li>\n<li>Angepasste Spanntechnik vorbereitet f\u00fcr T-Leiste<\/li>\n<li>Angepasstes S\u00e4geaggregat vorbereitet f\u00fcr T-Leiste<\/li>\n<li>Angepasstes Nutaggregat f\u00fcr T-Leiste<\/li>\n<\/ul>\n<\/li>\n<li>DAS-FL mit Nutaggregat f\u00fcr gerade Nut\n<ul>\n<li>Optional wird die Ausf\u00fchrung mit Nutaggregat in f\u00fcr Schwalbenschwanzverbindungen (Anime) angeboten<\/li>\n<\/ul>\n<\/li>\n<li>DAS-FL mit Produktdatenverfolgung\n<ul>\n<li>F\u00fcr eine durchg\u00e4ngige Produktdatenverfolgung k\u00f6nnen Auftragsdaten bzw. auftragsbezogene Parameter wie Beschaffenheit, Material und L\u00e4ngen vom Produkt an die Anlage \u00fcbermittelt werden<\/li>\n<\/ul>\n<\/li>\n<li>Die Anlage kann sowohl als Stand-alone-L\u00f6sung sowie auch Inline betrieben werden und erm\u00f6glicht somit eine Integration in bereits bestehende Fertigungslinien<\/li>\n<\/ul>\n<p>[\/vc_column_text][\/vc_tta_section][vc_tta_section title=&#8220;Optionen&#8220; tab_id=&#8220;1740042956421-602b839f-1f9c&#8220;][vc_single_image image=&#8220;5378&#8243; img_size=&#8220;200*200&#8243; alignment=&#8220;center&#8220; onclick=&#8220;custom_link&#8220; css=&#8220;&#8220; link=&#8220;https:\/\/mbm.at\/wp-content\/uploads\/2025\/02\/IMG_0546-scaled.jpg&#8220;][vc_column_text css=&#8220;&#8220;]<\/p>\n<ul>\n<li>Die Fertigungslinie DAS-FL kann im Verbund mit weiteren Maschinen kombiniert werden.\n<ul>\n<li>Leistenmontageautomat<\/li>\n<li>Bohrstationen f\u00fcr pr\u00e4zise Griffbohrungen oder Verschlussbohrungen<\/li>\n<li>F\u00f6rdertechnik wie R\u00fccklaufrollenbahn, Querf\u00f6rderer oder Abfallabtransportbahnen<\/li>\n<li>Brettermagazin, f\u00fcr die Bevorratung von Rohteilen<\/li>\n<\/ul>\n<\/li>\n<\/ul>\n<p>[\/vc_column_text][\/vc_tta_section][vc_tta_section title=&#8220;Technische Daten&#8220; tab_id=&#8220;1740042959709-d9a1a16e-e586&#8243;][vc_single_image image=&#8220;5771&#8243; img_size=&#8220;200*200&#8243; alignment=&#8220;center&#8220; onclick=&#8220;custom_link&#8220; css=&#8220;&#8220; link=&#8220;https:\/\/mbm.at\/wp-content\/uploads\/2025\/02\/20250117_075751-scaled.jpg&#8220;][vc_column_text css=&#8220;&#8220;]<\/p>\n<ul>\n<li>Plattenarten (Rohteil)\n<ul>\n<li>Alle Holzarten egal, ob roh, beschichtet oder furniert. Beispielsweise: Fichte, Tanne, Kiefer, Eiche, L\u00e4rche, MDF-, Mehrschicht- oder Spanplatten<\/li>\n<li>Rohteil Plattenl\u00e4nge: 1.500 mm \u2013 2.200 mm<\/li>\n<li>Rohteil Plattenbreite: 200 mm \u2013 660 mm<\/li>\n<\/ul>\n<\/li>\n<li>Werkst\u00fcckgr\u00f6\u00dfen (Teile geschnitten)\n<ul>\n<li>Teilel\u00e4nge geschnitten: 300 mm \u2013 2.180 mm<\/li>\n<li>Teilel\u00e4nge bei zwei gleichzeitigen Schnitten: maximal 2.170mm<\/li>\n<li>Teilebreite bei 90\u00b0: 200 mm \u2013 660 mm<\/li>\n<li>Teilebreite bei 45\u00b0: 200 mm \u2013 460 mm<\/li>\n<\/ul>\n<\/li>\n<li>Schnitth\u00f6he\n<ul>\n<li>S\u00e4geblatt \u00d8 350 mm: bei 90\u00b0: max. 60 mm bei 45\u00b0: max. 40 mm<\/li>\n<li>S\u00e4geblatt \u00d8 400 mm bei 90\u00b0: max. 85 mm bei 45\u00b0: max. 55 mm<\/li>\n<\/ul>\n<\/li>\n<li>Gehrungswinkel\n<ul>\n<li>S\u00e4geaggregatschlitten (gro\u00dfe Gehrung): 90\u00b0 \u2013 45\u00b0<\/li>\n<li>S\u00e4geblatt (kleine Gehrung): 90\u00b0 \u2013 45\u00b0<\/li>\n<\/ul>\n<\/li>\n<li>Nutaggregat\n<ul>\n<li>Durchmesser \u00d8 180 mm<\/li>\n<li>Innendurchmesser \u00d8 30 mm<\/li>\n<li><\/li>\n<\/ul>\n<\/li>\n<li>Vorschubgeschwindigkeit\n<ul>\n<li>S\u00e4geeinheit vor: 1 \u2013 30 m\/min<\/li>\n<li>S\u00e4geeinheit zur\u00fcck: 1 \u2013 30 m\/min<\/li>\n<li>Hinweis: Daten k\u00f6nnen bei unterschiedlichen Holzarten und Dimensionen abweichen<\/li>\n<\/ul>\n<\/li>\n<li>Taktzeit\n<ul>\n<li>Von min. 14 bis max. 20 sec. je Teil in Abh\u00e4ngigkeit der Ausbauvariante (Nuten, Bohren, usw.)<\/li>\n<li>Hinweis: Daten k\u00f6nnen bei unterschiedlichen Holzarten und Dimensionen abweichen<\/li>\n<\/ul>\n<\/li>\n<\/ul>\n<p>[\/vc_column_text][\/vc_tta_section][vc_tta_section title=&#8220;Steuerung&#8220; tab_id=&#8220;1740042963869-d4abaab2-9677&#8243;][vc_single_image image=&#8220;5736&#8243; img_size=&#8220;200*200&#8243; alignment=&#8220;center&#8220; onclick=&#8220;custom_link&#8220; css=&#8220;&#8220; link=&#8220;https:\/\/mbm.at\/wp-content\/uploads\/2025\/02\/KHA6gross-scaled.jpg&#8220;][vc_column_text css=&#8220;&#8220;]<\/p>\n<ul>\n<li>Siemens als Leitfabrikat f\u00fcr elektrische bzw. elektronische Komponenten mit einer Zentralsteuerung TIA-SPS (Safe Ausf\u00fchrung) f\u00fcr die Anlagen-, Ablauf- und Sicherheitssteuerung<\/li>\n<li>Leitrechner f\u00fcr Artikel- und Produktverwaltung, Produktr\u00fcckverfolgung, Parameterverwaltung, Handbetrieb, Alarmverwaltung, Datenaufzeichnung<\/li>\n<li>Bedienstelle Touchscreen HMI<\/li>\n<li>Einfache Programmerstellung mit Sargkonfigurator<\/li>\n<li>Gro\u00dfe Speicherkapazit\u00e4t f\u00fcr individuelle Schnittprogramme<\/li>\n<li>Automatische Winkel- und L\u00e4ngenverstellung<\/li>\n<li>Fehlerdiagnose bei St\u00f6rungen<\/li>\n<li>Korrektur der L\u00e4nge und Nuth\u00f6he bei unterschiedlicher Holzst\u00e4rke<\/li>\n<li>Verschiedene Programme aus einem Holzteil schneiden<\/li>\n<li>Optionen zur Steuerung\n<ul>\n<li>Schnittstelle zum automatischen \u00dcbertragen der Fertigungsdaten<\/li>\n<li>Ferndiagnose und Fernwartungsl\u00f6sungen<\/li>\n<\/ul>\n<\/li>\n<\/ul>\n<p>IoT Plattform control: F\u00fcr Monitoring und Betriebsdatenerfassung und Vernetzung mit vor- oder nachgelagerten Anlagen. Weitere Infos unter:\u00a0<a href=\"https:\/\/www.digifai.com\/de\/control\/\" target=\"_blank\" rel=\"noopener\">control- digifai.<\/a>[\/vc_column_text][\/vc_tta_section][vc_tta_section title=&#8220;Maschinendaten&#8220; tab_id=&#8220;1740042968597-179ef6c6-9635&#8243;][vc_single_image image=&#8220;5745&#8243; img_size=&#8220;200*200&#8243; alignment=&#8220;center&#8220; onclick=&#8220;custom_link&#8220; css=&#8220;&#8220; link=&#8220;https:\/\/mbm.at\/wp-content\/uploads\/2025\/02\/Kantholzautomat-KHA2.png&#8220;][vc_column_text css=&#8220;&#8220;]<\/p>\n<ul>\n<li>Ausf\u00fchrung in stabiler Schwei\u00dfausf\u00fchrung<\/li>\n<li>L\u00e4nge: ca. 9.760 mm mit Anbaumodulen bis zu 14.000 mm (Grundmaschine ohne Schutzzaun)<\/li>\n<li>Breite: ca. 2.106 mm mit Anbaumodulen bis zu 4.600 mm (Grundmaschine ohne Schutzzaun)<\/li>\n<li>H\u00f6he: ca. 2.284 mm<\/li>\n<li>Gewicht DAS-FL<\/li>\n<li>8.200 kg (Grundmaschine)<\/li>\n<li>Anschlusswert: ca. 39 kW<\/li>\n<li>Netzspannung 400 V \/ 50 Hz<\/li>\n<li>Druckluftbedarf: ca. 3.000 l\/min. an der Wartungseinheit<\/li>\n<li>Betriebsdruck: min. 6 bar \u00dcberdruck<\/li>\n<li>Absaugmenge: ca. 5.600 m\u00b3\/h bei 32 m\/s Luftgeschwindigkeit<\/li>\n<li>Umgebungstemperatur der Maschine: im Bereich von + 10\u00b0C bis + 40\u00b0C<\/li>\n<\/ul>\n<p>[\/vc_column_text][\/vc_tta_section][\/vc_tta_accordion][\/vc_column][\/vc_row]<\/p>\n<\/div>","protected":false},"excerpt":{"rendered":"<p>[vc_row][vc_column][vc_column_text css=&#8220;&#8220;] \u00bb Doppelgehrungss\u00e4ge Fertigungslinie DAS-FL &nbsp; Die Fertigungslinie DAS-FL ist eine automatisierte L\u00f6sung, die speziell f\u00fcr die industrielle Fertigung von Sargteilen konzipiert wurde. Sie gew\u00e4hrleistet die spaltfreie Herstellung von Sargteilen mit passgenauen Gehrungswinkeln, ohne dass eine Nachbearbeitung erforderlich ist.[\/vc_column_text][\/vc_column][\/vc_row][vc_row][vc_column][vc_images_carousel images=&#8220;5697,5689,5681,5673,5665&#8243; img_size=&#8220;full&#8220; css=&#8220;&#8220;][\/vc_column][\/vc_row][vc_row][vc_column][vc_tta_accordion][vc_tta_section title=&#8220;Ihr Vorteil&#8220; tab_id=&#8220;1740042920269-5dabd637-c474&#8243;][vc_single_image image=&#8220;5755&#8243; img_size=&#8220;200*200&#8243; alignment=&#8220;center&#8220; onclick=&#8220;custom_link&#8220; css=&#8220;&#8220; link=&#8220;https:\/\/mbm.at\/wp-content\/uploads\/2024\/11\/Doppelgehrungssaege-B2.jpg&#8220;][vc_column_text css=&#8220;&#8220;] Rationelle, automatische [&hellip;]<\/p>\n","protected":false},"author":2,"featured_media":0,"parent":0,"menu_order":0,"comment_status":"closed","ping_status":"closed","template":"","meta":{"footnotes":""},"class_list":["post-2239","page","type-page","status-publish","hentry"],"_links":{"self":[{"href":"https:\/\/mbm.at\/de\/wp-json\/wp\/v2\/pages\/2239","targetHints":{"allow":["GET"]}}],"collection":[{"href":"https:\/\/mbm.at\/de\/wp-json\/wp\/v2\/pages"}],"about":[{"href":"https:\/\/mbm.at\/de\/wp-json\/wp\/v2\/types\/page"}],"author":[{"embeddable":true,"href":"https:\/\/mbm.at\/de\/wp-json\/wp\/v2\/users\/2"}],"replies":[{"embeddable":true,"href":"https:\/\/mbm.at\/de\/wp-json\/wp\/v2\/comments?post=2239"}],"version-history":[{"count":23,"href":"https:\/\/mbm.at\/de\/wp-json\/wp\/v2\/pages\/2239\/revisions"}],"predecessor-version":[{"id":5891,"href":"https:\/\/mbm.at\/de\/wp-json\/wp\/v2\/pages\/2239\/revisions\/5891"}],"wp:attachment":[{"href":"https:\/\/mbm.at\/de\/wp-json\/wp\/v2\/media?parent=2239"}],"curies":[{"name":"wp","href":"https:\/\/api.w.org\/{rel}","templated":true}]}}