{"id":196,"date":"2024-11-06T16:32:11","date_gmt":"2024-11-06T15:32:11","guid":{"rendered":"https:\/\/wp.mbm.at\/?page_id=196"},"modified":"2024-11-11T10:26:53","modified_gmt":"2024-11-11T09:26:53","slug":"handlingtechnik-portalhandlingsystem","status":"publish","type":"page","link":"https:\/\/mbm.at\/de\/handlingtechnik-portalhandlingsystem\/","title":{"rendered":"Handlingtechnik: Portalhandlingsystem"},"content":{"rendered":"<div class=\"wpb-content-wrapper\"><p>[vc_row][vc_column][vc_column_text css=&#8220;&#8220;]<\/p>\n<h4>\u00bb Portalhandlingsystem<\/h4>\n<p>[\/vc_column_text][\/vc_column][\/vc_row][vc_row][vc_column][vc_images_carousel images=&#8220;198,200,202&#8243; img_size=&#8220;large&#8220; css=&#8220;&#8220;][\/vc_column][\/vc_row][vc_row][vc_column][vc_tta_accordion][vc_tta_section title=&#8220;Beschreibung der konstruktiven Merkmale&#8220; tab_id=&#8220;1730889791220-c61515ec-5f20&#8243;][vc_column_text css=&#8220;&#8220;]- Tr\u00e4ger aus stabilem Stahlprofilrohr<br \/>\n&#8211; F\u00fchrungsschienen durchgeh\u00e4rtet und geschliffen<br \/>\n&#8211; F\u00fchrungsschuhe mit Fettreserve, nachschmierbar<br \/>\n&#8211; Schmutzabstreifer f\u00fcr alle F\u00fchrungsfl\u00e4chen<br \/>\n&#8211; Laufwagen aus stabiler und robuster Stahlplatte<br \/>\n&#8211; Antrieb: Drehstrom-Servomotor<br \/>\n&#8211; Spielarmes Getriebe<br \/>\n&#8211; Wahlweise Zahnriemenantrieb oder Zahnstange mit Antriebsritzel<br \/>\n&#8211; Wegmesssystem: inkrementaler Drehgeber<br \/>\n&#8211; Energief\u00fchrungskette[\/vc_column_text][\/vc_tta_section][vc_tta_section title=&#8220;Optionen&#8220; tab_id=&#8220;1730889791221-21346201-da38&#8243;][vc_column_text css=&#8220;&#8220;]Kundenspezifische Ausf\u00fchrungen[\/vc_column_text][\/vc_tta_section][vc_tta_section title=&#8220;Technische Daten&#8220; tab_id=&#8220;1730889793928-12fb3746-bb0b&#8220;][vc_column_text css=&#8220;&#8220;]<b>Verfahrwege &#8211; Verfahrgeschwindigkeit<\/b><\/p>\n<p>x-Achse mm 10.000\u00a0\u00a0 x-Achse (m\/s) max. 2,5<br \/>\ny-Achse mm\u00a0\u00a0 5.000\u00a0\u00a0 y-Achse (m\/s) max. 2,5<br \/>\nz-Achse mm\u00a0\u00a0 2.000\u00a0\u00a0 z-Achse (m\/s) max. 2,0<\/p>\n<p>Fahrbeschleunigung\u00a0\u00a0 bis 30 m\/s<br \/>\nWiederholgenauigkeit hub- und systemabh\u00e4ngig\u00a0\u00a0 +\/- 0,1 mm<\/p>\n<p><b>Zusatzeinrichtungen<\/b><br \/>\nGreifer, Wechselsysteme, Werkzeuge, Dreheinheiten entsprechend dem jeweiligen Anwendungsfall<\/p>\n<p><b>Antriebsvarianten<\/b><br \/>\n&#8211; AC-Motoren, polumschaltbar und Nockenschalter<br \/>\n&#8211; AC-Servomotoren und Drehgeber<br \/>\n&#8211; Pneumatisch<br \/>\n&#8211; Hydraulisch[\/vc_column_text][\/vc_tta_section][\/vc_tta_accordion][\/vc_column][\/vc_row]<\/p>\n<\/div>","protected":false},"excerpt":{"rendered":"<p>[vc_row][vc_column][vc_column_text css=&#8220;&#8220;] \u00bb Portalhandlingsystem [\/vc_column_text][\/vc_column][\/vc_row][vc_row][vc_column][vc_images_carousel images=&#8220;198,200,202&#8243; img_size=&#8220;large&#8220; css=&#8220;&#8220;][\/vc_column][\/vc_row][vc_row][vc_column][vc_tta_accordion][vc_tta_section title=&#8220;Beschreibung der konstruktiven Merkmale&#8220; tab_id=&#8220;1730889791220-c61515ec-5f20&#8243;][vc_column_text css=&#8220;&#8220;]- Tr\u00e4ger aus stabilem Stahlprofilrohr &#8211; F\u00fchrungsschienen durchgeh\u00e4rtet und geschliffen &#8211; F\u00fchrungsschuhe mit Fettreserve, nachschmierbar &#8211; Schmutzabstreifer f\u00fcr alle F\u00fchrungsfl\u00e4chen &#8211; Laufwagen aus stabiler und robuster Stahlplatte &#8211; Antrieb: Drehstrom-Servomotor &#8211; Spielarmes Getriebe &#8211; Wahlweise Zahnriemenantrieb oder Zahnstange mit Antriebsritzel &#8211; Wegmesssystem: [&hellip;]<\/p>\n","protected":false},"author":2,"featured_media":0,"parent":0,"menu_order":0,"comment_status":"closed","ping_status":"closed","template":"","meta":{"footnotes":""},"class_list":["post-196","page","type-page","status-publish","hentry"],"_links":{"self":[{"href":"https:\/\/mbm.at\/de\/wp-json\/wp\/v2\/pages\/196","targetHints":{"allow":["GET"]}}],"collection":[{"href":"https:\/\/mbm.at\/de\/wp-json\/wp\/v2\/pages"}],"about":[{"href":"https:\/\/mbm.at\/de\/wp-json\/wp\/v2\/types\/page"}],"author":[{"embeddable":true,"href":"https:\/\/mbm.at\/de\/wp-json\/wp\/v2\/users\/2"}],"replies":[{"embeddable":true,"href":"https:\/\/mbm.at\/de\/wp-json\/wp\/v2\/comments?post=196"}],"version-history":[{"count":4,"href":"https:\/\/mbm.at\/de\/wp-json\/wp\/v2\/pages\/196\/revisions"}],"predecessor-version":[{"id":1501,"href":"https:\/\/mbm.at\/de\/wp-json\/wp\/v2\/pages\/196\/revisions\/1501"}],"wp:attachment":[{"href":"https:\/\/mbm.at\/de\/wp-json\/wp\/v2\/media?parent=196"}],"curies":[{"name":"wp","href":"https:\/\/api.w.org\/{rel}","templated":true}]}}