{"id":187,"date":"2024-11-06T16:31:29","date_gmt":"2024-11-06T15:31:29","guid":{"rendered":"https:\/\/wp.mbm.at\/?page_id=187"},"modified":"2024-11-11T10:25:58","modified_gmt":"2024-11-11T09:25:58","slug":"handlingtechnik-dreh-kipptisch","status":"publish","type":"page","link":"https:\/\/mbm.at\/de\/handlingtechnik-dreh-kipptisch\/","title":{"rendered":"Handlingtechnik: Dreh- Kipptisch"},"content":{"rendered":"<div class=\"wpb-content-wrapper\"><p>[vc_row][vc_column][vc_column_text css=&#8220;&#8220;]<\/p>\n<h4>\u00bb Dreh- Kipptisch<\/h4>\n<p>F\u00fcr R\u00fcst- und Spannarbeiten<\/p>\n<p>Die Palette wird vom Palettenspeicher \u00fcbernommen und automatisch in die abgekippte Stellung gebracht.<br \/>\nAnschlie\u00dfend wird die Palette um 3 x 90\u00b0 gedreht.[\/vc_column_text][\/vc_column][\/vc_row][vc_row][vc_column][vc_images_carousel images=&#8220;189,191,193&#8243; img_size=&#8220;large&#8220; css=&#8220;&#8220;][\/vc_column][\/vc_row][vc_row][vc_column][vc_tta_accordion][vc_tta_section title=&#8220;Beschreibung der einzelnen Anlagenteile&#8220; tab_id=&#8220;1730889568551-9367a8d2-9108&#8243;][vc_column_text css=&#8220;&#8220;]- Stabiles Grundgestell mit Schwenklagerung<br \/>\n&#8211; Schwenkplatte mit stabiler Drehlagerung<br \/>\n&#8211; Drehplatte mit schwenkbaren Klemmpratzen<br \/>\n&#8211; Zuf\u00fchreinrichtung mit Hubeinheit<br \/>\n&#8211; Hydraulikaggregat[\/vc_column_text][\/vc_tta_section][vc_tta_section title=&#8220;Optionen&#8220; tab_id=&#8220;1730889568551-119a1589-21aa&#8220;][vc_column_text css=&#8220;&#8220;]Kundenspezifische Ausf\u00fchrungen[\/vc_column_text][\/vc_tta_section][vc_tta_section title=&#8220;Technische Daten&#8220; tab_id=&#8220;1730889570531-d24fc72d-18f1&#8243;][vc_column_text css=&#8220;&#8220;]Palettengr\u00f6\u00dfe\u00a0\u00a0\u00a0\u00a0\u00a0\u00a0\u00a0\u00a0\u00a0\u00a0\u00a0\u00a0\u00a0\u00a0\u00a0\u00a0\u00a0\u00a0\u00a0\u00a0\u00a0\u00a0\u00a0\u00a0\u00a0\u00a0\u00a0\u00a0\u00a0\u00a0\u00a0\u00a0\u00a0\u00a0\u00a0\u00a0\u00a0 \u00a0\u00a0 \u00a0\u00a0 800 x 800 mm<br \/>\nPalettenbelastung\u00a0\u00a0\u00a0\u00a0\u00a0\u00a0\u00a0\u00a0\u00a0\u00a0\u00a0\u00a0\u00a0\u00a0\u00a0\u00a0\u00a0\u00a0 \u00a0 \u00a0 \u00a0\u00a0\u00a0\u00a0 \u00a0\u00a0\u00a0 \u00a0 \u00a0 \u00a0 30.000 N<br \/>\nSchwerpunkt ab Palettenoberkante\u00a0\u00a0\u00a0\u00a0\u00a0\u00a0 \u00a0 \u00a0 600 mm<br \/>\nSchwerpunkt au\u00dfermittig \u00a0 \u00a0 \u00a0 \u00a0 \u00a0 \u00a0 \u00a0\u00a0\u00a0 \u00a0\u00a0\u00a0 \u00a0 \u00a0\u00a0 100 mm<br \/>\nWerkst\u00fcckh\u00f6he ab Palettenoberkante\u00a0 \u00a0 \u00a0\u00a0 max. 1.200 mm<br \/>\nSchwenkbewegung\u00a0\u00a0\u00a0\u00a0\u00a0\u00a0\u00a0\u00a0\u00a0\u00a0\u00a0\u00a0\u00a0\u00a0\u00a0\u00a0\u00a0\u00a0\u00a0\u00a0\u00a0\u00a0\u00a0\u00a0\u00a0\u00a0\u00a0\u00a0 \u00a0 \u00a0 \u00a0\u00a0 90\u00b0<br \/>\nDrehbewegung senkrecht und horizontal\u00a0 3 x 90\u00b0[\/vc_column_text][\/vc_tta_section][\/vc_tta_accordion][\/vc_column][\/vc_row]<\/p>\n<\/div>","protected":false},"excerpt":{"rendered":"<p>[vc_row][vc_column][vc_column_text css=&#8220;&#8220;] \u00bb Dreh- Kipptisch F\u00fcr R\u00fcst- und Spannarbeiten Die Palette wird vom Palettenspeicher \u00fcbernommen und automatisch in die abgekippte Stellung gebracht. Anschlie\u00dfend wird die Palette um 3 x 90\u00b0 gedreht.[\/vc_column_text][\/vc_column][\/vc_row][vc_row][vc_column][vc_images_carousel images=&#8220;189,191,193&#8243; img_size=&#8220;large&#8220; css=&#8220;&#8220;][\/vc_column][\/vc_row][vc_row][vc_column][vc_tta_accordion][vc_tta_section title=&#8220;Beschreibung der einzelnen Anlagenteile&#8220; tab_id=&#8220;1730889568551-9367a8d2-9108&#8243;][vc_column_text css=&#8220;&#8220;]- Stabiles Grundgestell mit Schwenklagerung &#8211; Schwenkplatte mit stabiler Drehlagerung &#8211; Drehplatte mit schwenkbaren Klemmpratzen &#8211; [&hellip;]<\/p>\n","protected":false},"author":2,"featured_media":0,"parent":0,"menu_order":0,"comment_status":"closed","ping_status":"closed","template":"","meta":{"footnotes":""},"class_list":["post-187","page","type-page","status-publish","hentry"],"_links":{"self":[{"href":"https:\/\/mbm.at\/de\/wp-json\/wp\/v2\/pages\/187","targetHints":{"allow":["GET"]}}],"collection":[{"href":"https:\/\/mbm.at\/de\/wp-json\/wp\/v2\/pages"}],"about":[{"href":"https:\/\/mbm.at\/de\/wp-json\/wp\/v2\/types\/page"}],"author":[{"embeddable":true,"href":"https:\/\/mbm.at\/de\/wp-json\/wp\/v2\/users\/2"}],"replies":[{"embeddable":true,"href":"https:\/\/mbm.at\/de\/wp-json\/wp\/v2\/comments?post=187"}],"version-history":[{"count":4,"href":"https:\/\/mbm.at\/de\/wp-json\/wp\/v2\/pages\/187\/revisions"}],"predecessor-version":[{"id":1500,"href":"https:\/\/mbm.at\/de\/wp-json\/wp\/v2\/pages\/187\/revisions\/1500"}],"wp:attachment":[{"href":"https:\/\/mbm.at\/de\/wp-json\/wp\/v2\/media?parent=187"}],"curies":[{"name":"wp","href":"https:\/\/api.w.org\/{rel}","templated":true}]}}