{"id":150,"date":"2024-11-06T16:32:51","date_gmt":"2024-11-06T15:32:51","guid":{"rendered":"https:\/\/wp.mbm.at\/?page_id=150"},"modified":"2024-11-11T10:25:12","modified_gmt":"2024-11-11T09:25:12","slug":"keilzinkenfraese","status":"publish","type":"page","link":"https:\/\/mbm.at\/de\/keilzinkenfraese\/","title":{"rendered":"Keilzinkenfr\u00e4se"},"content":{"rendered":"<div class=\"wpb-content-wrapper\"><p>[vc_row][vc_column][vc_column_text css=&#8220;&#8220;]<\/p>\n<h4>\u00bb Keilzinkenfr\u00e4se<\/h4>\n<p>mit Presse f\u00fcr plattenf\u00f6rmige Holzwerkstoffe[\/vc_column_text][\/vc_column][\/vc_row][vc_row][vc_column][vc_images_carousel images=&#8220;152,154,156&#8243; img_size=&#8220;large&#8220; css=&#8220;&#8220;][\/vc_column][\/vc_row][vc_row][vc_column][vc_tta_accordion][vc_tta_section title=&#8220;Beschreibung der einzelnen Anlagenteile&#8220; tab_id=&#8220;1730888801921-d0d2ac6a-7075&#8243;][vc_column_text css=&#8220;&#8220;]- Bearbeitungsaggregatwagen mit Zerspanaggregat,<br \/>\nKeilzinkenfr\u00e4saggregat, Abstreifb\u00fcrsten und Leimauftragsger\u00e4t<br \/>\n&#8211; Stabiler Auflagetisch<br \/>\n&#8211; Stabiler Spann- und Presstisch<br \/>\n&#8211; Druckbalken<br \/>\n&#8211; Heizelemente<br \/>\n&#8211; Plattenausrichter<br \/>\n&#8211; Hydraulikaggregat[\/vc_column_text][\/vc_tta_section][vc_tta_section title=&#8220;Optionen&#8220; tab_id=&#8220;1730888801921-12fd171a-d0ca&#8220;][vc_column_text css=&#8220;&#8220;]Kundenspezifische Ausf\u00fchrungen[\/vc_column_text][\/vc_tta_section][vc_tta_section title=&#8220;Technische Daten&#8220; tab_id=&#8220;1730888804365-5f46d398-1ec5&#8243;][vc_column_text css=&#8220;&#8220;]<b>Werkst\u00fcckgr\u00f6\u00dfen<\/b><\/p>\n<p>Plattenl\u00e4nge: \u00a0 \u00a0\u00a0 min. 1.000 mm<br \/>\nPlattenbreite: \u00a0\u00a0\u00a0 min.\u00a0\u00a0\u00a0 600 mm \/ max. 2.500 mm<br \/>\nPlattenst\u00e4rke: \u00a0 \u00a0 min.\u00a0\u00a0 \u00a0\u00a0 20 mm \/ max.\u00a0\u00a0\u00a0 100 mm[\/vc_column_text][\/vc_tta_section][vc_tta_section title=&#8220;Maschinendaten&#8220; tab_id=&#8220;1730888806324-bd69e309-932f&#8220;][vc_column_text css=&#8220;&#8220;]<b>Aggregatvorschubgeschwindigkeit<\/b><br \/>\nVorw\u00e4rts \u00a0 \u00a0 \u00a0 bis 30 m\/min.<br \/>\nR\u00fcckw\u00e4rts \u00a0\u00a0 bis 30 m\/min.<\/p>\n<p><b>Zerspanaggregat<\/b><br \/>\nLeistung\u00a0\u00a0\u00a0\u00a0\u00a0\u00a0 5,5 kW<br \/>\nDrehzahl\u00a0\u00a0\u00a0\u00a0\u00a0 2.850 U\/min.<\/p>\n<p><b>Keilzinkenfr\u00e4saggregat<\/b><br \/>\nLeistung\u00a0\u00a0\u00a0\u00a0\u00a0 30 kW<br \/>\nDrehzahl\u00a0\u00a0\u00a0\u00a0 4.500 U\/min.<\/p>\n<p><b>Pressdruck<\/b><br \/>\nmax.\u00a0\u00a0\u00a0\u00a0\u00a0\u00a0\u00a0\u00a0\u00a0\u00a0 300.000 N einstellbar[\/vc_column_text][\/vc_tta_section][\/vc_tta_accordion][\/vc_column][\/vc_row]<\/p>\n<\/div>","protected":false},"excerpt":{"rendered":"<p>[vc_row][vc_column][vc_column_text css=&#8220;&#8220;] \u00bb Keilzinkenfr\u00e4se mit Presse f\u00fcr plattenf\u00f6rmige Holzwerkstoffe[\/vc_column_text][\/vc_column][\/vc_row][vc_row][vc_column][vc_images_carousel images=&#8220;152,154,156&#8243; img_size=&#8220;large&#8220; css=&#8220;&#8220;][\/vc_column][\/vc_row][vc_row][vc_column][vc_tta_accordion][vc_tta_section title=&#8220;Beschreibung der einzelnen Anlagenteile&#8220; tab_id=&#8220;1730888801921-d0d2ac6a-7075&#8243;][vc_column_text css=&#8220;&#8220;]- Bearbeitungsaggregatwagen mit Zerspanaggregat, Keilzinkenfr\u00e4saggregat, Abstreifb\u00fcrsten und Leimauftragsger\u00e4t &#8211; Stabiler Auflagetisch &#8211; Stabiler Spann- und Presstisch &#8211; Druckbalken &#8211; Heizelemente &#8211; Plattenausrichter &#8211; Hydraulikaggregat[\/vc_column_text][\/vc_tta_section][vc_tta_section title=&#8220;Optionen&#8220; tab_id=&#8220;1730888801921-12fd171a-d0ca&#8220;][vc_column_text css=&#8220;&#8220;]Kundenspezifische Ausf\u00fchrungen[\/vc_column_text][\/vc_tta_section][vc_tta_section title=&#8220;Technische Daten&#8220; tab_id=&#8220;1730888804365-5f46d398-1ec5&#8243;][vc_column_text css=&#8220;&#8220;]Werkst\u00fcckgr\u00f6\u00dfen Plattenl\u00e4nge: \u00a0 \u00a0\u00a0 min. 1.000 mm [&hellip;]<\/p>\n","protected":false},"author":2,"featured_media":0,"parent":0,"menu_order":0,"comment_status":"closed","ping_status":"closed","template":"","meta":{"footnotes":""},"class_list":["post-150","page","type-page","status-publish","hentry"],"_links":{"self":[{"href":"https:\/\/mbm.at\/de\/wp-json\/wp\/v2\/pages\/150","targetHints":{"allow":["GET"]}}],"collection":[{"href":"https:\/\/mbm.at\/de\/wp-json\/wp\/v2\/pages"}],"about":[{"href":"https:\/\/mbm.at\/de\/wp-json\/wp\/v2\/types\/page"}],"author":[{"embeddable":true,"href":"https:\/\/mbm.at\/de\/wp-json\/wp\/v2\/users\/2"}],"replies":[{"embeddable":true,"href":"https:\/\/mbm.at\/de\/wp-json\/wp\/v2\/comments?post=150"}],"version-history":[{"count":3,"href":"https:\/\/mbm.at\/de\/wp-json\/wp\/v2\/pages\/150\/revisions"}],"predecessor-version":[{"id":1497,"href":"https:\/\/mbm.at\/de\/wp-json\/wp\/v2\/pages\/150\/revisions\/1497"}],"wp:attachment":[{"href":"https:\/\/mbm.at\/de\/wp-json\/wp\/v2\/media?parent=150"}],"curies":[{"name":"wp","href":"https:\/\/api.w.org\/{rel}","templated":true}]}}