{"id":1453,"date":"2024-11-11T09:00:25","date_gmt":"2024-11-11T08:00:25","guid":{"rendered":"https:\/\/wp.mbm.at\/?page_id=1453"},"modified":"2024-11-11T09:00:25","modified_gmt":"2024-11-11T08:00:25","slug":"referenzen","status":"publish","type":"page","link":"https:\/\/mbm.at\/de\/referenzen\/","title":{"rendered":"Referenzen"},"content":{"rendered":"<div class=\"wpb-content-wrapper\"><p>[vc_row][vc_column][vc_single_image image=&#8220;1455&#8243; img_size=&#8220;large&#8220; css=&#8220;&#8220;][\/vc_column][\/vc_row][vc_row][vc_column][vc_column_text css=&#8220;&#8220;]<b>Europa<\/p>\n<p><\/b><b><\/b><\/p>\n<div class=\"env-scrollable\">\n<table>\n<tbody>\n<tr>\n<td>Belgien<\/td>\n<td>D\u00e4nemark<\/td>\n<td>Deutschland<\/td>\n<td>Frankreich<\/td>\n<td>Italien<\/td>\n<td>Kroatien<\/td>\n<td>Liechtenstein<\/td>\n<td>Luxemburg<\/td>\n<td>Niederlande<\/td>\n<td>\u00d6sterreich<\/td>\n<\/tr>\n<tr>\n<td>Polen<\/td>\n<td>Portugal<\/td>\n<td>Rum\u00e4nien<\/td>\n<td>San Marino<\/td>\n<td>Schweden<\/td>\n<td>Schweiz<\/td>\n<td>Slowenien<\/td>\n<td>Spanien<\/td>\n<td>Tschechische Republik<\/td>\n<td>Vereinigtes K\u00f6nigreich<\/td>\n<\/tr>\n<\/tbody>\n<\/table>\n<\/div>\n<p><br class=\"clearer\" \/><b>Weltweit<\/p>\n<p><\/b><\/p>\n<div class=\"env-scrollable\">\n<table>\n<tbody>\n<tr>\n<td>Australien<\/td>\n<td>China<\/td>\n<td>Japan<\/td>\n<td>Taiwan<\/td>\n<td>Tunesien<\/td>\n<td>USA<\/td>\n<\/tr>\n<\/tbody>\n<\/table>\n<\/div>\n<p>[\/vc_column_text][\/vc_column][\/vc_row]<\/p>\n<\/div>","protected":false},"excerpt":{"rendered":"<p>[vc_row][vc_column][vc_single_image image=&#8220;1455&#8243; img_size=&#8220;large&#8220; css=&#8220;&#8220;][\/vc_column][\/vc_row][vc_row][vc_column][vc_column_text css=&#8220;&#8220;]Europa Belgien D\u00e4nemark Deutschland Frankreich Italien Kroatien Liechtenstein Luxemburg Niederlande \u00d6sterreich Polen Portugal Rum\u00e4nien San Marino Schweden Schweiz Slowenien Spanien Tschechische Republik Vereinigtes K\u00f6nigreich Weltweit Australien China Japan Taiwan Tunesien USA [\/vc_column_text][\/vc_column][\/vc_row]<\/p>\n","protected":false},"author":2,"featured_media":0,"parent":0,"menu_order":0,"comment_status":"closed","ping_status":"closed","template":"","meta":{"footnotes":""},"class_list":["post-1453","page","type-page","status-publish","hentry"],"_links":{"self":[{"href":"https:\/\/mbm.at\/de\/wp-json\/wp\/v2\/pages\/1453","targetHints":{"allow":["GET"]}}],"collection":[{"href":"https:\/\/mbm.at\/de\/wp-json\/wp\/v2\/pages"}],"about":[{"href":"https:\/\/mbm.at\/de\/wp-json\/wp\/v2\/types\/page"}],"author":[{"embeddable":true,"href":"https:\/\/mbm.at\/de\/wp-json\/wp\/v2\/users\/2"}],"replies":[{"embeddable":true,"href":"https:\/\/mbm.at\/de\/wp-json\/wp\/v2\/comments?post=1453"}],"version-history":[{"count":2,"href":"https:\/\/mbm.at\/de\/wp-json\/wp\/v2\/pages\/1453\/revisions"}],"predecessor-version":[{"id":1462,"href":"https:\/\/mbm.at\/de\/wp-json\/wp\/v2\/pages\/1453\/revisions\/1462"}],"wp:attachment":[{"href":"https:\/\/mbm.at\/de\/wp-json\/wp\/v2\/media?parent=1453"}],"curies":[{"name":"wp","href":"https:\/\/api.w.org\/{rel}","templated":true}]}}