{"id":1442,"date":"2024-11-11T08:40:17","date_gmt":"2024-11-11T07:40:17","guid":{"rendered":"https:\/\/wp.mbm.at\/?page_id=1442"},"modified":"2025-04-29T09:07:20","modified_gmt":"2025-04-29T07:07:20","slug":"impressum","status":"publish","type":"page","link":"https:\/\/mbm.at\/de\/impressum\/","title":{"rendered":"Impressum"},"content":{"rendered":"<div class=\"wpb-content-wrapper\"><p>[vc_row][vc_column][vc_column_text css=&#8220;&#8220;]<\/p>\n<div class=\"l_column l_lg-4 l_md-6\">\n<div class=\"vc_column-inner\">\n<div class=\"wpb_wrapper\">\n<div class=\"wpb_text_column wpb_content_element\">\n<div class=\"wpb_wrapper\">\n<h4>Impressum<\/h4>\n<ul>\n<li><span class=\"locality\">Firmenbezeichnung:\u00a0<\/span>Eberle Automatische Systeme GmbH &amp; Co KG<\/li>\n<li><span class=\"locality\">Adresse: Dr.-Walter-Zumtobel-Stra\u00dfe 8<\/span><span class=\"locality\"><span class=\"street-address\">,\u00a0<\/span><\/span><span class=\"locality\"><span class=\"postal-code\">6850<\/span>\u00a0Dornbirn,\u00a0<\/span><span class=\"locality\">\u00d6sterreich<\/span><\/li>\n<li><span class=\"value\">Telefon:\u00a0<a href=\"tel:+43%205572 55580\">+43 5572 55580<\/a><\/span><\/li>\n<li>e-Mail:\u00a0<a href=\"mailto:info@eberle.at\">info@eberle.at<\/a><\/li>\n<li>Internet:\u00a0<a class=\"url\" href=\"http:\/\/www.eberle.at\/de\/\" target=\"_blank\" rel=\"noopener noreferrer\">www.eberle.at<\/a><\/li>\n<\/ul>\n<\/div>\n<\/div>\n<\/div>\n<\/div>\n<\/div>\n<div class=\"l_column l_lg-4 l_md-6\">\n<div class=\"vc_column-inner\">\n<div class=\"wpb_wrapper\">\n<div class=\"wpb_text_column wpb_content_element\">\n<div class=\"wpb_wrapper\">\n<ul>\n<li>Gesch\u00e4ftsf\u00fchrer: Viktor Eberle, Martin Moosmann<\/li>\n<li><span id=\"ctl00_ContentPlaceHolder1_datenFelder_genericFieldsRepeater_ctl11_genericLabel_DescriptionLabel\"><span id=\"ctl00_ContentPlaceHolder1_datenFelder_genericFieldsRepeater_ctl11_genericLabel_helpLinkLabel1\" class=\"transparent_label_info\">Firmengericht:\u00a0<\/span><\/span>Landesgericht Feldkirch<\/li>\n<li><span class=\"transparent_label_info\">Beh\u00f6rde gem. ECG: Bezirkshauptmannschaft Dornbirn<\/span><\/li>\n<li><span class=\"transparent_label_info\">Rechtsform: GmbH &amp; Co KG\u00a0<\/span><\/li>\n<li>Mitglied der Wirtschaftskammer Vorarlberg:<br \/>\nFachgruppe\u00a0<a href=\"https:\/\/www.wko.at\/service\/dienststelle.html?orgid=15492\" target=\"_blank\" rel=\"noopener noreferrer\">Mechatroniker<\/a><\/li>\n<li><span id=\"ctl00_ContentPlaceHolder1_agbsBoxes_genericCategoriesRepeater_ctl00_genericFields_genericFieldsRepeater_ctl01_genericLabel_DescriptionLabel\"><span id=\"ctl00_ContentPlaceHolder1_agbsBoxes_genericCategoriesRepeater_ctl00_genericFields_genericFieldsRepeater_ctl01_genericLabel_helpLinkLabel1\" class=\"transparent_label_info\">Berechtigung: Elektromaschinenbauer verbunden mit Elektroniker, B\u00fcrokommunikationstechniker, Radio- und Videoelektroniker gem\u00e4\u00df \u00a7 94 Z 17 GewO 1994<\/span><\/span><\/li>\n<\/ul>\n<\/div>\n<\/div>\n<\/div>\n<\/div>\n<\/div>\n<div class=\"l_column l_lg-4 l_md-6\">\n<div class=\"vc_column-inner\">\n<div class=\"wpb_wrapper\">\n<div class=\"wpb_text_column wpb_content_element\">\n<div class=\"wpb_wrapper\">\n<ul>\n<li>Firmenbuchnummer: 343886s<\/li>\n<li>GLN (der \u00f6ffentlichen Verwaltung): 9110017600405<\/li>\n<li><span class=\"transparent_label_info\">UID-Nummer: ATU65739267<\/span><\/li>\n<li><span class=\"transparent_label_info\"><span id=\"ctl00_ContentPlaceHolder1_datenFelder_genericFieldsRepeater_ctl19_genericLabel_DescriptionLabel\"><span id=\"ctl00_ContentPlaceHolder1_datenFelder_genericFieldsRepeater_ctl19_genericLabel_helpLinkLabel1\" class=\"transparent_label_info\">EORI-Nummer: ATEOS1000019900<\/span><\/span><\/span><\/li>\n<li><span class=\"transparent_label_info\">e-Rechnungen:\u00a0<a href=\"mailto:info@eberle.at\">info@eberle.at<\/a><\/span><\/li>\n<\/ul>\n<h4>Allgemeine Gesch\u00e4ftsbedingungen (AGB)<strong><br \/>\n<\/strong><\/h4>\n<p>Es gelten die allgemeinen Lieferbedingungen der Elektro- und Elektronikindustrie \u00d6sterreichs (<a href=\"https:\/\/www.eberle.at\/wp-content\/uploads\/2018\/06\/feei_allgemeine_lieferbedingungen_2017_deutsch.pdf\" target=\"_blank\" rel=\"noopener noreferrer\">PDF<\/a>), die Softwarebedingungen der Elektro- und Elektronikindustrie \u00d6sterreichs (<a href=\"https:\/\/www.eberle.at\/wp-content\/uploads\/2018\/06\/feei-softwarebedingungen_04-2018.pdf\" target=\"_blank\" rel=\"noopener noreferrer\">PDF<\/a>) sowie die Softwarewartungsbedingungen der Elektro- und Elektronikindustrie \u00d6sterreichs (<a href=\"https:\/\/www.eberle.at\/wp-content\/uploads\/2018\/06\/feei-softwarewartungsbedingungen_04-2018_0.pdf\" target=\"_blank\" rel=\"noopener noreferrer\">PDF<\/a>). Erf\u00fcllungsort ist Dornbirn. Unsere Lieferbedingungen verstehen sich nach Incoterms 2010.<\/p>\n<div class=\"s_richtext\">\n<h4>Datenschutzerkl\u00e4rung<\/h4>\n<\/div>\n<div class=\"s_richtext\">\n<p>Sie finden unsere Datenschutzerkl\u00e4rung\u00a0<a href=\"https:\/\/mbm.at\/de\/datenschutzerklaerung\/\" target=\"_blank\" rel=\"noopener\">hier<\/a>.<\/p>\n<h4>Mitglied der Wirtschaftskammer Vorarlberg<\/h4>\n<p>Alle Informationen lt. ECG, UGB, GewO finden sie im Verzeichnis der WKO. [\u00a0<a href=\"https:\/\/firmen.wko.at\/eberle-automatische-systeme-gmbh---co-kg-eberle-automatische-systeme\/vorarlberg\/?firmaid=ad89a2e3-65ae-406b-86a4-b95c431fcc3e&amp;standortid=0&amp;suchbegriff=eberle+automatische+systeme&amp;page=1\" target=\"_blank\" rel=\"noopener\">&#8230;\u00a0<\/a>]<\/p>\n<div class=\"s_richtext\">\n<h4>Medieninhaber<\/h4>\n<\/div>\n<p>Eberle Automatische Systeme GmbH &amp; Co KG<br \/>\n<span class=\"locality\"><span class=\"street-address\">Dr.-Walter-Zumtobel-Stra\u00dfe 8<br \/>\n<\/span><span class=\"postal-code\">6850<\/span>\u00a0Dornbirn<br \/>\n\u00d6sterreich<\/span><\/p>\n<\/div>\n<\/div>\n<\/div>\n<\/div>\n<\/div>\n<\/div>\n<p>[\/vc_column_text][\/vc_column][\/vc_row]<\/p>\n<\/div>","protected":false},"excerpt":{"rendered":"<p>[vc_row][vc_column][vc_column_text css=&#8220;&#8220;] Impressum Firmenbezeichnung:\u00a0Eberle Automatische Systeme GmbH &amp; Co KG Adresse: Dr.-Walter-Zumtobel-Stra\u00dfe 8,\u00a06850\u00a0Dornbirn,\u00a0\u00d6sterreich Telefon:\u00a0+43 5572 55580 e-Mail:\u00a0info@eberle.at Internet:\u00a0www.eberle.at Gesch\u00e4ftsf\u00fchrer: Viktor Eberle, Martin Moosmann Firmengericht:\u00a0Landesgericht Feldkirch Beh\u00f6rde gem. ECG: Bezirkshauptmannschaft Dornbirn Rechtsform: GmbH &amp; Co KG\u00a0 Mitglied der Wirtschaftskammer Vorarlberg: Fachgruppe\u00a0Mechatroniker Berechtigung: Elektromaschinenbauer verbunden mit Elektroniker, B\u00fcrokommunikationstechniker, Radio- und Videoelektroniker gem\u00e4\u00df \u00a7 94 Z 17 GewO [&hellip;]<\/p>\n","protected":false},"author":2,"featured_media":0,"parent":0,"menu_order":0,"comment_status":"closed","ping_status":"closed","template":"","meta":{"footnotes":""},"class_list":["post-1442","page","type-page","status-publish","hentry"],"_links":{"self":[{"href":"https:\/\/mbm.at\/de\/wp-json\/wp\/v2\/pages\/1442","targetHints":{"allow":["GET"]}}],"collection":[{"href":"https:\/\/mbm.at\/de\/wp-json\/wp\/v2\/pages"}],"about":[{"href":"https:\/\/mbm.at\/de\/wp-json\/wp\/v2\/types\/page"}],"author":[{"embeddable":true,"href":"https:\/\/mbm.at\/de\/wp-json\/wp\/v2\/users\/2"}],"replies":[{"embeddable":true,"href":"https:\/\/mbm.at\/de\/wp-json\/wp\/v2\/comments?post=1442"}],"version-history":[{"count":6,"href":"https:\/\/mbm.at\/de\/wp-json\/wp\/v2\/pages\/1442\/revisions"}],"predecessor-version":[{"id":6061,"href":"https:\/\/mbm.at\/de\/wp-json\/wp\/v2\/pages\/1442\/revisions\/6061"}],"wp:attachment":[{"href":"https:\/\/mbm.at\/de\/wp-json\/wp\/v2\/media?parent=1442"}],"curies":[{"name":"wp","href":"https:\/\/api.w.org\/{rel}","templated":true}]}}