{"id":142,"date":"2024-11-06T16:33:40","date_gmt":"2024-11-06T15:33:40","guid":{"rendered":"https:\/\/wp.mbm.at\/?page_id=142"},"modified":"2024-11-11T10:25:15","modified_gmt":"2024-11-11T09:25:15","slug":"plattenzuschnittsaege","status":"publish","type":"page","link":"https:\/\/mbm.at\/de\/plattenzuschnittsaege\/","title":{"rendered":"Plattenzuschnitts\u00e4ge"},"content":{"rendered":"<div class=\"wpb-content-wrapper\"><p>[vc_row][vc_column][vc_column_text css=&#8220;&#8220;]<\/p>\n<h4>\u00bb Plattenzuschnitts\u00e4ge<\/h4>\n<p>F\u00fcr L\u00e4ngs- und Querschnitt[\/vc_column_text][\/vc_column][\/vc_row][vc_row][vc_column][vc_images_carousel images=&#8220;144,146&#8243; img_size=&#8220;large&#8220; css=&#8220;&#8220;][\/vc_column][\/vc_row][vc_row][vc_column][vc_tta_accordion][vc_tta_section title=&#8220;Beschreibung der einzelnen Anlagenteile&#8220; tab_id=&#8220;1730888153520-4d7892d0-ebd8&#8243;][vc_column_text css=&#8220;&#8220;]- Vakuumhebeger\u00e4t<br \/>\n&#8211; Einlaufrollenbahn mit Ausrichter<br \/>\n&#8211; Quers\u00e4ge mit Druckbalken<br \/>\n&#8211; Elektronisch verstellbare Anschlagnocke<br \/>\n&#8211; Rollenbahn mit Quertransport<br \/>\n&#8211; Schr\u00e4grollenbahn<br \/>\n&#8211; Elektronisch verstellbarer Breitenanschlag<br \/>\n&#8211; L\u00e4ngss\u00e4ge mit Vorschubapparat<br \/>\n&#8211; Auslaufrollenbahn mit Quertransport[\/vc_column_text][\/vc_tta_section][vc_tta_section title=&#8220;Optionen&#8220; tab_id=&#8220;1730888153520-1c825f08-ce84&#8243;][vc_column_text css=&#8220;&#8220;]Kundenspezifische Ausf\u00fchrungen[\/vc_column_text][\/vc_tta_section][vc_tta_section title=&#8220;Technische Daten&#8220; tab_id=&#8220;1730888156051-3af60563-6a7d&#8220;][vc_column_text css=&#8220;&#8220;]<b>Werkst\u00fcckgr\u00f6\u00dfen<\/b><\/p>\n<p>Plattenl\u00e4nge: \u00a0\u00a0\u00a0\u00a0 min. 300 mm \/ max. 4.100 mm<br \/>\nPlattenbreite: \u00a0\u00a0\u00a0 min. 300 mm \/ max. 1.250 mm<br \/>\nPlattenst\u00e4rke:\u00a0 \u00a0\u00a0 max.\u00a0 40 mm[\/vc_column_text][\/vc_tta_section][vc_tta_section title=&#8220;Maschinendaten&#8220; tab_id=&#8220;1730888158746-e3f8f971-b398&#8243;][vc_column_text css=&#8220;&#8220;]<b>S\u00e4gevorschubgeschwindigkeit<\/b><br \/>\nVorw\u00e4rts \u00a0\u00a0\u00a0\u00a0\u00a0\u00a0\u00a0\u00a0 bis 30 m\/min.<br \/>\nR\u00fcckw\u00e4rts\u00a0\u00a0\u00a0 \u00a0 \u00a0 bis 30 m\/min.<\/p>\n<p><b>S\u00e4gemotorleistung<\/b><br \/>\nQuers\u00e4ge\u00a0\u00a0\u00a0\u00a0\u00a0 \u00a0\u00a0 7,5 kW<br \/>\nDrehzahl\u00a0\u00a0\u00a0\u00a0\u00a0\u00a0\u00a0\u00a0 3.800 U\/min.<br \/>\nL\u00e4ngss\u00e4ge\u00a0\u00a0\u00a0\u00a0\u00a0\u00a0 7,5 kW<br \/>\nDrehzahl\u00a0\u00a0\u00a0\u00a0\u00a0\u00a0 \u00a0 3.800 U\/min.<\/p>\n<p><b>S\u00e4geblatt<\/b><br \/>\nDurchmesser\u00a0 350 mm<br \/>\nInnenbohrungsdurchmesser 30 mm[\/vc_column_text][\/vc_tta_section][\/vc_tta_accordion][\/vc_column][\/vc_row]<\/p>\n<\/div>","protected":false},"excerpt":{"rendered":"<p>[vc_row][vc_column][vc_column_text css=&#8220;&#8220;] \u00bb Plattenzuschnitts\u00e4ge F\u00fcr L\u00e4ngs- und Querschnitt[\/vc_column_text][\/vc_column][\/vc_row][vc_row][vc_column][vc_images_carousel images=&#8220;144,146&#8243; img_size=&#8220;large&#8220; css=&#8220;&#8220;][\/vc_column][\/vc_row][vc_row][vc_column][vc_tta_accordion][vc_tta_section title=&#8220;Beschreibung der einzelnen Anlagenteile&#8220; tab_id=&#8220;1730888153520-4d7892d0-ebd8&#8243;][vc_column_text css=&#8220;&#8220;]- Vakuumhebeger\u00e4t &#8211; Einlaufrollenbahn mit Ausrichter &#8211; Quers\u00e4ge mit Druckbalken &#8211; Elektronisch verstellbare Anschlagnocke &#8211; Rollenbahn mit Quertransport &#8211; Schr\u00e4grollenbahn &#8211; Elektronisch verstellbarer Breitenanschlag &#8211; L\u00e4ngss\u00e4ge mit Vorschubapparat &#8211; Auslaufrollenbahn mit Quertransport[\/vc_column_text][\/vc_tta_section][vc_tta_section title=&#8220;Optionen&#8220; tab_id=&#8220;1730888153520-1c825f08-ce84&#8243;][vc_column_text css=&#8220;&#8220;]Kundenspezifische Ausf\u00fchrungen[\/vc_column_text][\/vc_tta_section][vc_tta_section title=&#8220;Technische Daten&#8220; tab_id=&#8220;1730888156051-3af60563-6a7d&#8220;][vc_column_text [&hellip;]<\/p>\n","protected":false},"author":2,"featured_media":0,"parent":0,"menu_order":0,"comment_status":"closed","ping_status":"closed","template":"","meta":{"footnotes":""},"class_list":["post-142","page","type-page","status-publish","hentry"],"_links":{"self":[{"href":"https:\/\/mbm.at\/de\/wp-json\/wp\/v2\/pages\/142","targetHints":{"allow":["GET"]}}],"collection":[{"href":"https:\/\/mbm.at\/de\/wp-json\/wp\/v2\/pages"}],"about":[{"href":"https:\/\/mbm.at\/de\/wp-json\/wp\/v2\/types\/page"}],"author":[{"embeddable":true,"href":"https:\/\/mbm.at\/de\/wp-json\/wp\/v2\/users\/2"}],"replies":[{"embeddable":true,"href":"https:\/\/mbm.at\/de\/wp-json\/wp\/v2\/comments?post=142"}],"version-history":[{"count":4,"href":"https:\/\/mbm.at\/de\/wp-json\/wp\/v2\/pages\/142\/revisions"}],"predecessor-version":[{"id":1498,"href":"https:\/\/mbm.at\/de\/wp-json\/wp\/v2\/pages\/142\/revisions\/1498"}],"wp:attachment":[{"href":"https:\/\/mbm.at\/de\/wp-json\/wp\/v2\/media?parent=142"}],"curies":[{"name":"wp","href":"https:\/\/api.w.org\/{rel}","templated":true}]}}