{"id":132,"date":"2024-11-06T16:33:52","date_gmt":"2024-11-06T15:33:52","guid":{"rendered":"https:\/\/wp.mbm.at\/?page_id=132"},"modified":"2024-12-18T09:20:44","modified_gmt":"2024-12-18T08:20:44","slug":"sargfuss-fertigungsanlage","status":"publish","type":"page","link":"https:\/\/mbm.at\/de\/sargfuss-fertigungsanlage\/","title":{"rendered":"Sargfu\u00df-Fertigungsanlage"},"content":{"rendered":"<div class=\"wpb-content-wrapper\"><p>[vc_row][vc_column][vc_column_text css=&#8220;&#8220;]<\/p>\n<h4>\u00bb Sargfu\u00df-Fertigungsanlage<\/h4>\n<p>f\u00fcr die Sargfu\u00dfteile am Unterkasten[\/vc_column_text][\/vc_column][\/vc_row][vc_row][vc_column width=&#8220;1\/3&#8243;][vc_single_image image=&#8220;134&#8243; img_size=&#8220;500*500&#8243; alignment=&#8220;center&#8220; onclick=&#8220;custom_link&#8220; css=&#8220;&#8220; link=&#8220;https:\/\/mbm.at\/wp-content\/uploads\/2024\/11\/Sargfuss-Fertigungsanlage-1.jpg&#8220;][\/vc_column][vc_column width=&#8220;1\/3&#8243;][vc_single_image image=&#8220;136&#8243; img_size=&#8220;500*500&#8243; alignment=&#8220;center&#8220; onclick=&#8220;custom_link&#8220; css=&#8220;&#8220; link=&#8220;https:\/\/mbm.at\/wp-content\/uploads\/2024\/11\/Sargfuss-Fertigungsanlage-2.jpg&#8220;][\/vc_column][vc_column width=&#8220;1\/3&#8243;][vc_single_image image=&#8220;138&#8243; img_size=&#8220;500*500&#8243; alignment=&#8220;center&#8220; onclick=&#8220;custom_link&#8220; css=&#8220;&#8220; link=&#8220;https:\/\/mbm.at\/wp-content\/uploads\/2024\/11\/Sargfuss-Fertigungsanlage-3.jpg&#8220;][\/vc_column][\/vc_row][vc_row][vc_column][vc_tta_accordion][vc_tta_section title=&#8220;Ihr Vorteil&#8220; tab_id=&#8220;1730887698764-fdb91619-f8c5&#8243;][vc_column_text css=&#8220;&#8220;]- Direkte Kosteneinsparung durch Zeitoptimierung<br \/>\n&#8211; Universell einsetzbar f\u00fcr verschiedene Sargfu\u00df Typen<br \/>\n&#8211; Automatisches Zus\u00e4gen der Sargfu\u00dfteile<br \/>\n&#8211; Minimale R\u00fcstzeit<br \/>\n&#8211; Optimierung des Produktionsablaufes<br \/>\n&#8211; Rationelle Arbeitsweise[\/vc_column_text][\/vc_tta_section][vc_tta_section title=&#8220;Optionen&#8220; tab_id=&#8220;1730887698765-22de8620-d933&#8243;][vc_column_text css=&#8220;&#8220;]Kundenspezifische Ausf\u00fchrungen[\/vc_column_text][\/vc_tta_section][vc_tta_section title=&#8220;Technische Daten&#8220; tab_id=&#8220;1730887701607-f771e4c5-4b11&#8243;][vc_column_text css=&#8220;&#8220;]L\u00e4nge &#8211; Magazin: \u00a0 \u00a0\u00a0\u00a0\u00a0\u00a0 460 &#8211; 900 mm<br \/>\nL\u00e4nge &#8211; Sarg-Fu\u00dfteil:\u00a0\u00a0\u00a0\u00a0 80 &#8211; 200 mm<br \/>\nTeilebreite bei 90\u00b0:\u00a0\u00a0\u00a0\u00a0 \u00a0\u00a0 20\u00a0 &#8211;\u00a0\u00a0 80 mm<br \/>\nTeileh\u00f6he:\u00a0\u00a0\u00a0\u00a0\u00a0\u00a0\u00a0\u00a0\u00a0\u00a0\u00a0\u00a0\u00a0\u00a0\u00a0\u00a0\u00a0\u00a0\u00a0\u00a0\u00a0\u00a0\u00a0\u00a0\u00a0\u00a0\u00a0 \u2264\u00a0 40 mm[\/vc_column_text][\/vc_tta_section][\/vc_tta_accordion][\/vc_column][\/vc_row]<\/p>\n<\/div>","protected":false},"excerpt":{"rendered":"<p>[vc_row][vc_column][vc_column_text css=&#8220;&#8220;] \u00bb Sargfu\u00df-Fertigungsanlage f\u00fcr die Sargfu\u00dfteile am Unterkasten[\/vc_column_text][\/vc_column][\/vc_row][vc_row][vc_column width=&#8220;1\/3&#8243;][vc_single_image image=&#8220;134&#8243; img_size=&#8220;500*500&#8243; alignment=&#8220;center&#8220; onclick=&#8220;custom_link&#8220; css=&#8220;&#8220; link=&#8220;https:\/\/mbm.at\/wp-content\/uploads\/2024\/11\/Sargfuss-Fertigungsanlage-1.jpg&#8220;][\/vc_column][vc_column width=&#8220;1\/3&#8243;][vc_single_image image=&#8220;136&#8243; img_size=&#8220;500*500&#8243; alignment=&#8220;center&#8220; onclick=&#8220;custom_link&#8220; css=&#8220;&#8220; link=&#8220;https:\/\/mbm.at\/wp-content\/uploads\/2024\/11\/Sargfuss-Fertigungsanlage-2.jpg&#8220;][\/vc_column][vc_column width=&#8220;1\/3&#8243;][vc_single_image image=&#8220;138&#8243; img_size=&#8220;500*500&#8243; alignment=&#8220;center&#8220; onclick=&#8220;custom_link&#8220; css=&#8220;&#8220; link=&#8220;https:\/\/mbm.at\/wp-content\/uploads\/2024\/11\/Sargfuss-Fertigungsanlage-3.jpg&#8220;][\/vc_column][\/vc_row][vc_row][vc_column][vc_tta_accordion][vc_tta_section title=&#8220;Ihr Vorteil&#8220; tab_id=&#8220;1730887698764-fdb91619-f8c5&#8243;][vc_column_text css=&#8220;&#8220;]- Direkte Kosteneinsparung durch Zeitoptimierung &#8211; Universell einsetzbar f\u00fcr verschiedene Sargfu\u00df Typen &#8211; Automatisches Zus\u00e4gen der Sargfu\u00dfteile &#8211; Minimale R\u00fcstzeit &#8211; Optimierung [&hellip;]<\/p>\n","protected":false},"author":2,"featured_media":0,"parent":0,"menu_order":0,"comment_status":"closed","ping_status":"closed","template":"","meta":{"footnotes":""},"class_list":["post-132","page","type-page","status-publish","hentry"],"_links":{"self":[{"href":"https:\/\/mbm.at\/de\/wp-json\/wp\/v2\/pages\/132","targetHints":{"allow":["GET"]}}],"collection":[{"href":"https:\/\/mbm.at\/de\/wp-json\/wp\/v2\/pages"}],"about":[{"href":"https:\/\/mbm.at\/de\/wp-json\/wp\/v2\/types\/page"}],"author":[{"embeddable":true,"href":"https:\/\/mbm.at\/de\/wp-json\/wp\/v2\/users\/2"}],"replies":[{"embeddable":true,"href":"https:\/\/mbm.at\/de\/wp-json\/wp\/v2\/comments?post=132"}],"version-history":[{"count":5,"href":"https:\/\/mbm.at\/de\/wp-json\/wp\/v2\/pages\/132\/revisions"}],"predecessor-version":[{"id":3771,"href":"https:\/\/mbm.at\/de\/wp-json\/wp\/v2\/pages\/132\/revisions\/3771"}],"wp:attachment":[{"href":"https:\/\/mbm.at\/de\/wp-json\/wp\/v2\/media?parent=132"}],"curies":[{"name":"wp","href":"https:\/\/api.w.org\/{rel}","templated":true}]}}